{"id":2024,"date":"2024-08-05T16:28:43","date_gmt":"2024-08-05T09:28:43","guid":{"rendered":"https:\/\/the1011.com\/product\/sach-dong-y-truong-xuan-bao-dien-tai-ban-lan-thu-2\/"},"modified":"2024-08-05T16:28:44","modified_gmt":"2024-08-05T09:28:44","slug":"sach-dong-y-truong-xuan-bao-dien-tai-ban-lan-thu-2","status":"publish","type":"product","link":"https:\/\/the1011.com\/en\/product\/sach-dong-y-truong-xuan-bao-dien-tai-ban-lan-thu-2\/","title":{"rendered":"S\u00c1CH \u0110\u00d4NG Y TR\u01af\u1edcNG XU\u00c2N B\u1ea2O \u0110I\u1ec2N (T\u00c1I B\u1ea2N L\u1ea6N TH\u1ee8 2)"},"content":{"rendered":"<p class=\"preFade\" style=\"white-space: pre-wrap; transition-timing-function: ease; transition-duration: 1.5s; transition-delay: 0.206897s;\"><strong>L\u1eddi gi\u1edbi thi\u1ec7u:<\/strong><\/p>\n<p class=\"preFade\" style=\"white-space: pre-wrap; transition-timing-function: ease; transition-duration: 1.5s; transition-delay: 0.217241s;\">Quy\u1ec3n s\u00e1ch n\u1ea7y do \u0110\u00f4ng Y S\u0129 C\u1ea3nh Thi\u00ean bi\u00ean so\u1ea1n v\u00e0 ra m\u1eaft \u0111\u1ed9c gi\u1ea3 l\u1ea7n \u0111\u1ea7u ti\u00ean t\u1ea1i Hoa K\u1ef3 v\u00e0o \u0111\u1ea7u n\u0103m 2015. Ch\u1ec9 trong v\u00f2ng 6 th\u00e1ng, s\u1ed1 l\u01b0\u1ee3ng s\u00e1ch b\u00e1n ra 4,473 quy\u1ec3n. \u0110\u1ed1i v\u1edbi \u1ea5n ph\u1ea9m ti\u1ebfng Vi\u1ec7t, \u0111\u00e2y l\u00e0 m\u1ed9t trong nh\u1eefng quy\u1ec3n s\u00e1ch \u0110\u00f4ng Y H\u1ecdc c\u00f3 m\u1ee9c b\u00e1n k\u1ef7 l\u1ee5c.<\/p>\n<p class=\"preFade\" style=\"white-space: pre-wrap; transition-timing-function: ease; transition-duration: 1.5s; transition-delay: 0.227586s;\">S\u00e1ch d\u00e0y 1,460 trang, in tr\u00ean gi\u1ea5y l\u00e1ng, \u0111\u00f3ng b\u00eca c\u1ee9ng, m\u1ea1 v\u00e0ng v\u1edbi h\u01a1n 500 \u1ea3nh m\u00e0u r\u1ea5t \u0111\u1eb9p. S\u00e1ch g\u1ed3m hai T\u1eadp:<\/p>\n<p class=\"preFade\" style=\"white-space: pre-wrap; transition-timing-function: ease; transition-duration: 1.5s; transition-delay: 0.237931s;\">-T\u1eadp I: Thu\u1eadt b\u1ea3o d\u01b0\u1ee1ng s\u1eafc \u0111\u1eb9p, g\u1ed3m 746 trang, h\u01b0\u1edbng d\u1eabn h\u01a1n 650 b\u00ed quy\u1ebft b\u1ea3o v\u1ec7 v\u00e0 duy tr\u00ec nhan s\u1eafc ph\u1ee5 n\u1eef theo c\u1ea3 hai tr\u01b0\u1eddng ph\u00e1i T\u00e2y ph\u01b0\u01a1ng v\u00e0 \u0110\u00f4ng Ph\u01b0\u01a1ng.<\/p>\n<p class=\"preFade\" style=\"white-space: pre-wrap; transition-timing-function: ease; transition-duration: 1.5s; transition-delay: 0.248276s;\">-T\u1eadp II: Thu\u1eadt b\u1ea3o d\u01b0\u1ee1ng tu\u1ed5i th\u1ecd, g\u1ed3m 714 trang, h\u01b0\u1edbng d\u1eabn h\u01a1n 620 b\u00ed ph\u00e1p b\u1ea3o v\u1ec7 s\u1ee9c kh\u1ecfe, n\u00e2ng cao tu\u1ed5i th\u1ecd b\u1eb1ng d\u01b0\u1ee3c th\u1ea3o, th\u1ef1c ph\u1ea9m dinh d\u01b0\u1ee1ng v\u00e0 r\u00e8n luy\u1ec7n kh\u00ed c\u00f4ng.<\/p>\n<p class=\"preFade\" style=\"white-space: pre-wrap; transition-timing-function: ease; transition-duration: 1.5s; transition-delay: 0.258621s;\">S\u00e1ch \u201cTr\u01b0\u1eddng Xu\u00e2n B\u1ea3o \u0110i\u1ec3n\u201d \u0111\u01b0\u1ee3c \u0111\u00e1nh gi\u00e1 l\u00e0 quy\u1ec3n B\u00e1ch Khoa To\u00e0n Th\u01b0 v\u1ec1 thu\u1eadt m\u1ef9 dung, v\u00f4 c\u00f9ng h\u1eefu \u00edch, khoa h\u1ecdc, l\u00e0 kim ch\u1ec9 nam cho t\u1ea5t c\u1ea3 m\u1ecdi ng\u01b0\u1eddi, m\u1ecdi l\u1ee9a tu\u1ed5i, m\u1ecdi ph\u00e1i t\u00ednh mu\u1ed1n \u0111\u1eb9p, mu\u1ed1n kh\u1ecfe v\u00e0 s\u1ed1ng tr\u01b0\u1eddng th\u1ecd.<\/p>\n<p class=\"preFade\" style=\"white-space: pre-wrap; transition-timing-function: ease; transition-duration: 1.5s; transition-delay: 0.268966s;\">Mu\u1ed1n bi\u1ebft th\u00eam tin t\u1ee9c hay order s\u00e1ch, vui l\u00f2ng li\u00ean l\u1ea1c t\u00e1c gi\u1ea3 qua \u0111i\u1ec7n th\u01b0 (email): canhthienherb@gmail.com ho\u1eb7c canhthien1940@gmail.com<\/p>","protected":false},"excerpt":{"rendered":"<p>L\u1eddi gi\u1edbi thi\u1ec7u: Quy\u1ec3n s\u00e1ch n\u1ea7y do \u0110\u00f4ng Y S\u0129 C\u1ea3nh Thi\u00ean bi\u00ean so\u1ea1n v\u00e0 ra m\u1eaft \u0111\u1ed9c gi\u1ea3 l\u1ea7n \u0111\u1ea7u ti\u00ean t\u1ea1i Hoa K\u1ef3 v\u00e0o \u0111\u1ea7u n\u0103m 2015. Ch\u1ec9 trong v\u00f2ng 6 th\u00e1ng, s\u1ed1 l\u01b0\u1ee3ng s\u00e1ch b\u00e1n ra 4,473 quy\u1ec3n. \u0110\u1ed1i v\u1edbi \u1ea5n ph\u1ea9m ti\u1ebfng Vi\u1ec7t, \u0111\u00e2y l\u00e0 m\u1ed9t trong nh\u1eefng quy\u1ec3n s\u00e1ch \u0110\u00f4ng<\/p>","protected":false},"featured_media":1871,"comment_status":"closed","ping_status":"open","template":"","meta":[],"_links":{"self":[{"href":"https:\/\/the1011.com\/en\/wp-json\/wp\/v2\/product\/2024"}],"collection":[{"href":"https:\/\/the1011.com\/en\/wp-json\/wp\/v2\/product"}],"about":[{"href":"https:\/\/the1011.com\/en\/wp-json\/wp\/v2\/types\/product"}],"replies":[{"embeddable":true,"href":"https:\/\/the1011.com\/en\/wp-json\/wp\/v2\/comments?post=2024"}],"wp:featuredmedia":[{"embeddable":true,"href":"https:\/\/the1011.com\/en\/wp-json\/wp\/v2\/media\/1871"}],"wp:attachment":[{"href":"https:\/\/the1011.com\/en\/wp-json\/wp\/v2\/media?parent=2024"}],"curies":[{"name":"wp","href":"https:\/\/api.w.org\/{rel}","templated":true}]}}