{"id":2023,"date":"2024-08-05T16:28:43","date_gmt":"2024-08-05T09:28:43","guid":{"rendered":"https:\/\/the1011.com\/product\/sach-dong-y-duoc-thao-luan-tri-tai-ban-lan-4\/"},"modified":"2024-08-05T16:28:43","modified_gmt":"2024-08-05T09:28:43","slug":"sach-dong-y-duoc-thao-luan-tri-tai-ban-lan-4","status":"publish","type":"product","link":"https:\/\/the1011.com\/en\/product\/sach-dong-y-duoc-thao-luan-tri-tai-ban-lan-4\/","title":{"rendered":"S\u00c1CH \u0110\u00d4NG Y D\u01af\u1ee2C TH\u1ea2O LU\u1eacN TR\u1eca (T\u00c1I B\u1ea2N L\u1ea6N 4)"},"content":{"rendered":"<p class=\"preFade\" style=\"white-space: pre-wrap; transition-timing-function: ease; transition-duration: 1.5s; transition-delay: 0.244898s;\">Quy\u1ec3n s\u00e1ch n\u1ea7y do \u0110\u00f4ng Y S\u0129 C\u1ea3nh Thi\u00ean bi\u00ean so\u1ea1n, \u0111\u01b0\u1ee3c nhi\u1ec1u \u0111\u1ed3ng nghi\u1ec7p y h\u1ecdc c\u1ed5 truy\u1ec1n \u0110\u00f4ng Ph\u01b0\u01a1ng (Vi\u1ec7t Nam, Trung Hoa) \u0111\u00e1nh gi\u00e1 l\u00e0 b\u1ed9 B\u00e1ch Khoa To\u00e0n Th\u01b0 B\u1ec7nh H\u1ecdc \u0110\u00f4ng Y, c\u00f3 gi\u00e1 tr\u1ecb cao v\u1ec1 c\u1ea3 hai l\u00e3nh v\u1ef1c gi\u00e1o khoa v\u00e0 l\u00e2m s\u00e0ng h\u1ecdc.<\/p>\n<p class=\"preFade\" style=\"white-space: pre-wrap; transition-timing-function: ease; transition-duration: 1.5s; transition-delay: 0.257143s;\">S\u00e1ch d\u00e0y 1,480 trang, in \u1ea5n \u0111\u1eb9p, h\u01b0\u1edbng d\u1eabn ph\u01b0\u01a1ng ph\u00e1p t\u1ef1 ch\u1ea9n \u0111o\u00e1n b\u1ec7nh ch\u1ee9ng theo ki\u1ebfn th\u1ee9c Y h\u1ecdc hi\u1ec7n \u0111\u1ea1i v\u00e0 tr\u1ecb b\u1ec7nh theo y thu\u1eadt c\u1ed5 truy\u1ec1n. S\u00e1ch s\u01b0u t\u1eadp tr\u00ean 2,000 b\u00e0i thu\u1ed1c \u0110\u00f4ng y c\u00f3 gi\u00e1 tr\u1ecb qua c\u00e1c th\u1eddi \u0111\u1ea1i, t\u1eeb d\u01b0\u1ee3c th\u1ea3o thi\u00ean nhi\u00ean, th\u1ef1c ph\u1ea9m ch\u1ee9c n\u0103ng, dinh d\u01b0\u1ee1ng, \u0111\u1ebfn n\u01b0\u1edbc \u00e9p rau qu\u1ea3 t\u01b0\u01a1i thay th\u1ebf d\u01b0\u1ee3c li\u1ec7u \u0111\u1ec3 duy tr\u00ec v\u00e0 n\u00e2ng cao s\u1ee9c kh\u1ecfe.<\/p>\n<p class=\"preFade\" style=\"white-space: pre-wrap; transition-timing-function: ease; transition-duration: 1.5s; transition-delay: 0.269388s;\">S\u00e1ch \u0111\u01b0\u1ee3c t\u00e1i b\u1ea3n \u0111\u1ebfn l\u1ea7n th\u1ee9 ba v\u1eabn t\u0103ng t\u1ed1c nh\u1ecbp \u0111\u1ed9 ti\u00eau th\u1ee5 kh\u00e1 cao v\u00e0 \u0111\u01b0\u1ee3c coi l\u00e0 m\u1ed9t trong nh\u1eefng quy\u1ec3n s\u00e1ch \u0110\u00f4ng Y h\u1ecdc b\u00e1n ch\u1ea1y nh\u1ea5t trong v\u00f2ng 60 n\u0103m qua.<\/p>\n<p class=\"preFade\" style=\"white-space: pre-wrap; transition-timing-function: ease; transition-duration: 1.5s; transition-delay: 0.281633s;\">Qu\u00fd v\u1ecb mu\u1ed1n bi\u1ebft th\u00eam chi ti\u1ebft hay mua s\u00e1ch, xin vui l\u00f2ng li\u00ean l\u1ea1c v\u1edbi t\u00e1c gi\u1ea3 qua Email: canhthienherb@gmail.com ho\u1eb7c canhthien1940@gmail.com<\/p>","protected":false},"excerpt":{"rendered":"<p>Quy\u1ec3n s\u00e1ch n\u1ea7y do \u0110\u00f4ng Y S\u0129 C\u1ea3nh Thi\u00ean bi\u00ean so\u1ea1n, \u0111\u01b0\u1ee3c nhi\u1ec1u \u0111\u1ed3ng nghi\u1ec7p y h\u1ecdc c\u1ed5 truy\u1ec1n \u0110\u00f4ng Ph\u01b0\u01a1ng (Vi\u1ec7t Nam, Trung Hoa) \u0111\u00e1nh gi\u00e1 l\u00e0 b\u1ed9 B\u00e1ch Khoa To\u00e0n Th\u01b0 B\u1ec7nh H\u1ecdc \u0110\u00f4ng Y, c\u00f3 gi\u00e1 tr\u1ecb cao v\u1ec1 c\u1ea3 hai l\u00e3nh v\u1ef1c gi\u00e1o khoa v\u00e0 l\u00e2m s\u00e0ng h\u1ecdc. S\u00e1ch d\u00e0y 1,480<\/p>","protected":false},"featured_media":1872,"comment_status":"closed","ping_status":"open","template":"","meta":[],"_links":{"self":[{"href":"https:\/\/the1011.com\/en\/wp-json\/wp\/v2\/product\/2023"}],"collection":[{"href":"https:\/\/the1011.com\/en\/wp-json\/wp\/v2\/product"}],"about":[{"href":"https:\/\/the1011.com\/en\/wp-json\/wp\/v2\/types\/product"}],"replies":[{"embeddable":true,"href":"https:\/\/the1011.com\/en\/wp-json\/wp\/v2\/comments?post=2023"}],"wp:featuredmedia":[{"embeddable":true,"href":"https:\/\/the1011.com\/en\/wp-json\/wp\/v2\/media\/1872"}],"wp:attachment":[{"href":"https:\/\/the1011.com\/en\/wp-json\/wp\/v2\/media?parent=2023"}],"curies":[{"name":"wp","href":"https:\/\/api.w.org\/{rel}","templated":true}]}}