{"id":2022,"date":"2024-08-05T16:28:43","date_gmt":"2024-08-05T09:28:43","guid":{"rendered":"https:\/\/the1011.com\/product\/tra-tay-doc-gan-liver-detox-herbal-tea\/"},"modified":"2024-08-05T16:28:43","modified_gmt":"2024-08-05T09:28:43","slug":"tra-tay-doc-gan-liver-detox-herbal-tea","status":"publish","type":"product","link":"https:\/\/the1011.com\/en\/product\/tra-tay-doc-gan-liver-detox-herbal-tea\/","title":{"rendered":"TR\u00c0 T\u1ea8Y \u0110\u1ed8C GAN (LIVER DETOX HERBAL TEA)"},"content":{"rendered":"<p class=\"preFade\" style=\"transition-timing-function: ease; transition-duration: 1.5s; transition-delay: 0.210526s;\"><strong>T\u00e1c d\u1ee5ng:<\/strong>&nbsp;M\u00e1t gan, l\u1ecdc m\u00e1u, t\u1ea9y \u0111\u1ed9c c\u01a1 th\u1ec3. Tr\u1eeb&nbsp;&nbsp;ng\u1ee9a da, vi\u00eam da, nh\u1ecdt, m\u1ec1 \u0111ay, ch\u00e0m, v\u1ea3y n\u1ebfn \u2026 Gi\u00fap gan kh\u1ecfe m\u1ea1nh, da s\u00e1ng m\u1ecbn, \u0111\u1eb9p.<\/p>\n<p class=\"preFade\" style=\"transition-timing-function: ease; transition-duration: 1.5s; transition-delay: 0.221053s;\"><strong>Th\u00e0nh ph\u1ea7n:&nbsp;<\/strong>B\u1ea1ch hoa x\u00e0 thi\u1ec7t th\u1ea3o, B\u00e1n chi li\u00ean, Th\u1ed5 ph\u1ee5c linh, B\u1ed3 c\u00f4ng anh, Di\u1ec7p h\u1ea1 ch\u00e2u, H\u1ed3ng Linh chi th\u1ea3o, Kim ng\u00e2n hoa, Cam th\u1ea3o\u2026<\/p>\n<p class=\"preFade\" style=\"transition-timing-function: ease; transition-duration: 1.5s; transition-delay: 0.231579s;\"><strong>C\u00e1ch d\u00f9ng:<em>&nbsp;<\/em><\/strong>Ng\u00e2m 1-2 t\u00fai tr\u00e0 T\u1ea9y \u0111\u1ed9c gan v\u1edbi 1-2 l\u00edt (32-64 ounces) n\u01b0\u1edbc \u0111un s\u00f4i kho\u1ea3ng 10-15 ph\u00fat. Chia u\u1ed1ng nhi\u1ec1u l\u1ea7n thay n\u01b0\u1edbc l\u1ecdc.<\/p>\n<p class=\"preFade\" style=\"transition-timing-function: ease; transition-duration: 1.5s; transition-delay: 0.242105s;\"><strong>Ki\u00eang c\u1eef:&nbsp;<\/strong>Th\u1ef1c ph\u1ea9m v\u00e0 n\u01b0\u1edbc u\u1ed1ng d\u01a1 b\u1ea9n, ch\u1ee9a h\u00f3a ch\u1ea5t \u0111\u1ed9c h\u1ea1i ho\u1eb7c d\u1ec5 g\u00e2y d\u1ecb \u1ee9ng.<\/p>","protected":false},"excerpt":{"rendered":"<p>T\u00e1c d\u1ee5ng:&nbsp;M\u00e1t gan, l\u1ecdc m\u00e1u, t\u1ea9y \u0111\u1ed9c c\u01a1 th\u1ec3. Tr\u1eeb&nbsp;&nbsp;ng\u1ee9a da, vi\u00eam da, nh\u1ecdt, m\u1ec1 \u0111ay, ch\u00e0m, v\u1ea3y n\u1ebfn \u2026 Gi\u00fap gan kh\u1ecfe m\u1ea1nh, da s\u00e1ng m\u1ecbn, \u0111\u1eb9p. Th\u00e0nh ph\u1ea7n:&nbsp;B\u1ea1ch hoa x\u00e0 thi\u1ec7t th\u1ea3o, B\u00e1n chi li\u00ean, Th\u1ed5 ph\u1ee5c linh, B\u1ed3 c\u00f4ng anh, Di\u1ec7p h\u1ea1 ch\u00e2u, H\u1ed3ng Linh chi th\u1ea3o, Kim ng\u00e2n hoa, Cam th\u1ea3o\u2026<\/p>","protected":false},"featured_media":1874,"comment_status":"closed","ping_status":"open","template":"","meta":[],"_links":{"self":[{"href":"https:\/\/the1011.com\/en\/wp-json\/wp\/v2\/product\/2022"}],"collection":[{"href":"https:\/\/the1011.com\/en\/wp-json\/wp\/v2\/product"}],"about":[{"href":"https:\/\/the1011.com\/en\/wp-json\/wp\/v2\/types\/product"}],"replies":[{"embeddable":true,"href":"https:\/\/the1011.com\/en\/wp-json\/wp\/v2\/comments?post=2022"}],"wp:featuredmedia":[{"embeddable":true,"href":"https:\/\/the1011.com\/en\/wp-json\/wp\/v2\/media\/1874"}],"wp:attachment":[{"href":"https:\/\/the1011.com\/en\/wp-json\/wp\/v2\/media?parent=2022"}],"curies":[{"name":"wp","href":"https:\/\/api.w.org\/{rel}","templated":true}]}}