{"id":2021,"date":"2024-08-05T16:28:43","date_gmt":"2024-08-05T09:28:43","guid":{"rendered":"https:\/\/the1011.com\/product\/tra-tang-cuong-mien-dich-immunodeficiency-asthenia-tea\/"},"modified":"2024-08-05T16:28:43","modified_gmt":"2024-08-05T09:28:43","slug":"tra-tang-cuong-mien-dich-immunodeficiency-asthenia-tea","status":"publish","type":"product","link":"https:\/\/the1011.com\/en\/product\/tra-tang-cuong-mien-dich-immunodeficiency-asthenia-tea\/","title":{"rendered":"TR\u00c0 T\u0102NG C\u01af\u1edcNG MI\u1ec4N D\u1ecaCH (IMMUNODEFICIENCY &#8211; ASTHENIA TEA)"},"content":{"rendered":"<p class=\"preFade\" style=\"transition-timing-function: ease; transition-duration: 1.5s; transition-delay: 0.210526s;\"><strong>T\u00e1c d\u1ee5ng:<\/strong><span>&nbsp;<\/span>N\u00e2ng cao h\u1ec7 mi\u1ec5n d\u1ecbch, gia t\u0103ng s\u1ee9c \u0111\u1ec1 kh\u00e1ng c\u01a1 th\u1ec3. Gi\u00fap ch\u1ed1ng nhi\u1ec5m tr\u00f9ng, d\u1ec5 m\u1eafc b\u1ec7nh, nh\u01b0\u1ee3c s\u1ee9c, ph\u00e1t sinh u b\u01b0\u1edbu. C\u1ea3i thi\u1ec7n v\u00e0 ph\u1ee5c h\u1ed3i s\u1ee9c kh\u1ecfe.<\/p>\n<p class=\"preFade\" style=\"transition-timing-function: ease; transition-duration: 1.5s; transition-delay: 0.221053s;\"><strong>Th\u00e0nh ph\u1ea7n:<\/strong><span>&nbsp;<\/span>\u0110\u1ea3ng s\u00e2m, B\u1ea1ch tru\u1eadt, Ph\u1ee5c linh, Cam th\u1ea3o, Th\u1ee5c \u0111\u1ecba, \u0110\u01b0\u01a1ng qui, M\u1ea1ch m\u00f4n, C\u00e2u k\u1ef7 t\u1eed\u2026<\/p>\n<p class=\"preFade\" style=\"transition-timing-function: ease; transition-duration: 1.5s; transition-delay: 0.231579s;\"><strong>C\u00e1ch d\u00f9ng:<\/strong><span>&nbsp;<\/span>Ng\u00e2m 1-2 t\u00fai tr\u00e0 d\u01b0\u1ee3c th\u1ea3o v\u1edbi 1-2 l\u00edt (32-64 ounces) n\u01b0\u1edbc \u0111un s\u00f4i kho\u1ea3ng 10-15 ph\u00fat. Chia u\u1ed1ng nhi\u1ec1u l\u1ea7n thay n\u01b0\u1edbc l\u1ecdc.<\/p>\n<p class=\"preFade\" style=\"transition-timing-function: ease; transition-duration: 1.5s; transition-delay: 0.242105s;\"><strong>Ki\u00eang c\u1eef:<\/strong><span>&nbsp;<\/span>Tinh b\u1ed9t (c\u01a1m g\u1ea1o tr\u1eafng, b\u00e1nh m\u00ec\u2026), th\u1ecbt b\u00f2, b\u1eafp\/ng\u00f4, \u0111\u01b0\u1eddng m\u00eda v\u00e0 c\u00e1c s\u1ea3n ph\u1ea9m c\u00f3 \u0111\u01b0\u1eddng, n\u01b0\u1edbc ng\u1ecdt, tr\u00e1i c\u00e2y ch\u00edn ng\u1ecdt (m\u00edt, nh\u00e3n\u2026).<\/p>","protected":false},"excerpt":{"rendered":"<p>T\u00e1c d\u1ee5ng:&nbsp;N\u00e2ng cao h\u1ec7 mi\u1ec5n d\u1ecbch, gia t\u0103ng s\u1ee9c \u0111\u1ec1 kh\u00e1ng c\u01a1 th\u1ec3. Gi\u00fap ch\u1ed1ng nhi\u1ec5m tr\u00f9ng, d\u1ec5 m\u1eafc b\u1ec7nh, nh\u01b0\u1ee3c s\u1ee9c, ph\u00e1t sinh u b\u01b0\u1edbu. C\u1ea3i thi\u1ec7n v\u00e0 ph\u1ee5c h\u1ed3i s\u1ee9c kh\u1ecfe. Th\u00e0nh ph\u1ea7n:&nbsp;\u0110\u1ea3ng s\u00e2m, B\u1ea1ch tru\u1eadt, Ph\u1ee5c linh, Cam th\u1ea3o, Th\u1ee5c \u0111\u1ecba, \u0110\u01b0\u01a1ng qui, M\u1ea1ch m\u00f4n, C\u00e2u k\u1ef7 t\u1eed\u2026 C\u00e1ch d\u00f9ng:&nbsp;Ng\u00e2m 1-2 t\u00fai<\/p>","protected":false},"featured_media":1873,"comment_status":"closed","ping_status":"open","template":"","meta":[],"_links":{"self":[{"href":"https:\/\/the1011.com\/en\/wp-json\/wp\/v2\/product\/2021"}],"collection":[{"href":"https:\/\/the1011.com\/en\/wp-json\/wp\/v2\/product"}],"about":[{"href":"https:\/\/the1011.com\/en\/wp-json\/wp\/v2\/types\/product"}],"replies":[{"embeddable":true,"href":"https:\/\/the1011.com\/en\/wp-json\/wp\/v2\/comments?post=2021"}],"wp:featuredmedia":[{"embeddable":true,"href":"https:\/\/the1011.com\/en\/wp-json\/wp\/v2\/media\/1873"}],"wp:attachment":[{"href":"https:\/\/the1011.com\/en\/wp-json\/wp\/v2\/media?parent=2021"}],"curies":[{"name":"wp","href":"https:\/\/api.w.org\/{rel}","templated":true}]}}