{"id":2020,"date":"2024-08-05T16:28:43","date_gmt":"2024-08-05T09:28:43","guid":{"rendered":"https:\/\/the1011.com\/product\/tra-tieu-duong-diabetis-herbal-tea\/"},"modified":"2024-08-05T16:28:43","modified_gmt":"2024-08-05T09:28:43","slug":"tra-tieu-duong-diabetis-herbal-tea","status":"publish","type":"product","link":"https:\/\/the1011.com\/en\/product\/tra-tieu-duong-diabetis-herbal-tea\/","title":{"rendered":"TR\u00c0 TI\u1ec2U \u0110\u01af\u1edcNG (DIABETIS HERBAL TEA)"},"content":{"rendered":"<p class=\"preFade\" style=\"transition-timing-function: ease; transition-duration: 1.5s; transition-delay: 0.235294s;\"><strong>T\u00e1c d\u1ee5ng:<\/strong>&nbsp;C\u1ea3i thi\u1ec7n ch\u1ee9c n\u0103ng t\u1ee5y t\u1ea1ng, th\u00fac \u0111\u1ea9y s\u1ea3n xu\u1ea5t insulin, c\u00e2n b\u1eb1ng \u0111\u01b0\u1eddng huy\u1ebft, n\u00e2ng cao s\u1ee9c kh\u1ecfe.<\/p>\n<p class=\"preFade\" style=\"transition-timing-function: ease; transition-duration: 1.5s; transition-delay: 0.247059s;\"><strong>Th\u00e0nh ph\u1ea7n:<\/strong>&nbsp;H\u1ea1t Fenugreek, h\u1ea1t Chia, Kh\u1ed5 qua, T\u1ef3 b\u00e0 di\u1ec7p, H\u00e0 di\u1ec7p, Nh\u1ee5c qu\u1ebf, Th\u01b0\u01a1ng tru\u1eadt, B\u1ea1ch bi\u1ec3n \u0111\u1eadu \u2026<br \/><strong>C\u00e1ch d\u00f9ng:&nbsp;<\/strong>Ng\u00e2m 1-2 t\u00fai tr\u00e0 d\u01b0\u1ee3c th\u1ea3o v\u1edbi 1-2 l\u00edt (32-64 ounces) n\u01b0\u1edbc \u0111un s\u00f4i kho\u1ea3ng 10-15 ph\u00fat. Chia u\u1ed1ng nhi\u1ec1u l\u1ea7n thay n\u01b0\u1edbc l\u1ecdc.<br \/><strong>Ki\u00eang c\u1eef:<\/strong>&nbsp;Tinh b\u1ed9t (c\u01a1m g\u1ea1o tr\u1eafng, b\u00e1nh m\u00ec\u2026), th\u1ecbt b\u00f2, b\u1eafp\/ng\u00f4, \u0111\u01b0\u1eddng m\u00eda v\u00e0 c\u00e1c s\u1ea3n ph\u1ea9m c\u00f3 \u0111\u01b0\u1eddng, n\u01b0\u1edbc ng\u1ecdt, tr\u00e1i c\u00e2y ch\u00edn ng\u1ecdt (m\u00edt, nh\u00e3n\u2026).<\/p>","protected":false},"excerpt":{"rendered":"<p>T\u00e1c d\u1ee5ng:&nbsp;C\u1ea3i thi\u1ec7n ch\u1ee9c n\u0103ng t\u1ee5y t\u1ea1ng, th\u00fac \u0111\u1ea9y s\u1ea3n xu\u1ea5t insulin, c\u00e2n b\u1eb1ng \u0111\u01b0\u1eddng huy\u1ebft, n\u00e2ng cao s\u1ee9c kh\u1ecfe. Th\u00e0nh ph\u1ea7n:&nbsp;H\u1ea1t Fenugreek, h\u1ea1t Chia, Kh\u1ed5 qua, T\u1ef3 b\u00e0 di\u1ec7p, H\u00e0 di\u1ec7p, Nh\u1ee5c qu\u1ebf, Th\u01b0\u01a1ng tru\u1eadt, B\u1ea1ch bi\u1ec3n \u0111\u1eadu \u2026C\u00e1ch d\u00f9ng:&nbsp;Ng\u00e2m 1-2 t\u00fai tr\u00e0 d\u01b0\u1ee3c th\u1ea3o v\u1edbi 1-2 l\u00edt (32-64 ounces) n\u01b0\u1edbc \u0111un s\u00f4i kho\u1ea3ng<\/p>","protected":false},"featured_media":1879,"comment_status":"closed","ping_status":"open","template":"","meta":[],"_links":{"self":[{"href":"https:\/\/the1011.com\/en\/wp-json\/wp\/v2\/product\/2020"}],"collection":[{"href":"https:\/\/the1011.com\/en\/wp-json\/wp\/v2\/product"}],"about":[{"href":"https:\/\/the1011.com\/en\/wp-json\/wp\/v2\/types\/product"}],"replies":[{"embeddable":true,"href":"https:\/\/the1011.com\/en\/wp-json\/wp\/v2\/comments?post=2020"}],"wp:featuredmedia":[{"embeddable":true,"href":"https:\/\/the1011.com\/en\/wp-json\/wp\/v2\/media\/1879"}],"wp:attachment":[{"href":"https:\/\/the1011.com\/en\/wp-json\/wp\/v2\/media?parent=2020"}],"curies":[{"name":"wp","href":"https:\/\/api.w.org\/{rel}","templated":true}]}}