{"id":2019,"date":"2024-08-05T16:28:43","date_gmt":"2024-08-05T09:28:43","guid":{"rendered":"https:\/\/the1011.com\/product\/tra-tieu-thuc-gastric-indigestion-herbal-tea\/"},"modified":"2024-08-05T16:28:43","modified_gmt":"2024-08-05T09:28:43","slug":"tra-tieu-thuc-gastric-indigestion-herbal-tea","status":"publish","type":"product","link":"https:\/\/the1011.com\/en\/product\/tra-tieu-thuc-gastric-indigestion-herbal-tea\/","title":{"rendered":"TR\u00c0 TI\u00caU TH\u1ef0C (GASTRIC INDIGESTION HERBAL TEA)"},"content":{"rendered":"<p class=\"preFade\" style=\"transition-timing-function: ease; transition-duration: 1.5s; transition-delay: 0.210526s;\"><strong>T\u00e1c d\u1ee5ng:<\/strong>&nbsp;C\u1ea3i thi\u1ec7n h\u1ec7 ti\u00eau h\u00f3a, m\u1ea1nh d\u1ea1 d\u00e0y.&nbsp; Tr\u1eeb ch\u1ee9ng \u0103n ch\u1eadm ti\u00eau, \u1ee3 h\u01a1i, \u1ee3 chua, tr\u00e0o ng\u01b0\u1ee3c, \u0111au b\u1ee5ng, tr\u01b0\u1edbng b\u1ee5ng, ti\u00eau ph\u00e2n l\u1ecfng\u2026<\/p>\n<p class=\"preFade\" style=\"transition-timing-function: ease; transition-duration: 1.5s; transition-delay: 0.221053s;\"><strong>Th\u00e0nh ph\u1ea7n:<\/strong>&nbsp;\u0110\u1ea3ng s\u00e2m, Th\u01b0\u01a1ng tru\u1eadt, H\u1eadu ph\u00e1c, Ch\u1ebf B\u00e1n h\u1ea1, Tr\u1ea7n b\u00ec, Cam th\u1ea3o, S\u01a1n tra, M\u1ea1ch nha, Th\u1ea7n kh\u00fac, Sa nh\u00e2n\u2026<\/p>\n<p class=\"preFade\" style=\"transition-timing-function: ease; transition-duration: 1.5s; transition-delay: 0.231579s;\"><strong>C\u00e1ch d\u00f9ng:<\/strong>&nbsp;Ng\u00e2m 1-2 t\u00fai tr\u00e0 d\u01b0\u1ee3c th\u1ea3o v\u1edbi 1-2 l\u00edt (32-64 ounces) n\u01b0\u1edbc \u0111un s\u00f4i kho\u1ea3ng 10-15 ph\u00fat. Chia u\u1ed1ng nhi\u1ec1u l\u1ea7n thay n\u01b0\u1edbc l\u1ecdc.<\/p>\n<p class=\"preFade\" style=\"transition-timing-function: ease; transition-duration: 1.5s; transition-delay: 0.242105s;\"><strong>Ki\u00eang c\u1eef:<\/strong>&nbsp;Th\u1ee9c \u0103n s\u1ed1ng, l\u1ea1nh, nhi\u1ec1u d\u1ea7u m\u1ee1. B\u1eefa c\u01a1m chi\u1ec1u tr\u00e1nh \u0103n qu\u00e1 no ho\u1eb7c qu\u00e1 mu\u1ed9n (sau 08.00pm).<\/p>","protected":false},"excerpt":{"rendered":"<p>T\u00e1c d\u1ee5ng:&nbsp;C\u1ea3i thi\u1ec7n h\u1ec7 ti\u00eau h\u00f3a, m\u1ea1nh d\u1ea1 d\u00e0y.&nbsp; Tr\u1eeb ch\u1ee9ng \u0103n ch\u1eadm ti\u00eau, \u1ee3 h\u01a1i, \u1ee3 chua, tr\u00e0o ng\u01b0\u1ee3c, \u0111au b\u1ee5ng, tr\u01b0\u1edbng b\u1ee5ng, ti\u00eau ph\u00e2n l\u1ecfng\u2026 Th\u00e0nh ph\u1ea7n:&nbsp;\u0110\u1ea3ng s\u00e2m, Th\u01b0\u01a1ng tru\u1eadt, H\u1eadu ph\u00e1c, Ch\u1ebf B\u00e1n h\u1ea1, Tr\u1ea7n b\u00ec, Cam th\u1ea3o, S\u01a1n tra, M\u1ea1ch nha, Th\u1ea7n kh\u00fac, Sa nh\u00e2n\u2026 C\u00e1ch d\u00f9ng:&nbsp;Ng\u00e2m 1-2 t\u00fai tr\u00e0 d\u01b0\u1ee3c<\/p>","protected":false},"featured_media":1878,"comment_status":"closed","ping_status":"open","template":"","meta":[],"_links":{"self":[{"href":"https:\/\/the1011.com\/en\/wp-json\/wp\/v2\/product\/2019"}],"collection":[{"href":"https:\/\/the1011.com\/en\/wp-json\/wp\/v2\/product"}],"about":[{"href":"https:\/\/the1011.com\/en\/wp-json\/wp\/v2\/types\/product"}],"replies":[{"embeddable":true,"href":"https:\/\/the1011.com\/en\/wp-json\/wp\/v2\/comments?post=2019"}],"wp:featuredmedia":[{"embeddable":true,"href":"https:\/\/the1011.com\/en\/wp-json\/wp\/v2\/media\/1878"}],"wp:attachment":[{"href":"https:\/\/the1011.com\/en\/wp-json\/wp\/v2\/media?parent=2019"}],"curies":[{"name":"wp","href":"https:\/\/api.w.org\/{rel}","templated":true}]}}