{"id":2018,"date":"2024-08-05T16:28:40","date_gmt":"2024-08-05T09:28:40","guid":{"rendered":"https:\/\/the1011.com\/product\/tra-nhuan-truong-constipation-herbal-tea\/"},"modified":"2024-08-05T16:28:42","modified_gmt":"2024-08-05T09:28:42","slug":"tra-nhuan-truong-constipation-herbal-tea","status":"publish","type":"product","link":"https:\/\/the1011.com\/en\/product\/tra-nhuan-truong-constipation-herbal-tea\/","title":{"rendered":"TR\u00c0 NHU\u1eacN TR\u01af\u1edcNG (CONSTIPATION HERBAL TEA)"},"content":{"rendered":"<p class=\"preFade\" style=\"transition-timing-function: ease; transition-duration: 1.5s; transition-delay: 0.210526s;\"><strong>T\u00e1c d\u1ee5ng:<\/strong>&nbsp;Tr\u1eeb ch\u1ee9ng ph\u00e2n kh\u00f4 c\u1ee9ng, t\u00e1o b\u00f3n kinh ni\u00ean. Th\u00fac \u0111\u1ea9y nhu \u0111\u1ed9ng ru\u1ed9t gi\u00e0 ho\u1ea1t \u0111\u1ed9ng m\u1ea1nh m\u1ebd, l\u00e0m ph\u00e2n m\u1ec1m, \u0111i ti\u00eau d\u1ec5 d\u00e0ng, kh\u00f4ng g\u00e2y \u0111au b\u1ee5ng.<\/p>\n<p class=\"preFade\" style=\"transition-timing-function: ease; transition-duration: 1.5s; transition-delay: 0.221053s;\"><strong>Th\u00e0nh ph\u1ea7n:<\/strong>&nbsp;Th\u1ea3o quy\u1ebft minh, H\u00e0 th\u1ee7 \u00f4, Ch\u1ec9 th\u1ef1c, Aloe-vera, Phan t\u1ea3 di\u1ec7p, \u0110\u1ea1i ho\u00e0ng, Nh\u1ee5c thung dung\u2026<\/p>\n<p class=\"preFade\" style=\"transition-timing-function: ease; transition-duration: 1.5s; transition-delay: 0.231579s;\"><strong>C\u00e1ch d\u00f9ng:<\/strong>&nbsp;Ng\u00e2m 1-2 t\u00fai tr\u00e0 Nhu\u1eadn Tr\u01b0\u1eddng v\u1edbi 1-2 l\u00edt (32-64 ounces) n\u01b0\u1edbc \u0111un s\u00f4i kho\u1ea3ng 10-15 ph\u00fat. Chia u\u1ed1ng nhi\u1ec1u l\u1ea7n thay n\u01b0\u1edbc l\u1ecdc.<\/p>\n<p class=\"preFade\" style=\"transition-timing-function: ease; transition-duration: 1.5s; transition-delay: 0.242105s;\"><strong>Ki\u00eang c\u1eef:<\/strong>&nbsp;R\u01b0\u1ee3u, thu\u1ed1c l\u00e1, th\u1ef1c ph\u1ea9m kh\u00f4, chi\u00ean, n\u01b0\u1edbng, c\u00e1c lo\u1ea1i gia v\u1ecb cay n\u00f3ng. N\u00ean u\u1ed1ng \u0111\u1ee7 n\u01b0\u1edbc (2-3 l\u00edt\/ng\u00e0y) v\u00e0 \u0103n th\u00eam rau qu\u1ea3 c\u00f3 ch\u1ee9a ch\u1ea5t x\u01a1.<\/p>","protected":false},"excerpt":{"rendered":"<p>T\u00e1c d\u1ee5ng:&nbsp;Tr\u1eeb ch\u1ee9ng ph\u00e2n kh\u00f4 c\u1ee9ng, t\u00e1o b\u00f3n kinh ni\u00ean. Th\u00fac \u0111\u1ea9y nhu \u0111\u1ed9ng ru\u1ed9t gi\u00e0 ho\u1ea1t \u0111\u1ed9ng m\u1ea1nh m\u1ebd, l\u00e0m ph\u00e2n m\u1ec1m, \u0111i ti\u00eau d\u1ec5 d\u00e0ng, kh\u00f4ng g\u00e2y \u0111au b\u1ee5ng. Th\u00e0nh ph\u1ea7n:&nbsp;Th\u1ea3o quy\u1ebft minh, H\u00e0 th\u1ee7 \u00f4, Ch\u1ec9 th\u1ef1c, Aloe-vera, Phan t\u1ea3 di\u1ec7p, \u0110\u1ea1i ho\u00e0ng, Nh\u1ee5c thung dung\u2026 C\u00e1ch d\u00f9ng:&nbsp;Ng\u00e2m 1-2 t\u00fai tr\u00e0 Nhu\u1eadn<\/p>","protected":false},"featured_media":1868,"comment_status":"closed","ping_status":"open","template":"","meta":[],"_links":{"self":[{"href":"https:\/\/the1011.com\/en\/wp-json\/wp\/v2\/product\/2018"}],"collection":[{"href":"https:\/\/the1011.com\/en\/wp-json\/wp\/v2\/product"}],"about":[{"href":"https:\/\/the1011.com\/en\/wp-json\/wp\/v2\/types\/product"}],"replies":[{"embeddable":true,"href":"https:\/\/the1011.com\/en\/wp-json\/wp\/v2\/comments?post=2018"}],"wp:featuredmedia":[{"embeddable":true,"href":"https:\/\/the1011.com\/en\/wp-json\/wp\/v2\/media\/1868"}],"wp:attachment":[{"href":"https:\/\/the1011.com\/en\/wp-json\/wp\/v2\/media?parent=2018"}],"curies":[{"name":"wp","href":"https:\/\/api.w.org\/{rel}","templated":true}]}}