{"id":2017,"date":"2024-08-05T16:28:40","date_gmt":"2024-08-05T09:28:40","guid":{"rendered":"https:\/\/the1011.com\/product\/tra-giam-can-slimming-herbal-tea\/"},"modified":"2024-08-05T16:28:42","modified_gmt":"2024-08-05T09:28:42","slug":"tra-giam-can-slimming-herbal-tea","status":"publish","type":"product","link":"https:\/\/the1011.com\/en\/product\/tra-giam-can-slimming-herbal-tea\/","title":{"rendered":"TR\u00c0 GI\u1ea2M C\u00c2N (SLIMMING HERBAL TEA)"},"content":{"rendered":"<p class=\"preFade\" style=\"transition-timing-function: ease; transition-duration: 1.5s; transition-delay: 0.235294s;\"><strong>T\u00e1c d\u1ee5ng:<\/strong><span>&nbsp;<\/span>Gi\u1ea3m b\u00e9o (m\u1eadp ph\u00ec), gi\u1ea3m c\u00e2n. L\u00e0m tan c\u00e1c l\u1edbp m\u1ee1 d\u01b0 th\u1eeba bao quanh b\u1ee5ng v\u00e0 c\u01a1 \u0111\u00f9i b\u1eb1ng li\u1ec7u ph\u00e1p t\u1ef1 ho\u1ea1i t\u1ef1 nhi\u00ean, an to\u00e0n s\u1ee9c kh\u1ecfe.<\/p>\n<p class=\"preFade\" style=\"transition-timing-function: ease; transition-duration: 1.5s; transition-delay: 0.247059s;\"><strong><em>Indication:<\/em><\/strong><em><span>&nbsp;<\/span>Reduce fat (overweight), weight loss. Melt the fat layer that surrounds the belly and thigh muscles by natural septic therapy, safety health. &nbsp;<\/em><\/p>","protected":false},"excerpt":{"rendered":"<p>T\u00e1c d\u1ee5ng:&nbsp;Gi\u1ea3m b\u00e9o (m\u1eadp ph\u00ec), gi\u1ea3m c\u00e2n. L\u00e0m tan c\u00e1c l\u1edbp m\u1ee1 d\u01b0 th\u1eeba bao quanh b\u1ee5ng v\u00e0 c\u01a1 \u0111\u00f9i b\u1eb1ng li\u1ec7u ph\u00e1p t\u1ef1 ho\u1ea1i t\u1ef1 nhi\u00ean, an to\u00e0n s\u1ee9c kh\u1ecfe. Indication:&nbsp;Reduce fat (overweight), weight loss. Melt the fat layer that surrounds the belly and thigh muscles by natural septic therapy, safety health. &nbsp;<\/p>","protected":false},"featured_media":1866,"comment_status":"closed","ping_status":"open","template":"","meta":[],"_links":{"self":[{"href":"https:\/\/the1011.com\/en\/wp-json\/wp\/v2\/product\/2017"}],"collection":[{"href":"https:\/\/the1011.com\/en\/wp-json\/wp\/v2\/product"}],"about":[{"href":"https:\/\/the1011.com\/en\/wp-json\/wp\/v2\/types\/product"}],"replies":[{"embeddable":true,"href":"https:\/\/the1011.com\/en\/wp-json\/wp\/v2\/comments?post=2017"}],"wp:featuredmedia":[{"embeddable":true,"href":"https:\/\/the1011.com\/en\/wp-json\/wp\/v2\/media\/1866"}],"wp:attachment":[{"href":"https:\/\/the1011.com\/en\/wp-json\/wp\/v2\/media?parent=2017"}],"curies":[{"name":"wp","href":"https:\/\/api.w.org\/{rel}","templated":true}]}}