{"id":2016,"date":"2024-08-05T16:28:40","date_gmt":"2024-08-05T09:28:40","guid":{"rendered":"https:\/\/the1011.com\/product\/tra-cholesterol-cholesterol-herbal-tea\/"},"modified":"2024-08-05T16:28:42","modified_gmt":"2024-08-05T09:28:42","slug":"tra-cholesterol-cholesterol-herbal-tea","status":"publish","type":"product","link":"https:\/\/the1011.com\/en\/product\/tra-cholesterol-cholesterol-herbal-tea\/","title":{"rendered":"TR\u00c0 CHOLESTEROL (CHOLESTEROL HERBAL TEA)"},"content":{"rendered":"<p>T\u00e1c d\u1ee5ng: Gi\u00fap h\u1ea1 Cholesterol x\u1ea5u (LDL v\u00e0 Triglycerides) xu\u1ed1ng m\u1ee9c trung b\u00ecnh. Ng\u0103n ng\u1eeba x\u01a1 v\u1eefa \u0111\u1ed9ng m\u1ea1ch, nh\u1ed3i m\u00e1u c\u01a1 tim, \u0111\u1ed9t qu\u1ef5\u2026<\/p>\n<p>Th\u00e0nh ph\u1ea7n: H\u1ed5 tr\u01b0\u1ee3ng, H\u00e0 th\u1ee7 \u00f4, Quy\u1ebft minh t\u1eed, C\u00e2u k\u1ef7 t\u1eed, S\u01a1n tra, U\u1ea5t kim, Ho\u00e0ng tinh, Tr\u1ea1ch t\u1ea3, T\u1eed \u0110an s\u00e2m\u2026<\/p>\n<p>C\u00e1ch d\u00f9ng: Ng\u00e2m 1-2 t\u00fai tr\u00e0 d\u01b0\u1ee3c th\u1ea3o v\u1edbi 1-2 l\u00edt (32-64 ounces) n\u01b0\u1edbc \u0111un s\u00f4i kho\u1ea3ng 10-15 ph\u00fat. Chia u\u1ed1ng nhi\u1ec1u l\u1ea7n thay n\u01b0\u1edbc l\u1ecdc.<\/p>\n<p>Ki\u00eang c\u1eef: Ch\u1ea5t b\u00e9o b\u1ea3o h\u00f2a (c\u00e1c lo\u1ea1i m\u1ee1 \u0111\u1ed9ng v\u1eadt), tinh b\u1ed9t (c\u01a1m g\u1ea1o tr\u1eafng, x\u00f4i n\u1ebfp, b\u00fan, b\u00e1nh ph\u1edf, b\u00e1nh m\u00ec tr\u1eafng, m\u00ec g\u00f3i\u2026).<\/p>","protected":false},"excerpt":{"rendered":"<p>T\u00e1c d\u1ee5ng: Gi\u00fap h\u1ea1 Cholesterol x\u1ea5u (LDL v\u00e0 Triglycerides) xu\u1ed1ng m\u1ee9c trung b\u00ecnh. Ng\u0103n ng\u1eeba x\u01a1 v\u1eefa \u0111\u1ed9ng m\u1ea1ch, nh\u1ed3i m\u00e1u c\u01a1 tim, \u0111\u1ed9t qu\u1ef5\u2026 Th\u00e0nh ph\u1ea7n: H\u1ed5 tr\u01b0\u1ee3ng, H\u00e0 th\u1ee7 \u00f4, Quy\u1ebft minh t\u1eed, C\u00e2u k\u1ef7 t\u1eed, S\u01a1n tra, U\u1ea5t kim, Ho\u00e0ng tinh, Tr\u1ea1ch t\u1ea3, T\u1eed \u0110an s\u00e2m\u2026 C\u00e1ch d\u00f9ng: Ng\u00e2m 1-2 t\u00fai tr\u00e0<\/p>","protected":false},"featured_media":1865,"comment_status":"closed","ping_status":"open","template":"","meta":[],"_links":{"self":[{"href":"https:\/\/the1011.com\/en\/wp-json\/wp\/v2\/product\/2016"}],"collection":[{"href":"https:\/\/the1011.com\/en\/wp-json\/wp\/v2\/product"}],"about":[{"href":"https:\/\/the1011.com\/en\/wp-json\/wp\/v2\/types\/product"}],"replies":[{"embeddable":true,"href":"https:\/\/the1011.com\/en\/wp-json\/wp\/v2\/comments?post=2016"}],"wp:featuredmedia":[{"embeddable":true,"href":"https:\/\/the1011.com\/en\/wp-json\/wp\/v2\/media\/1865"}],"wp:attachment":[{"href":"https:\/\/the1011.com\/en\/wp-json\/wp\/v2\/media?parent=2016"}],"curies":[{"name":"wp","href":"https:\/\/api.w.org\/{rel}","templated":true}]}}