{"id":2015,"date":"2024-08-05T16:28:40","date_gmt":"2024-08-05T09:28:40","guid":{"rendered":"https:\/\/the1011.com\/product\/tra-cao-huyet-ap-hypertension-herbal-tea\/"},"modified":"2024-08-05T16:28:42","modified_gmt":"2024-08-05T09:28:42","slug":"tra-cao-huyet-ap-hypertension-herbal-tea","status":"publish","type":"product","link":"https:\/\/the1011.com\/en\/product\/tra-cao-huyet-ap-hypertension-herbal-tea\/","title":{"rendered":"TR\u00c0 CAO HUY\u1ebeT \u00c1P (HYPERTENSION HERBAL TEA)"},"content":{"rendered":"<p>T\u00e1c d\u1ee5ng: C\u1ea3i thi\u1ec7n ch\u1ee9c n\u0103ng tim, th\u1eadn, m\u1ea1ch m\u00e1u. Gi\u00fap h\u1ea1 v\u00e0 c\u00e2n b\u1eb1ng huy\u1ebft \u00e1p, \u0111i\u1ec1u h\u00f2a nh\u1ecbp tim.<\/p>\n<p>Th\u00e0nh ph\u1ea7n: T\u1eed \u0110an s\u00e2m, H\u1ea1 kh\u00f4 th\u1ea3o, H\u00f2e hoa, Ng\u01b0u t\u1ea5t, Ho\u00e0ng c\u1ea7m, Xa ti\u1ec1n t\u1eed, C\u00e2u k\u1ef7 t\u1eed, C\u00e2u \u0111\u1eb1ng, H\u1eafc t\u00e1o nh\u00e2n \u2026<\/p>\n<p>C\u00e1ch d\u00f9ng: Ng\u00e2m 1-2 t\u00fai tr\u00e0 d\u01b0\u1ee3c th\u1ea3o v\u1edbi 1-2 l\u00edt (32-64 ounces) n\u01b0\u1edbc \u0111un s\u00f4i kho\u1ea3ng 10-15 ph\u00fat. Chia u\u1ed1ng nhi\u1ec1u l\u1ea7n thay n\u01b0\u1edbc l\u1ecdc.<\/p>\n<p>Ki\u00eang c\u1eef: Mu\u1ed1i \u0103n v\u00e0 th\u1ee9c \u0103n ch\u1ee9a nhi\u1ec1u mu\u1ed1i, bia r\u01b0\u1ee3u, th\u1ee9c khuya, c\u0103ng th\u1eb3ng, l\u00e0m vi\u1ec7c qu\u00e1 s\u1ee9c \u2026<\/p>","protected":false},"excerpt":{"rendered":"<p>T\u00e1c d\u1ee5ng: C\u1ea3i thi\u1ec7n ch\u1ee9c n\u0103ng tim, th\u1eadn, m\u1ea1ch m\u00e1u. Gi\u00fap h\u1ea1 v\u00e0 c\u00e2n b\u1eb1ng huy\u1ebft \u00e1p, \u0111i\u1ec1u h\u00f2a nh\u1ecbp tim. Th\u00e0nh ph\u1ea7n: T\u1eed \u0110an s\u00e2m, H\u1ea1 kh\u00f4 th\u1ea3o, H\u00f2e hoa, Ng\u01b0u t\u1ea5t, Ho\u00e0ng c\u1ea7m, Xa ti\u1ec1n t\u1eed, C\u00e2u k\u1ef7 t\u1eed, C\u00e2u \u0111\u1eb1ng, H\u1eafc t\u00e1o nh\u00e2n \u2026 C\u00e1ch d\u00f9ng: Ng\u00e2m 1-2 t\u00fai tr\u00e0 d\u01b0\u1ee3c th\u1ea3o<\/p>","protected":false},"featured_media":1786,"comment_status":"closed","ping_status":"open","template":"","meta":[],"_links":{"self":[{"href":"https:\/\/the1011.com\/en\/wp-json\/wp\/v2\/product\/2015"}],"collection":[{"href":"https:\/\/the1011.com\/en\/wp-json\/wp\/v2\/product"}],"about":[{"href":"https:\/\/the1011.com\/en\/wp-json\/wp\/v2\/types\/product"}],"replies":[{"embeddable":true,"href":"https:\/\/the1011.com\/en\/wp-json\/wp\/v2\/comments?post=2015"}],"wp:featuredmedia":[{"embeddable":true,"href":"https:\/\/the1011.com\/en\/wp-json\/wp\/v2\/media\/1786"}],"wp:attachment":[{"href":"https:\/\/the1011.com\/en\/wp-json\/wp\/v2\/media?parent=2015"}],"curies":[{"name":"wp","href":"https:\/\/api.w.org\/{rel}","templated":true}]}}