{"id":2014,"date":"2024-08-05T16:28:40","date_gmt":"2024-08-05T09:28:40","guid":{"rendered":"https:\/\/the1011.com\/product\/tra-an-than-mat-ngu-insomnia-herbal-tea\/"},"modified":"2024-08-05T16:28:41","modified_gmt":"2024-08-05T09:28:41","slug":"tra-an-than-mat-ngu-insomnia-herbal-tea","status":"publish","type":"product","link":"https:\/\/the1011.com\/en\/product\/tra-an-than-mat-ngu-insomnia-herbal-tea\/","title":{"rendered":"TR\u00c0 AN TH\u1ea6N &#8211; M\u1ea4T NG\u1ee6 (INSOMNIA HERBAL TEA)"},"content":{"rendered":"<p class=\"preFade\" style=\"transition-timing-function: ease; transition-duration: 1.5s; transition-delay: 0.210526s;\"><strong>T\u00e1c d\u1ee5ng:<\/strong>&nbsp;\u1ed4n \u0111\u1ecbnh tinh th\u1ea7n, an h\u00f2a t\u00e2m tr\u00ed. Gi\u00fap d\u1ec5 ng\u1ee7, ng\u1ee7 ngon, th\u1eb3ng gi\u1ea5c, gia t\u0103ng tr\u00ed nh\u1edb v\u00e0 s\u1ee9c kh\u1ecfe.<\/p>\n<p class=\"preFade\" style=\"transition-timing-function: ease; transition-duration: 1.5s; transition-delay: 0.221053s;\"><strong>Th\u00e0nh ph\u1ea7n:<\/strong>&nbsp;Melatonin thi\u00ean nhi\u00ean, T\u1eed \u0110an s\u00e2m, H\u1eafc t\u00e1o nh\u00e2n, D\u1ea1 giao \u0111\u1eb1ng, B\u00e1ch h\u1ee3p, Long nh\u00e3n nh\u1ee5c, H\u1ee3p hoan b\u00ec\u2026<\/p>\n<p class=\"preFade\" style=\"transition-timing-function: ease; transition-duration: 1.5s; transition-delay: 0.231579s;\"><strong>C\u00e1ch d\u00f9ng:<\/strong>&nbsp;Ng\u00e2m 1-2 t\u00fai tr\u00e0 An Th\u1ea7n v\u1edbi n\u1eeda l\u00edt (16 ounces) n\u01b0\u1edbc \u0111un s\u00f4i kho\u1ea3ng 10-15 ph\u00fat. Chia u\u1ed1ng 2 l\u1ea7n v\u00e0o bu\u1ed5i t\u1ed1i v\u00e0 tr\u01b0\u1edbc khi \u0111i ng\u1ee7.<\/p>\n<p class=\"preFade\" style=\"transition-timing-function: ease; transition-duration: 1.5s; transition-delay: 0.242105s;\"><strong>Ki\u00eang c\u1eef:<\/strong>&nbsp;\u0102n qu\u00e1 no, qu\u00e1 mu\u1ed9n v\u00e0o b\u1eefa c\u01a1m chi\u1ec1u. Tr\u00e1nh u\u1ed1ng r\u01b0\u1ee3u m\u1ea1nh, tr\u00e0 \u0111\u1eadm \u0111\u1eb7c hay c\u00e0 ph\u00ea, c\u0103ng th\u1eb3ng tinh th\u1ea7n\u2026<\/p>","protected":false},"excerpt":{"rendered":"<p>T\u00e1c d\u1ee5ng:&nbsp;\u1ed4n \u0111\u1ecbnh tinh th\u1ea7n, an h\u00f2a t\u00e2m tr\u00ed. Gi\u00fap d\u1ec5 ng\u1ee7, ng\u1ee7 ngon, th\u1eb3ng gi\u1ea5c, gia t\u0103ng tr\u00ed nh\u1edb v\u00e0 s\u1ee9c kh\u1ecfe. Th\u00e0nh ph\u1ea7n:&nbsp;Melatonin thi\u00ean nhi\u00ean, T\u1eed \u0110an s\u00e2m, H\u1eafc t\u00e1o nh\u00e2n, D\u1ea1 giao \u0111\u1eb1ng, B\u00e1ch h\u1ee3p, Long nh\u00e3n nh\u1ee5c, H\u1ee3p hoan b\u00ec\u2026 C\u00e1ch d\u00f9ng:&nbsp;Ng\u00e2m 1-2 t\u00fai tr\u00e0 An Th\u1ea7n v\u1edbi n\u1eeda l\u00edt (16<\/p>","protected":false},"featured_media":1867,"comment_status":"closed","ping_status":"open","template":"","meta":[],"_links":{"self":[{"href":"https:\/\/the1011.com\/en\/wp-json\/wp\/v2\/product\/2014"}],"collection":[{"href":"https:\/\/the1011.com\/en\/wp-json\/wp\/v2\/product"}],"about":[{"href":"https:\/\/the1011.com\/en\/wp-json\/wp\/v2\/types\/product"}],"replies":[{"embeddable":true,"href":"https:\/\/the1011.com\/en\/wp-json\/wp\/v2\/comments?post=2014"}],"wp:featuredmedia":[{"embeddable":true,"href":"https:\/\/the1011.com\/en\/wp-json\/wp\/v2\/media\/1867"}],"wp:attachment":[{"href":"https:\/\/the1011.com\/en\/wp-json\/wp\/v2\/media?parent=2014"}],"curies":[{"name":"wp","href":"https:\/\/api.w.org\/{rel}","templated":true}]}}