{"id":2013,"date":"2024-08-05T16:28:40","date_gmt":"2024-08-05T09:28:40","guid":{"rendered":"https:\/\/the1011.com\/product\/ct-170-khuoc-lao-hoan\/"},"modified":"2024-08-05T16:28:41","modified_gmt":"2024-08-05T09:28:41","slug":"ct-170-khuoc-lao-hoan","status":"publish","type":"product","link":"https:\/\/the1011.com\/en\/product\/ct-170-khuoc-lao-hoan\/","title":{"rendered":"CT.170 &#8211; KH\u01af\u1edaC L\u00c3O HO\u00c0N"},"content":{"rendered":"<p class=\"preFade\" style=\"white-space: pre-wrap; transition-timing-function: ease; transition-duration: 1.5s; transition-delay: 0.222222s;\"><strong>T\u00e1c d\u1ee5ng:<\/strong> Dinh d\u01b0\u1ee1ng, t\u0103ng c\u01b0\u1eddng s\u1ee9c kh\u1ecfe, ch\u1ed1ng l\u00e3o h\u00f3a. C\u00f3 kh\u1ea3 n\u0103ng c\u1ea7m m\u00e1u nhanh trong tr\u01b0\u1eddng h\u1ee3p n\u00f4n ra m\u00e1u, ho ra m\u00e1u, ch\u1ea3y m\u00e1u d\u1ea1 d\u00e0y v\u00e0 ru\u1ed9t, ph\u1ee5 n\u1eef c\u00f3 kinh nguy\u1ec7t ch\u1ea3y m\u00e1u t\u1eed cung k\u00e9o d\u00e0i, \u0111\u1ed5 m\u1ed3 h\u00f4i, \u0111i ti\u1ec3u nhi\u1ec1u l\u1ea7n b\u00ean trong c\u01a1 th\u1ec3. U\u1ed1ng l\u00e2u m\u1ec1m, t\u0103ng tu\u1ed5i th\u1ecd.<\/p>\n<p class=\"preFade\" style=\"white-space: pre-wrap; transition-timing-function: ease; transition-duration: 1.5s; transition-delay: 0.233333s;\"><strong>Th\u00e0nh ph\u1ea7n:<\/strong> L\u1ed9c gi\u00e1c giao\/Cao ban long, Cao H\u00e0 Th\u1ee7 \u00f4 \u0111\u1ecf, Cao H\u1ea3i t\u1ea3o n\u00e2u,\u2026<\/p>\n<p class=\"preFade\" style=\"white-space: pre-wrap; transition-timing-function: ease; transition-duration: 1.5s; transition-delay: 0.244444s;\"><strong>C\u00e1ch d\u00f9ng:<\/strong> Ng\u00e0y u\u1ed1ng 2-3 l\u1ea7n, m\u1ed7i l\u1ea7n 1-2 capsules tr\u01b0\u1edbc b\u1eefa \u0103n.<\/p>","protected":false},"excerpt":{"rendered":"<p>T\u00e1c d\u1ee5ng: Dinh d\u01b0\u1ee1ng, t\u0103ng c\u01b0\u1eddng s\u1ee9c kh\u1ecfe, ch\u1ed1ng l\u00e3o h\u00f3a. C\u00f3 kh\u1ea3 n\u0103ng c\u1ea7m m\u00e1u nhanh trong tr\u01b0\u1eddng h\u1ee3p n\u00f4n ra m\u00e1u, ho ra m\u00e1u, ch\u1ea3y m\u00e1u d\u1ea1 d\u00e0y v\u00e0 ru\u1ed9t, ph\u1ee5 n\u1eef c\u00f3 kinh nguy\u1ec7t ch\u1ea3y m\u00e1u t\u1eed cung k\u00e9o d\u00e0i, \u0111\u1ed5 m\u1ed3 h\u00f4i, \u0111i ti\u1ec3u nhi\u1ec1u l\u1ea7n b\u00ean trong c\u01a1 th\u1ec3. U\u1ed1ng<\/p>","protected":false},"featured_media":1862,"comment_status":"closed","ping_status":"open","template":"","meta":[],"_links":{"self":[{"href":"https:\/\/the1011.com\/en\/wp-json\/wp\/v2\/product\/2013"}],"collection":[{"href":"https:\/\/the1011.com\/en\/wp-json\/wp\/v2\/product"}],"about":[{"href":"https:\/\/the1011.com\/en\/wp-json\/wp\/v2\/types\/product"}],"replies":[{"embeddable":true,"href":"https:\/\/the1011.com\/en\/wp-json\/wp\/v2\/comments?post=2013"}],"wp:featuredmedia":[{"embeddable":true,"href":"https:\/\/the1011.com\/en\/wp-json\/wp\/v2\/media\/1862"}],"wp:attachment":[{"href":"https:\/\/the1011.com\/en\/wp-json\/wp\/v2\/media?parent=2013"}],"curies":[{"name":"wp","href":"https:\/\/api.w.org\/{rel}","templated":true}]}}