{"id":2012,"date":"2024-08-05T16:28:40","date_gmt":"2024-08-05T09:28:40","guid":{"rendered":"https:\/\/the1011.com\/product\/ct-168-tinh-luc-dai-bo-hoan\/"},"modified":"2024-08-05T16:28:41","modified_gmt":"2024-08-05T09:28:41","slug":"ct-168-tinh-luc-dai-bo-hoan","status":"publish","type":"product","link":"https:\/\/the1011.com\/en\/product\/ct-168-tinh-luc-dai-bo-hoan\/","title":{"rendered":"CT.168 &#8211; TINH L\u1ef0C \u0110\u1ea0I B\u1ed4 HO\u00c0N"},"content":{"rendered":"<p class=\"preFade\" style=\"white-space: pre-wrap; transition-timing-function: ease; transition-duration: 1.5s; transition-delay: 0.222222s;\"><strong>T\u00e1c d\u1ee5ng:<\/strong> \u0110\u1ea1i b\u1ed5 Ng\u0169 t\u1ea1ng, t\u0103ng kh\u00ed huy\u1ebft, th\u00eam tinh t\u1ee7y, \u0111\u1eb9p nhan s\u1eafc. C\u1ea3i thi\u1ec7n hi\u1ec7u qu\u1ea3 c\u00e1c ch\u1ee9ng y\u1ebfu m\u1ec7t do l\u00e0m vi\u1ec7c qu\u00e1 s\u1ee9c ho\u1eb7c m\u1eafc b\u1ec7nh l\u00e2u ng\u00e0y, thi\u1ebfu m\u00e1u, \u00f9 tai, m\u1eaft m\u1edd, ch\u00e1n \u0103n, s\u1ee5t c\u00e2n, c\u01a1 th\u1ec3 g\u1ea7y \u1ed1m, l\u01b0ng \u0111au, m\u1ecfi g\u1ed1i, g\u00e2n c\u1ed1t t\u00ea b\u1ea1i,\u2026<\/p>\n<p class=\"preFade\" style=\"white-space: pre-wrap; transition-timing-function: ease; transition-duration: 1.5s; transition-delay: 0.233333s;\"><strong>Th\u00e0nh ph\u1ea7n:<\/strong> L\u1ed9c gi\u00e1c giao, D\u00e3 Nh\u00e2n s\u00e2m, L\u1ed9c nhung,\u2026<\/p>\n<p class=\"preFade\" style=\"white-space: pre-wrap; transition-timing-function: ease; transition-duration: 1.5s; transition-delay: 0.244444s;\"><strong>C\u00e1ch d\u00f9ng:<\/strong> Ng\u00e0y u\u1ed1ng 2-3 l\u1ea7n, m\u1ed7i l\u1ea7n 1-2 capsules tr\u01b0\u1edbc khi \u0103n ho\u1eb7c l\u00fac b\u1ee5ng tr\u1ed1ng.<\/p>","protected":false},"excerpt":{"rendered":"<p>T\u00e1c d\u1ee5ng: \u0110\u1ea1i b\u1ed5 Ng\u0169 t\u1ea1ng, t\u0103ng kh\u00ed huy\u1ebft, th\u00eam tinh t\u1ee7y, \u0111\u1eb9p nhan s\u1eafc. C\u1ea3i thi\u1ec7n hi\u1ec7u qu\u1ea3 c\u00e1c ch\u1ee9ng y\u1ebfu m\u1ec7t do l\u00e0m vi\u1ec7c qu\u00e1 s\u1ee9c ho\u1eb7c m\u1eafc b\u1ec7nh l\u00e2u ng\u00e0y, thi\u1ebfu m\u00e1u, \u00f9 tai, m\u1eaft m\u1edd, ch\u00e1n \u0103n, s\u1ee5t c\u00e2n, c\u01a1 th\u1ec3 g\u1ea7y \u1ed1m, l\u01b0ng \u0111au, m\u1ecfi g\u1ed1i, g\u00e2n c\u1ed1t t\u00ea b\u1ea1i,\u2026<\/p>","protected":false},"featured_media":1785,"comment_status":"closed","ping_status":"open","template":"","meta":[],"_links":{"self":[{"href":"https:\/\/the1011.com\/en\/wp-json\/wp\/v2\/product\/2012"}],"collection":[{"href":"https:\/\/the1011.com\/en\/wp-json\/wp\/v2\/product"}],"about":[{"href":"https:\/\/the1011.com\/en\/wp-json\/wp\/v2\/types\/product"}],"replies":[{"embeddable":true,"href":"https:\/\/the1011.com\/en\/wp-json\/wp\/v2\/comments?post=2012"}],"wp:featuredmedia":[{"embeddable":true,"href":"https:\/\/the1011.com\/en\/wp-json\/wp\/v2\/media\/1785"}],"wp:attachment":[{"href":"https:\/\/the1011.com\/en\/wp-json\/wp\/v2\/media?parent=2012"}],"curies":[{"name":"wp","href":"https:\/\/api.w.org\/{rel}","templated":true}]}}