{"id":2011,"date":"2024-08-05T16:28:40","date_gmt":"2024-08-05T09:28:40","guid":{"rendered":"https:\/\/the1011.com\/product\/ct-167-bot-dinh-duong-giam-can-magic-body-fitness\/"},"modified":"2024-08-05T16:28:41","modified_gmt":"2024-08-05T09:28:41","slug":"ct-167-bot-dinh-duong-giam-can-magic-body-fitness","status":"publish","type":"product","link":"https:\/\/the1011.com\/en\/product\/ct-167-bot-dinh-duong-giam-can-magic-body-fitness\/","title":{"rendered":"CT.167 \u2013 B\u1ed8T DINH D\u01af\u1ee0NG GI\u1ea2M C\u00c2N (MAGIC BODY FITNESS)"},"content":{"rendered":"<p class=\"preFade\" style=\"transition-timing-function: ease; transition-duration: 1.5s; transition-delay: 0.235294s;\"><strong>B\u1ed9t Dinh D\u01b0\u1ee1ng \u2013 Gi\u1ea3m C\u00e2n CT.167<\/strong>&nbsp;do \u0110\u00f4ng Y S\u0129 C\u1ea3nh Thi\u00ean b\u00e0o ch\u1ebf \u0111\u01b0\u1ee3c t\u1ed5ng h\u1ee3p tr\u00ean 35 lo\u1ea1i th\u1ef1c ph\u1ea9m g\u1ed1c th\u1ef1c v\u1eadt, 100% organic, g\u1ed3m: T\u00e1o, Chu\u1ed1i, M\u1eadn, Broccoli, Spinach, C\u1ea7n t\u00e2y, C\u00e2u k\u1ef7 t\u1eed, Y\u1ebfn m\u1ea1ch, \u0110\u1eadu \u0111en, \u0110\u1eadu \u0111\u1ecf, \u0110\u1eadu xanh, Phan t\u1ea3 di\u1ec7p, B\u1ea1ch Ph\u1ee5c linh, Li\u00ean nh\u1ee5c\u2026<\/p>\n<p class=\"preFade\" style=\"transition-timing-function: ease; transition-duration: 1.5s; transition-delay: 0.247059s;\"><strong>T\u00e1c d\u1ee5ng:&nbsp;<\/strong>gi\u00fap gi\u1ea3m c\u00e2n, gi\u1ea3m b\u00e9o ph\u00ec, c\u00e2n \u0111\u1ed1i v\u00f3c d\u00e1ng thon \u0111\u1eb9p nh\u1edd 4 t\u00e1c d\u1ee5ng: l\u00e0m tan l\u1edbp m\u1ee1 th\u1eb7ng d\u01b0 v\u00f9ng b\u1ee5ng v\u00e0 \u0111\u00f9i. B\u1edbt s\u1ef1 th\u00e8m \u0103n, gi\u1ea3m \u0111\u00f3i, gi\u1ea3m \u0103n v\u1eb7t. Gi\u1ea3m c\u00e2n m\u00e0 kh\u00f4ng g\u00e2y ti\u00eau ch\u1ea3y, da nh\u0103n. An to\u00e0n s\u1ee9c kh\u1ecfe, kh\u00f4ng g\u00e2y ph\u1ea3n \u1ee9ng ph\u1ee5. B\u1ed9t Dinh D\u01b0\u1ee1ng \u2013 Gi\u1ea3m C\u00e2n CT.167- \u0111\u01b0\u1ee3c \u0111\u00e1nh gi\u00e1 l\u00e0 li\u1ec7u ph\u00e1p th\u1ea7n k\u1ef3 cho nh\u1eefng ng\u01b0\u1eddi b\u00e9o m\u1eadp mu\u1ed1n gi\u1ea3m c\u00e2n ho\u1eb7c kh\u00f4ng mu\u1ed1n t\u0103ng c\u00e2n nh\u1eb1m duy tr\u00ec v\u00f3c d\u00e1ng c\u00e2n \u0111\u1ed1i, thon \u0111\u1eb9p, \u0111\u1eb7c bi\u1ec7t tr\u00fat b\u1edbt g\u00e1nh n\u1eb7ng cho c\u00e1c c\u01a1 quan n\u1ed9i t\u1ea1ng.<\/p>","protected":false},"excerpt":{"rendered":"<p>B\u1ed9t Dinh D\u01b0\u1ee1ng \u2013 Gi\u1ea3m C\u00e2n CT.167&nbsp;do \u0110\u00f4ng Y S\u0129 C\u1ea3nh Thi\u00ean b\u00e0o ch\u1ebf \u0111\u01b0\u1ee3c t\u1ed5ng h\u1ee3p tr\u00ean 35 lo\u1ea1i th\u1ef1c ph\u1ea9m g\u1ed1c th\u1ef1c v\u1eadt, 100% organic, g\u1ed3m: T\u00e1o, Chu\u1ed1i, M\u1eadn, Broccoli, Spinach, C\u1ea7n t\u00e2y, C\u00e2u k\u1ef7 t\u1eed, Y\u1ebfn m\u1ea1ch, \u0110\u1eadu \u0111en, \u0110\u1eadu \u0111\u1ecf, \u0110\u1eadu xanh, Phan t\u1ea3 di\u1ec7p, B\u1ea1ch Ph\u1ee5c linh, Li\u00ean nh\u1ee5c\u2026 T\u00e1c<\/p>","protected":false},"featured_media":1784,"comment_status":"closed","ping_status":"open","template":"","meta":[],"_links":{"self":[{"href":"https:\/\/the1011.com\/en\/wp-json\/wp\/v2\/product\/2011"}],"collection":[{"href":"https:\/\/the1011.com\/en\/wp-json\/wp\/v2\/product"}],"about":[{"href":"https:\/\/the1011.com\/en\/wp-json\/wp\/v2\/types\/product"}],"replies":[{"embeddable":true,"href":"https:\/\/the1011.com\/en\/wp-json\/wp\/v2\/comments?post=2011"}],"wp:featuredmedia":[{"embeddable":true,"href":"https:\/\/the1011.com\/en\/wp-json\/wp\/v2\/media\/1784"}],"wp:attachment":[{"href":"https:\/\/the1011.com\/en\/wp-json\/wp\/v2\/media?parent=2011"}],"curies":[{"name":"wp","href":"https:\/\/api.w.org\/{rel}","templated":true}]}}