{"id":2010,"date":"2024-08-05T16:28:40","date_gmt":"2024-08-05T09:28:40","guid":{"rendered":"https:\/\/the1011.com\/product\/ct-166-bot-dinh-duong-tieu-duong-miracle-sugar-balance\/"},"modified":"2024-08-05T16:28:41","modified_gmt":"2024-08-05T09:28:41","slug":"ct-166-bot-dinh-duong-tieu-duong-miracle-sugar-balance","status":"publish","type":"product","link":"https:\/\/the1011.com\/en\/product\/ct-166-bot-dinh-duong-tieu-duong-miracle-sugar-balance\/","title":{"rendered":"CT.166 &#8211; B\u1ed8T DINH D\u01af\u1ee0NG &#8211; TI\u1ec2U \u0110\u01af\u1edcNG (MIRACLE SUGAR BALANCE)"},"content":{"rendered":"<p class=\"preFade\" style=\"transition-timing-function: ease; transition-duration: 1.5s; transition-delay: 0.235294s;\"><strong>B\u1ed9t Dinh D\u01b0\u1ee1ng \u2013 Ti\u1ec3u \u0110\u01b0\u1eddng \u2013 CT.166<\/strong>&nbsp;do \u0110\u00f4ng Y S\u0129 C\u1ea3nh Thi\u00ean b\u00e0o ch\u1ebf l\u00e0 ngu\u1ed3n th\u1ef1c ph\u1ea9m tuy\u1ec7t h\u1ea3o d\u00e0nh cho ng\u01b0\u1eddi b\u1ecb b\u1ec7nh Ti\u1ec3u \u0111\u01b0\u1eddng ho\u1eb7c mu\u1ed1n ng\u0103n ng\u1eeba \u0111\u01b0\u1eddng huy\u1ebft t\u0103ng cao g\u00e2y nguy c\u01a1 m\u1eafc b\u1ec7nh ti\u1ec3u \u0111\u01b0\u1eddng. B\u1ed9t Dinh D\u01b0\u1ee1ng CT.165 \u0111\u01b0\u1ee3c tuy\u1ec3n ch\u1ecdn v\u00e0 t\u1ed5ng h\u1ee3p t\u1eeb h\u01a1n 26 lo\u1ea1i rau xanh, h\u1ea1t, qu\u1ea3, c\u1ee7 ch\u1ee9a \u0111\u1ea7y \u0111\u1ee7 ch\u1ea5t b\u1ed5 d\u01b0\u1ee1ng nh\u01b0ng r\u1ea5t th\u1ea5p t\u1ed1 ch\u1ea5t t\u1ea1o ra \u0111\u01b0\u1eddng, g\u1ed3m: Y\u1ebfn m\u1ea1ch, Ho\u00e0i s\u01a1n, H\u1ea1t chia, H\u1ea1t c\u00e0 ri, H\u1ea1t nho, \u0110\u1eadu xanh, \u00dd d\u0129 nh\u00e2n, T\u1ef3 b\u00e0 di\u1ec7p, Spinach, Broccoli, Carrot, B\u1ea1ch bi\u1ec3n \u0111\u1eadu, Nh\u1ee5c qu\u1ebf\u2026, 100% organic.<\/p>\n<p class=\"preFade\" style=\"transition-timing-function: ease; transition-duration: 1.5s; transition-delay: 0.247059s;\"><strong>T\u00e1c d\u1ee5ng:<\/strong>&nbsp;C\u1ea3i thi\u1ec7n ch\u1ee9c n\u0103ng T\u1ee5y t\u1ea1ng. Th\u00fac \u0111\u1ea9y T\u1ee5y t\u1ea1ng s\u1ea3n xu\u1ea5t insulin. Gi\u00fap h\u1ea1 \u0111\u01b0\u1eddng th\u1eb7ng d\u01b0 v\u00e0 duy tr\u00ec \u0111\u01b0\u1eddng huy\u1ebft \u1edf m\u1ee9c gi\u1edbi h\u1ea1n (90-110mg\/dl). N\u00e2ng cao s\u1ee9c \u0111\u1ec1 kh\u00e1ng c\u01a1 th\u1ec3, duy tr\u00ec s\u1ee9c kh\u1ecfe. B\u1ed9t Dinh D\u01b0\u1ee1ng CT.166, \u0111\u1ed1i v\u1edbi b\u1ec7nh ti\u1ec3u \u0111\u01b0\u1eddng lo\u1ea1i 1 (l\u1ec7 thu\u1ed9c insulin) ho\u1eb7c lo\u1ea1i 2 (ti\u1ebft xu\u1ea5t kh\u00f4ng \u0111\u1ee7 insulin) \u0111\u1ec1u d\u00f9ng \u0111\u01b0\u1ee3c. An to\u00e0n s\u1ee9c kh\u1ecfe.<\/p>","protected":false},"excerpt":{"rendered":"<p>B\u1ed9t Dinh D\u01b0\u1ee1ng \u2013 Ti\u1ec3u \u0110\u01b0\u1eddng \u2013 CT.166&nbsp;do \u0110\u00f4ng Y S\u0129 C\u1ea3nh Thi\u00ean b\u00e0o ch\u1ebf l\u00e0 ngu\u1ed3n th\u1ef1c ph\u1ea9m tuy\u1ec7t h\u1ea3o d\u00e0nh cho ng\u01b0\u1eddi b\u1ecb b\u1ec7nh Ti\u1ec3u \u0111\u01b0\u1eddng ho\u1eb7c mu\u1ed1n ng\u0103n ng\u1eeba \u0111\u01b0\u1eddng huy\u1ebft t\u0103ng cao g\u00e2y nguy c\u01a1 m\u1eafc b\u1ec7nh ti\u1ec3u \u0111\u01b0\u1eddng. B\u1ed9t Dinh D\u01b0\u1ee1ng CT.165 \u0111\u01b0\u1ee3c tuy\u1ec3n ch\u1ecdn v\u00e0 t\u1ed5ng h\u1ee3p t\u1eeb h\u01a1n<\/p>","protected":false},"featured_media":1783,"comment_status":"closed","ping_status":"open","template":"","meta":[],"_links":{"self":[{"href":"https:\/\/the1011.com\/en\/wp-json\/wp\/v2\/product\/2010"}],"collection":[{"href":"https:\/\/the1011.com\/en\/wp-json\/wp\/v2\/product"}],"about":[{"href":"https:\/\/the1011.com\/en\/wp-json\/wp\/v2\/types\/product"}],"replies":[{"embeddable":true,"href":"https:\/\/the1011.com\/en\/wp-json\/wp\/v2\/comments?post=2010"}],"wp:featuredmedia":[{"embeddable":true,"href":"https:\/\/the1011.com\/en\/wp-json\/wp\/v2\/media\/1783"}],"wp:attachment":[{"href":"https:\/\/the1011.com\/en\/wp-json\/wp\/v2\/media?parent=2010"}],"curies":[{"name":"wp","href":"https:\/\/api.w.org\/{rel}","templated":true}]}}