{"id":2009,"date":"2024-08-05T16:28:40","date_gmt":"2024-08-05T09:28:40","guid":{"rendered":"https:\/\/the1011.com\/product\/ct-165-bot-dinh-duong-tang-luc-nutritional-energy\/"},"modified":"2024-08-05T16:28:40","modified_gmt":"2024-08-05T09:28:40","slug":"ct-165-bot-dinh-duong-tang-luc-nutritional-energy","status":"publish","type":"product","link":"https:\/\/the1011.com\/en\/product\/ct-165-bot-dinh-duong-tang-luc-nutritional-energy\/","title":{"rendered":"CT.165 &#8211; B\u1ed8T DINH D\u01af\u1ee0NG T\u0102NG L\u1ef0C (NUTRITIONAL ENERGY)"},"content":{"rendered":"<p class=\"preFade\" style=\"white-space: pre-wrap; transition-timing-function: ease; transition-duration: 1.5s; transition-delay: 0.222222s;\"><strong>B\u1ed9t Dinh D\u01b0\u1ee1ng T\u0103ng L\u1ef1c (Nutritional Energy CT.165)&nbsp;<\/strong>do \u0110\u00f4ng Y S\u0129 C\u1ea3nh Thi\u00ean b\u00e0o ch\u1ebf \u0111\u01b0\u1ee3c t\u1ed5ng h\u1ee3p ho\u00e0n m\u1ef9 t\u1eeb h\u01a1n 44 lo\u1ea1i rau xanh, \u0111\u1eadu, t\u1ea3o n\u00e2u Nh\u1eadt B\u1ea3n, qu\u1ea3, c\u1ee7, m\u1ea7m h\u1ea1t, gi\u00e0u ch\u1ea5t b\u1ed5 d\u01b0\u1ee1ng, 100% organic, g\u1ed3m: ng\u0169 c\u1ed1c th\u00f4 (ch\u01b0a ch\u1ebf bi\u1ebfn), ngu\u1ed3n \u0111\u1ea1m th\u1ef1c v\u1eadt (vegan) cao c\u1ea5p, sinh t\u1ed1, ch\u1ea5t kho\u00e1ng, ch\u1ea5t b\u00e9o kh\u00f4ng b\u1ea3o h\u00f2a, c\u01a1 th\u1ec3 r\u1ea5t d\u1ec5 h\u1ea5p thu. B\u1ed9t Dinh D\u01b0\u1ee1ng T\u0103ng L\u1ef1c \u0111\u01b0\u1ee3c x\u1ebfp v\u00e0o lo\u1ea1i th\u1ef1c ph\u1ea9m b\u1ed5 d\u01b0\u1ee1ng si\u00eau h\u1ea1ng.<\/p>\n<p class=\"preFade\" style=\"white-space: pre-wrap; transition-timing-function: ease; transition-duration: 1.5s; transition-delay: 0.233333s;\">&nbsp;<\/p>\n<p class=\"preFade\" style=\"white-space: pre-wrap; transition-timing-function: ease; transition-duration: 1.5s; transition-delay: 0.244444s;\"><strong>T\u00e1c d\u1ee5ng:&nbsp;<\/strong>th\u00fac \u0111\u1ea9y m\u1ea1nh m\u1ebd ti\u1ebfn tr\u00ecnh ph\u00e1t tri\u1ec3n tr\u1ebb em t\u1eeb s\u01a1 sinh \u0111\u1ebfn tu\u1ed5i tr\u01b0\u1edfng th\u00e0nh.T\u00f4n t\u1ea1o nhan s\u1eafc, gi\u00fap ph\u1ee5 n\u1eef b\u1ea3o d\u01b0\u1ee1ng da th\u1ecbt t\u01b0\u01a1i nhu\u1eadn, x\u00f3a d\u1ea7n v\u1ebft n\u00e1m, n\u1ebfp nh\u0103n, t\u00f3c b\u1ea1c s\u1edbm, r\u1ee5ng qu\u00e1 nhi\u1ec1u. Gia t\u0103ng n\u1ed9i l\u1ef1c cho ng\u01b0\u1eddi lao \u0111\u1ed9ng tr\u00ed \u00f3c v\u00e0 tay ch\u00e2n, ng\u01b0\u1eddi l\u00e0m vi\u1ec7c ca \u0111\u00eam sinh m\u1ec7t m\u1ecfi, gi\u00e0 s\u1edbm. Ph\u1ee5c h\u1ed3i s\u1ee9c kh\u1ecfe ng\u01b0\u1eddi \u0111au b\u1ec7nh quanh n\u0103m, sau th\u1eddi k\u1ef3 ph\u1eabu thu\u1eadt, tu\u1ed5i gi\u00e0 s\u1ee9c y\u1ebfu, g\u1ea7y \u1ed1m, ch\u00e1n \u0103n. B\u1ed9t Dinh D\u01b0\u1ee1ng T\u0103ng L\u1ef1c r\u1ea5t th\u00edch h\u1ee3p cho ng\u01b0\u1eddi \u0103n chay tr\u01b0\u1eddng (v\u00ec \u0111i\u1ec1u ch\u1ebf ho\u00e0n to\u00e0n b\u1eb1ng ngu\u1ed3n th\u1ef1c ph\u1ea9m th\u1ef1c v\u1eadt), cho tr\u1ebb em ch\u1eadm ph\u00e1t tri\u1ec3n, thi\u1ebfu \u0103n, suy dinh d\u01b0\u1ee1ng\u2026 H\u1eb1ng ng\u00e0y d\u00f9ng B\u1ed9t Dinh D\u01b0\u1ee1ng T\u0103ng L\u1ef1c nh\u00e3n hi\u1ec7u Nutritional Energy \u2013 CT.165 \u2013 c\u1ee7a C\u00f4ng Ty D\u01b0\u1ee3c Th\u1ea3o C\u1ea3nh Thi\u00ean, ch\u1eafc ch\u1eafc qu\u00fd v\u1ecb s\u1ebd \u0111\u01b0\u1ee3c kh\u1ecfe m\u1ea1nh, tr\u1ebb trung, gia t\u0103ng tu\u1ed5i th\u1ecd.<\/p>","protected":false},"excerpt":{"rendered":"<p>B\u1ed9t Dinh D\u01b0\u1ee1ng T\u0103ng L\u1ef1c (Nutritional Energy CT.165)&nbsp;do \u0110\u00f4ng Y S\u0129 C\u1ea3nh Thi\u00ean b\u00e0o ch\u1ebf \u0111\u01b0\u1ee3c t\u1ed5ng h\u1ee3p ho\u00e0n m\u1ef9 t\u1eeb h\u01a1n 44 lo\u1ea1i rau xanh, \u0111\u1eadu, t\u1ea3o n\u00e2u Nh\u1eadt B\u1ea3n, qu\u1ea3, c\u1ee7, m\u1ea7m h\u1ea1t, gi\u00e0u ch\u1ea5t b\u1ed5 d\u01b0\u1ee1ng, 100% organic, g\u1ed3m: ng\u0169 c\u1ed1c th\u00f4 (ch\u01b0a ch\u1ebf bi\u1ebfn), ngu\u1ed3n \u0111\u1ea1m th\u1ef1c v\u1eadt (vegan) cao c\u1ea5p,<\/p>","protected":false},"featured_media":1782,"comment_status":"closed","ping_status":"open","template":"","meta":[],"_links":{"self":[{"href":"https:\/\/the1011.com\/en\/wp-json\/wp\/v2\/product\/2009"}],"collection":[{"href":"https:\/\/the1011.com\/en\/wp-json\/wp\/v2\/product"}],"about":[{"href":"https:\/\/the1011.com\/en\/wp-json\/wp\/v2\/types\/product"}],"replies":[{"embeddable":true,"href":"https:\/\/the1011.com\/en\/wp-json\/wp\/v2\/comments?post=2009"}],"wp:featuredmedia":[{"embeddable":true,"href":"https:\/\/the1011.com\/en\/wp-json\/wp\/v2\/media\/1782"}],"wp:attachment":[{"href":"https:\/\/the1011.com\/en\/wp-json\/wp\/v2\/media?parent=2009"}],"curies":[{"name":"wp","href":"https:\/\/api.w.org\/{rel}","templated":true}]}}