{"id":2008,"date":"2024-08-05T16:28:40","date_gmt":"2024-08-05T09:28:40","guid":{"rendered":"https:\/\/the1011.com\/product\/ct-164-hoi-duong-hoan\/"},"modified":"2024-08-05T16:28:40","modified_gmt":"2024-08-05T09:28:40","slug":"ct-164-hoi-duong-hoan","status":"publish","type":"product","link":"https:\/\/the1011.com\/en\/product\/ct-164-hoi-duong-hoan\/","title":{"rendered":"CT.164: H\u1ed2I D\u01af\u01a0NG HO\u00c0N"},"content":{"rendered":"<p class=\"preFade\" style=\"white-space: pre-wrap; transition-timing-function: ease; transition-duration: 1.5s; transition-delay: 0.210526s;\"><strong>T\u00e1c d\u1ee5ng:<\/strong>&nbsp;H\u1ed3i d\u01b0\u01a1ng kh\u00ed, h\u00e0nh huy\u1ebft tr\u1ec7. C\u1ea3i thi\u1ec7n ch\u1ee9ng c\u01a1 th\u1ec3 l\u1ea1nh quanh n\u0103m, l\u1ea1nh trong x\u01b0\u01a1ng, l\u00f2ng b\u00e0n tay b\u00e0n ch\u00e2n l\u1ea1nh, da th\u1ecbt t\u00edm t\u00e1i, g\u00e2n x\u01b0\u01a1ng \u0111au m\u1ecfi, y\u1ebfu s\u1ee9c.<\/p>\n<p class=\"preFade\" style=\"white-space: pre-wrap; transition-timing-function: ease; transition-duration: 1.5s; transition-delay: 0.221053s;\"><strong>Th\u00e0nh ph\u1ea7n:<\/strong>&nbsp;Nh\u00e2n s\u00e2m, B\u1ea1ch tru\u1eadt, Th\u1ee5c Ph\u1ee5 t\u1eed, Qu\u1ebf chi, Ng\u00f4 th\u00f9 du, B\u00e1n h\u1ea1, B\u1ea1ch gi\u1edbi t\u1eed, Th\u1ea1ch x\u01b0\u01a1ng b\u1ed3\u2026<\/p>\n<p class=\"preFade\" style=\"white-space: pre-wrap; transition-timing-function: ease; transition-duration: 1.5s; transition-delay: 0.231579s;\"><strong>C\u00e1ch d\u00f9ng:<\/strong>&nbsp;Ng\u00e0y u\u1ed1ng 3 l\u1ea7n, m\u1ed7i l\u1ea7n 3-4 vi\u00ean.<\/p>\n<p class=\"preFade\" style=\"white-space: pre-wrap; transition-timing-function: ease; transition-duration: 1.5s; transition-delay: 0.242105s;\"><strong>Ki\u00eang c\u1eef:<\/strong>&nbsp;L\u00e0m vi\u1ec7c trong ph\u00f2ng l\u1ea1nh, t\u1eafm n\u01b0\u1edbc l\u1ea1nh, \u0103n u\u1ed1ng l\u1ea1nh.<\/p>","protected":false},"excerpt":{"rendered":"<p>T\u00e1c d\u1ee5ng:&nbsp;H\u1ed3i d\u01b0\u01a1ng kh\u00ed, h\u00e0nh huy\u1ebft tr\u1ec7. C\u1ea3i thi\u1ec7n ch\u1ee9ng c\u01a1 th\u1ec3 l\u1ea1nh quanh n\u0103m, l\u1ea1nh trong x\u01b0\u01a1ng, l\u00f2ng b\u00e0n tay b\u00e0n ch\u00e2n l\u1ea1nh, da th\u1ecbt t\u00edm t\u00e1i, g\u00e2n x\u01b0\u01a1ng \u0111au m\u1ecfi, y\u1ebfu s\u1ee9c. Th\u00e0nh ph\u1ea7n:&nbsp;Nh\u00e2n s\u00e2m, B\u1ea1ch tru\u1eadt, Th\u1ee5c Ph\u1ee5 t\u1eed, Qu\u1ebf chi, Ng\u00f4 th\u00f9 du, B\u00e1n h\u1ea1, B\u1ea1ch gi\u1edbi t\u1eed, Th\u1ea1ch x\u01b0\u01a1ng b\u1ed3\u2026<\/p>","protected":false},"featured_media":1860,"comment_status":"closed","ping_status":"open","template":"","meta":[],"_links":{"self":[{"href":"https:\/\/the1011.com\/en\/wp-json\/wp\/v2\/product\/2008"}],"collection":[{"href":"https:\/\/the1011.com\/en\/wp-json\/wp\/v2\/product"}],"about":[{"href":"https:\/\/the1011.com\/en\/wp-json\/wp\/v2\/types\/product"}],"replies":[{"embeddable":true,"href":"https:\/\/the1011.com\/en\/wp-json\/wp\/v2\/comments?post=2008"}],"wp:featuredmedia":[{"embeddable":true,"href":"https:\/\/the1011.com\/en\/wp-json\/wp\/v2\/media\/1860"}],"wp:attachment":[{"href":"https:\/\/the1011.com\/en\/wp-json\/wp\/v2\/media?parent=2008"}],"curies":[{"name":"wp","href":"https:\/\/api.w.org\/{rel}","templated":true}]}}