{"id":2007,"date":"2024-08-05T16:28:40","date_gmt":"2024-08-05T09:28:40","guid":{"rendered":"https:\/\/the1011.com\/product\/ct-162-song-cat-linh-chi\/"},"modified":"2024-08-05T16:28:40","modified_gmt":"2024-08-05T09:28:40","slug":"ct-162-song-cat-linh-chi","status":"publish","type":"product","link":"https:\/\/the1011.com\/en\/product\/ct-162-song-cat-linh-chi\/","title":{"rendered":"CT.162: SONG C\u00c1T LINH CHI"},"content":{"rendered":"<p class=\"preFade\" style=\"white-space: pre-wrap; transition-timing-function: ease; transition-duration: 1.5s; transition-delay: 0.210526s;\"><strong>T\u00e1c d\u1ee5ng:<\/strong>&nbsp;C\u1ea3i thi\u1ec7n v\u00e0 n\u00e2ng cao c\u1ea3 4 h\u1ec7 th\u1ed1ng c\u01a1 th\u1ec3: Mi\u1ec5n d\u1ecbch, tu\u1ea7n ho\u00e0n, h\u00f4 h\u1ea5p v\u00e0 b\u00e0i ti\u1ebft. Tr\u1eeb c\u00e1c ch\u1ee9ng: c\u1ea3m m\u1ea1o quanh n\u0103m, r\u1ed1i lo\u1ea1n huy\u1ebft \u00e1p, \u0111au th\u1eaft c\u01a1 tim, thi\u1ebfu m\u00e1u, hen suy\u1ec5n, vi\u00eam ph\u1ebf qu\u1ea3n, b\u00ed ti\u1ec3u, s\u1ecfi th\u1eadn, vi\u00eam \u0111au kh\u1edbp x\u01b0\u01a1ng, vi\u00eam gan m\u00e3n t\u00ednh, h\u1ed9i ch\u1ee9ng ph\u1ee5 n\u1eef th\u1eddi k\u1ef3 m\u00e3n kinh. Gi\u00fap t\u0103ng l\u1ef1c, t\u0103ng tr\u00ed nh\u1edb. U\u1ed1ng l\u00e2u nh\u1eb9 ng\u01b0\u1eddi, t\u0103ng tu\u1ed5i th\u1ecd.<\/p>\n<p class=\"preFade\" style=\"white-space: pre-wrap; transition-timing-function: ease; transition-duration: 1.5s; transition-delay: 0.221053s;\"><strong>Th\u00e0nh ph\u1ea7n:<\/strong>&nbsp;Huy\u1ec1n linh chi th\u1ea3o, H\u1ed3ng linh chi th\u1ea3o (tinh ch\u1ebf)<\/p>\n<p class=\"preFade\" style=\"white-space: pre-wrap; transition-timing-function: ease; transition-duration: 1.5s; transition-delay: 0.231579s;\"><strong>C\u00e1ch d\u00f9ng:<\/strong>&nbsp;Ng\u00e0y u\u1ed1ng 2-3 l\u1ea7n, m\u1ed7i l\u1ea7n 1-2 vi\u00ean t\u00f9y s\u1ee9c kh\u1ecfe.<\/p>\n<p class=\"preFade\" style=\"white-space: pre-wrap; transition-timing-function: ease; transition-duration: 1.5s; transition-delay: 0.242105s;\"><strong>Ki\u00eang c\u1eef:<\/strong>&nbsp;U\u1ed1ng c\u00e1ch xa c\u00e1c thu\u1ed1c tr\u1ecb b\u1ec7nh c\u1ee7a T\u00e2y y kho\u1ea3ng 2 ti\u1ebfng \u0111\u1ed3ng h\u1ed3.<\/p>","protected":false},"excerpt":{"rendered":"<p>T\u00e1c d\u1ee5ng:&nbsp;C\u1ea3i thi\u1ec7n v\u00e0 n\u00e2ng cao c\u1ea3 4 h\u1ec7 th\u1ed1ng c\u01a1 th\u1ec3: Mi\u1ec5n d\u1ecbch, tu\u1ea7n ho\u00e0n, h\u00f4 h\u1ea5p v\u00e0 b\u00e0i ti\u1ebft. Tr\u1eeb c\u00e1c ch\u1ee9ng: c\u1ea3m m\u1ea1o quanh n\u0103m, r\u1ed1i lo\u1ea1n huy\u1ebft \u00e1p, \u0111au th\u1eaft c\u01a1 tim, thi\u1ebfu m\u00e1u, hen suy\u1ec5n, vi\u00eam ph\u1ebf qu\u1ea3n, b\u00ed ti\u1ec3u, s\u1ecfi th\u1eadn, vi\u00eam \u0111au kh\u1edbp x\u01b0\u01a1ng, vi\u00eam gan m\u00e3n t\u00ednh,<\/p>","protected":false},"featured_media":1858,"comment_status":"closed","ping_status":"open","template":"","meta":[],"_links":{"self":[{"href":"https:\/\/the1011.com\/en\/wp-json\/wp\/v2\/product\/2007"}],"collection":[{"href":"https:\/\/the1011.com\/en\/wp-json\/wp\/v2\/product"}],"about":[{"href":"https:\/\/the1011.com\/en\/wp-json\/wp\/v2\/types\/product"}],"replies":[{"embeddable":true,"href":"https:\/\/the1011.com\/en\/wp-json\/wp\/v2\/comments?post=2007"}],"wp:featuredmedia":[{"embeddable":true,"href":"https:\/\/the1011.com\/en\/wp-json\/wp\/v2\/media\/1858"}],"wp:attachment":[{"href":"https:\/\/the1011.com\/en\/wp-json\/wp\/v2\/media?parent=2007"}],"curies":[{"name":"wp","href":"https:\/\/api.w.org\/{rel}","templated":true}]}}