{"id":2006,"date":"2024-08-05T16:28:40","date_gmt":"2024-08-05T09:28:40","guid":{"rendered":"https:\/\/the1011.com\/product\/ct-158-bo-huyet-hoan\/"},"modified":"2024-08-05T16:28:40","modified_gmt":"2024-08-05T09:28:40","slug":"ct-158-bo-huyet-hoan","status":"publish","type":"product","link":"https:\/\/the1011.com\/en\/product\/ct-158-bo-huyet-hoan\/","title":{"rendered":"CT.158: B\u1ed4 HUY\u1ebeT HO\u00c0N"},"content":{"rendered":"<p data-mce-fragment=\"1\" class=\"preFade\" style=\"transition-timing-function: ease; transition-duration: 1.5s; transition-delay: 0.203226s;\"><strong data-mce-fragment=\"1\">T\u00e1c d\u1ee5ng:<\/strong><span data-mce-fragment=\"1\">&nbsp;<\/span>B\u1ed5 sung h\u1ed3ng c\u1ea7u, b\u1ea1ch c\u1ea7u, ti\u1ec3u c\u1ea7u cho c\u01a1 th\u1ec3. C\u1ea3i thi\u1ec7n t\u00ecnh tr\u1ea1ng thi\u1ebfu m\u00e1u (thi\u1ebfu s\u1eafc t\u1ed1 hemoglobin, thi\u1ebfu ch\u1ea5t s\u1eaft) khi\u1ebfn c\u01a1 th\u1ec3 xanh xao, g\u1ea7y \u0111\u00e9t, da bong v\u1ea3y, tu\u1ed9t huy\u1ebft \u00e1p, ch\u00f3ng m\u1eb7t, tim \u0111\u1eadp nhanh, m\u1ec7t nh\u1ecdc, r\u0103ng h\u01b0, t\u00f3c r\u1ee5ng, hay ng\u1ee7 li b\u00ec.<\/p>\n<p data-mce-fragment=\"1\" class=\"preFade\" style=\"transition-timing-function: ease; transition-duration: 1.5s; transition-delay: 0.212903s;\"><strong data-mce-fragment=\"1\">Th\u00e0nh ph\u1ea7n:<\/strong><span data-mce-fragment=\"1\">&nbsp;<\/span>Th\u1ee5c \u0111\u1ecba, S\u01a1n th\u00f9, \u0110\u01b0\u01a1ng qui, B\u1ea1ch th\u01b0\u1ee3c, Ho\u00e0ng k\u1ef3\u2026<br data-mce-fragment=\"1\">C\u00e1ch d\u00f9ng: Ng\u00e0y u\u1ed1ng 3 l\u1ea7n, m\u1ed7i l\u1ea7n 3-4 vi\u00ean.<\/p>\n<p data-mce-fragment=\"1\" class=\"preFade\" style=\"transition-timing-function: ease; transition-duration: 1.5s; transition-delay: 0.222581s;\"><strong data-mce-fragment=\"1\">D\u1ea1ng cao:<\/strong><span data-mce-fragment=\"1\">&nbsp;<\/span>Take 3-4 tablespoons each time, 2-3 times daily before meals.<\/p>\n<p data-mce-fragment=\"1\" class=\"preFade\" style=\"transition-timing-function: ease; transition-duration: 1.5s; transition-delay: 0.232258s;\"><strong data-mce-fragment=\"1\">D\u1ea1ng t\u1ec5:<\/strong><span data-mce-fragment=\"1\">&nbsp;<\/span>Ng\u00e0y nhai nu\u1ed1t 2-3 l\u1ea7n, m\u1ed7i l\u1ea7n 1-2 ho\u00e0n (t\u00f9y s\u1ee9c kh\u1ecfe v\u00e0 b\u1ec7nh ch\u1ee9ng n\u1eb7ng nh\u1eb9 \u0111\u1ec3 s\u1eed d\u1ee5ng li\u1ec1u l\u01b0\u1ee3ng th\u00edch h\u1ee3p).<\/p>\n<p data-mce-fragment=\"1\" class=\"preFade\" style=\"transition-timing-function: ease; transition-duration: 1.5s; transition-delay: 0.241935s;\"><strong data-mce-fragment=\"1\">Ki\u00eang c\u1eef:<\/strong><span data-mce-fragment=\"1\">&nbsp;<\/span>R\u01b0\u1ee3u, thu\u1ed1c l\u00e1, ma t\u00fay, th\u1ef1c ph\u1ea9m \u0111\u00f3ng h\u1ed9p, ph\u01a1i s\u1ea5y kh\u00f4, m\u00ec g\u00f3i.<\/p>","protected":false},"excerpt":{"rendered":"<p>T\u00e1c d\u1ee5ng:&nbsp;B\u1ed5 sung h\u1ed3ng c\u1ea7u, b\u1ea1ch c\u1ea7u, ti\u1ec3u c\u1ea7u cho c\u01a1 th\u1ec3. C\u1ea3i thi\u1ec7n t\u00ecnh tr\u1ea1ng thi\u1ebfu m\u00e1u (thi\u1ebfu s\u1eafc t\u1ed1 hemoglobin, thi\u1ebfu ch\u1ea5t s\u1eaft) khi\u1ebfn c\u01a1 th\u1ec3 xanh xao, g\u1ea7y \u0111\u00e9t, da bong v\u1ea3y, tu\u1ed9t huy\u1ebft \u00e1p, ch\u00f3ng m\u1eb7t, tim \u0111\u1eadp nhanh, m\u1ec7t nh\u1ecdc, r\u0103ng h\u01b0, t\u00f3c r\u1ee5ng, hay ng\u1ee7 li b\u00ec. Th\u00e0nh ph\u1ea7n:&nbsp;Th\u1ee5c<\/p>","protected":false},"featured_media":1855,"comment_status":"closed","ping_status":"open","template":"","meta":[],"_links":{"self":[{"href":"https:\/\/the1011.com\/en\/wp-json\/wp\/v2\/product\/2006"}],"collection":[{"href":"https:\/\/the1011.com\/en\/wp-json\/wp\/v2\/product"}],"about":[{"href":"https:\/\/the1011.com\/en\/wp-json\/wp\/v2\/types\/product"}],"replies":[{"embeddable":true,"href":"https:\/\/the1011.com\/en\/wp-json\/wp\/v2\/comments?post=2006"}],"wp:featuredmedia":[{"embeddable":true,"href":"https:\/\/the1011.com\/en\/wp-json\/wp\/v2\/media\/1855"}],"wp:attachment":[{"href":"https:\/\/the1011.com\/en\/wp-json\/wp\/v2\/media?parent=2006"}],"curies":[{"name":"wp","href":"https:\/\/api.w.org\/{rel}","templated":true}]}}