{"id":2005,"date":"2024-08-05T16:28:40","date_gmt":"2024-08-05T09:28:40","guid":{"rendered":"https:\/\/the1011.com\/product\/ct-157-bo-duong-khi-tang-luc\/"},"modified":"2024-08-05T16:28:40","modified_gmt":"2024-08-05T09:28:40","slug":"ct-157-bo-duong-khi-tang-luc","status":"publish","type":"product","link":"https:\/\/the1011.com\/en\/product\/ct-157-bo-duong-khi-tang-luc\/","title":{"rendered":"CT.157: B\u1ed4 D\u01af\u01a0NG KH\u00cd &#8211; T\u0102NG L\u1ef0C"},"content":{"rendered":"<p class=\"preFade\" style=\"transition-timing-function: ease; transition-duration: 1.5s; transition-delay: 0.210526s;\"><strong>T\u00e1c d\u1ee5ng:<\/strong><span>&nbsp;<\/span>\u0110\u1ea1i b\u1ed5 ch\u00e2n kh\u00ed, gia t\u0103ng s\u1ee9c kh\u1ecfe. C\u1ea3i thi\u1ec7n c\u00e1c ch\u1ee9ng y\u1ebfu s\u1ee9c, m\u1ec7t nh\u1ecdc, hen suy\u1ec5n, h\u01a1i th\u1edf ng\u1eafn, huy\u1ebft \u00e1p th\u1ea5p, tim \u0111\u1eadp nhanh, s\u1ee3 l\u1ea1nh, tay ch\u00e2n l\u1ea1nh.<\/p>\n<p class=\"preFade\" style=\"transition-timing-function: ease; transition-duration: 1.5s; transition-delay: 0.221053s;\"><strong>Th\u00e0nh ph\u1ea7n:<\/strong><span>&nbsp;<\/span>H\u1ed3ng s\u00e2m, Ho\u00e0ng k\u1ef3, B\u1ea1ch th\u01b0\u1ee3c, Ph\u1ee5c linh, B\u1ea1ch tru\u1eadt, Tr\u1ea7n b\u00ec, Ng\u0169 v\u1ecb t\u1eed, M\u1ea1ch m\u00f4n \u0111\u00f4ng\u2026.<\/p>\n<p class=\"preFade\" style=\"transition-timing-function: ease; transition-duration: 1.5s; transition-delay: 0.231579s;\"><strong>C\u00e1ch d\u00f9ng:<\/strong><span>&nbsp;<\/span>Ng\u00e0y u\u1ed1ng 3 l\u1ea7n, m\u1ed7i l\u1ea7n 3-4 vi\u00ean.<\/p>\n<p class=\"preFade\" style=\"transition-timing-function: ease; transition-duration: 1.5s; transition-delay: 0.242105s;\"><strong>Ki\u00eang c\u1eef:<\/strong><span>&nbsp;<\/span>L\u00e0m vi\u1ec7c n\u1eb7ng nh\u1ecdc, th\u1ee9c \u0111\u00eam. C\u1ea7n \u0103n u\u1ed1ng \u0111\u1ea7y \u0111\u1ee7 ch\u1ea5t dinh d\u01b0\u1ee1ng.<\/p>","protected":false},"excerpt":{"rendered":"<p>T\u00e1c d\u1ee5ng:&nbsp;\u0110\u1ea1i b\u1ed5 ch\u00e2n kh\u00ed, gia t\u0103ng s\u1ee9c kh\u1ecfe. C\u1ea3i thi\u1ec7n c\u00e1c ch\u1ee9ng y\u1ebfu s\u1ee9c, m\u1ec7t nh\u1ecdc, hen suy\u1ec5n, h\u01a1i th\u1edf ng\u1eafn, huy\u1ebft \u00e1p th\u1ea5p, tim \u0111\u1eadp nhanh, s\u1ee3 l\u1ea1nh, tay ch\u00e2n l\u1ea1nh. Th\u00e0nh ph\u1ea7n:&nbsp;H\u1ed3ng s\u00e2m, Ho\u00e0ng k\u1ef3, B\u1ea1ch th\u01b0\u1ee3c, Ph\u1ee5c linh, B\u1ea1ch tru\u1eadt, Tr\u1ea7n b\u00ec, Ng\u0169 v\u1ecb t\u1eed, M\u1ea1ch m\u00f4n \u0111\u00f4ng\u2026. C\u00e1ch d\u00f9ng:&nbsp;Ng\u00e0y u\u1ed1ng<\/p>","protected":false},"featured_media":1854,"comment_status":"closed","ping_status":"open","template":"","meta":[],"_links":{"self":[{"href":"https:\/\/the1011.com\/en\/wp-json\/wp\/v2\/product\/2005"}],"collection":[{"href":"https:\/\/the1011.com\/en\/wp-json\/wp\/v2\/product"}],"about":[{"href":"https:\/\/the1011.com\/en\/wp-json\/wp\/v2\/types\/product"}],"replies":[{"embeddable":true,"href":"https:\/\/the1011.com\/en\/wp-json\/wp\/v2\/comments?post=2005"}],"wp:featuredmedia":[{"embeddable":true,"href":"https:\/\/the1011.com\/en\/wp-json\/wp\/v2\/media\/1854"}],"wp:attachment":[{"href":"https:\/\/the1011.com\/en\/wp-json\/wp\/v2\/media?parent=2005"}],"curies":[{"name":"wp","href":"https:\/\/api.w.org\/{rel}","templated":true}]}}