{"id":2004,"date":"2024-08-05T16:28:36","date_gmt":"2024-08-05T09:28:36","guid":{"rendered":"https:\/\/the1011.com\/product\/ct-156-nhan-sam-cuong-luc-hoan\/"},"modified":"2024-08-05T16:28:39","modified_gmt":"2024-08-05T09:28:39","slug":"ct-156-nhan-sam-cuong-luc-hoan","status":"publish","type":"product","link":"https:\/\/the1011.com\/en\/product\/ct-156-nhan-sam-cuong-luc-hoan\/","title":{"rendered":"CT.156: NH\u00c2N S\u00c2M C\u01af\u1edcNG L\u1ef0C HO\u00c0N"},"content":{"rendered":"<p class=\"preFade\" style=\"transition-timing-function: ease; transition-duration: 1.5s; transition-delay: 0.210526s;\"><strong>T\u00e1c d\u1ee5ng:<\/strong><span>&nbsp;<\/span>\u0110\u1ea1i b\u1ed5 Ng\u0169 t\u1ea1ng (T\u00e2m, Can, T\u1ef3, Ph\u1ebf, Th\u1eadn), y\u00ean tinh th\u1ea7n, \u0111\u1ecbnh h\u1ed3n ph\u00e1ch, tr\u1eeb s\u1ee3 h\u00e3i, d\u1eb9p t\u00e0 kh\u00ed, gia t\u0103ng s\u1ee9c l\u1ef1c, s\u00e1ng m\u1eaft, kh\u1ecfe d\u1ea1 d\u00e0y v\u00e0 ru\u1ed9t, c\u1ea7m n\u00f4n m\u1eeda. U\u1ed1ng l\u00e2u nh\u1eb9 ng\u01b0\u1eddi, t\u0103ng tu\u1ed5i th\u1ecd.<\/p>\n<p class=\"preFade\" style=\"transition-timing-function: ease; transition-duration: 1.5s; transition-delay: 0.221053s;\"><strong>Th\u00e0nh ph\u1ea7n:<\/strong><span>&nbsp;<\/span>Ch\u00e1nh D\u00e3 Nh\u00e2n s\u00e2m (Nh\u00e2n s\u00e2m m\u1ecdc hoang d\u00e3, t\u1ef1 nhi\u00ean, ph\u1ea9m ch\u1ea5t t\u1ed1t v\u00e0 m\u1ea1nh h\u01a1n Nh\u00e2n s\u00e2m tr\u1ed3ng).<\/p>\n<p class=\"preFade\" style=\"transition-timing-function: ease; transition-duration: 1.5s; transition-delay: 0.231579s;\"><strong>C\u00e1ch d\u00f9ng:<\/strong><span>&nbsp;<\/span>Ng\u00e0y u\u1ed1ng 2-3 l\u1ea7n, m\u1ed7i l\u1ea7n 1-2 vi\u00ean.<\/p>\n<p class=\"preFade\" style=\"transition-timing-function: ease; transition-duration: 1.5s; transition-delay: 0.242105s;\"><strong>Ki\u00eang c\u1eef:<\/strong><span>&nbsp;<\/span>Kh\u00f4ng ch\u1ec9 \u0111\u1ecbnh (ki\u00eang c\u1eef) v\u1edbi b\u1ea5t k\u1ef3 b\u1ec7nh g\u00ec, b\u1ea5t k\u1ef3 thu\u1ed1c n\u00e0o, k\u1ec3 c\u1ea3 \u00c2u d\u01b0\u1ee3c.<\/p>","protected":false},"excerpt":{"rendered":"<p>T\u00e1c d\u1ee5ng:&nbsp;\u0110\u1ea1i b\u1ed5 Ng\u0169 t\u1ea1ng (T\u00e2m, Can, T\u1ef3, Ph\u1ebf, Th\u1eadn), y\u00ean tinh th\u1ea7n, \u0111\u1ecbnh h\u1ed3n ph\u00e1ch, tr\u1eeb s\u1ee3 h\u00e3i, d\u1eb9p t\u00e0 kh\u00ed, gia t\u0103ng s\u1ee9c l\u1ef1c, s\u00e1ng m\u1eaft, kh\u1ecfe d\u1ea1 d\u00e0y v\u00e0 ru\u1ed9t, c\u1ea7m n\u00f4n m\u1eeda. U\u1ed1ng l\u00e2u nh\u1eb9 ng\u01b0\u1eddi, t\u0103ng tu\u1ed5i th\u1ecd. Th\u00e0nh ph\u1ea7n:&nbsp;Ch\u00e1nh D\u00e3 Nh\u00e2n s\u00e2m (Nh\u00e2n s\u00e2m m\u1ecdc hoang d\u00e3, t\u1ef1 nhi\u00ean,<\/p>","protected":false},"featured_media":1853,"comment_status":"closed","ping_status":"open","template":"","meta":[],"_links":{"self":[{"href":"https:\/\/the1011.com\/en\/wp-json\/wp\/v2\/product\/2004"}],"collection":[{"href":"https:\/\/the1011.com\/en\/wp-json\/wp\/v2\/product"}],"about":[{"href":"https:\/\/the1011.com\/en\/wp-json\/wp\/v2\/types\/product"}],"replies":[{"embeddable":true,"href":"https:\/\/the1011.com\/en\/wp-json\/wp\/v2\/comments?post=2004"}],"wp:featuredmedia":[{"embeddable":true,"href":"https:\/\/the1011.com\/en\/wp-json\/wp\/v2\/media\/1853"}],"wp:attachment":[{"href":"https:\/\/the1011.com\/en\/wp-json\/wp\/v2\/media?parent=2004"}],"curies":[{"name":"wp","href":"https:\/\/api.w.org\/{rel}","templated":true}]}}