{"id":2003,"date":"2024-08-05T16:28:36","date_gmt":"2024-08-05T09:28:36","guid":{"rendered":"https:\/\/the1011.com\/product\/ct-150-shampoo-duoc-thao-goi-dau\/"},"modified":"2024-08-05T16:28:39","modified_gmt":"2024-08-05T09:28:39","slug":"ct-150-shampoo-duoc-thao-goi-dau","status":"publish","type":"product","link":"https:\/\/the1011.com\/en\/product\/ct-150-shampoo-duoc-thao-goi-dau\/","title":{"rendered":"CT.150: SHAMPOO D\u01af\u1ee2C TH\u1ea2O G\u1ed8I \u0110\u1ea6U"},"content":{"rendered":"<p class=\"preFade\" style=\"white-space: pre-wrap; transition-timing-function: ease; transition-duration: 1.5s; transition-delay: 0.210526s;\"><strong>T\u00e1c d\u1ee5ng:<\/strong> Tr\u1eeb g\u00e0u \u0111\u1ea7u, ng\u1ee9a da \u0111\u1ea7u, t\u00f3c kh\u00f4, t\u00f3c g\u1ea3y, t\u00f3c r\u1ee5ng, t\u00f3c b\u1ea1c s\u1edbm. Gi\u00fap gia t\u0103ng tu\u1ea7n ho\u00e0n m\u00e1u, c\u00e2n b\u1eb1ng \u0111\u1ed9 ki\u1ec1m (pH) gi\u00fap nu\u00f4i d\u01b0\u1ee1ng t\u00f3c, k\u00edch th\u00edch t\u00f3c m\u1ecdc tr\u1edf l\u1ea1i, t\u1ea1o m\u00e0u t\u00f3c \u00f3ng \u00e1nh, \u0111en<br \/>m\u01b0\u1ee3t, kh\u1ecfe m\u1ea1nh.<\/p>\n<p style=\"text-align: start; white-space: pre-wrap; transition-timing-function: ease; transition-duration: 1.5s; transition-delay: 0.221053s;\" class=\"preFade\"><strong>Th\u00e0nh ph\u1ea7n:<\/strong> T\u1ea1o gi\u00e1p, Nh\u00e2n s\u00e2m, Tr\u1eafc b\u00e1ch di\u1ec7p, Tang b\u1ea1ch b\u00ec, B\u1ea1ch ch\u1ec9, H\u00e0 th\u1ee7 \u00f4, Tr\u1ea7m h\u01b0\u01a1ng\u2026<\/p>\n<p style=\"text-align: start; white-space: pre-wrap; transition-timing-function: ease; transition-duration: 1.5s; transition-delay: 0.231579s;\" class=\"preFade\"><strong>C\u00e1ch d\u00f9ng:<\/strong> Tr\u01b0\u1edbc h\u1ebft, l\u00e0m \u01b0\u1edbt t\u00f3c. Cho v\u00e0o l\u00f2ng b\u00e0n tay m\u1ed9t l\u01b0\u1ee3ng shampoo th\u1ea3o d\u01b0\u1ee3c v\u1eeba \u0111\u1ee7, thoa \u0111\u1ec1u l\u00ean t\u00f3c v\u00e0 da \u0111\u1ea7u, g\u1ed9i 40-60 gi\u00e2y r\u1ed3i x\u1ea3 s\u1ea1ch b\u1eb1ng n\u01b0\u1edbc l\u1ea1nh. Th\u00eam shampoo th\u1ea3o d\u01b0\u1ee3c g\u1ed9i \u0111\u1ea7u l\u1ea7n th\u1ee9 hai v\u00e0 l\u1ea7n n\u1ea7y d\u00f9ng c\u00e1c \u0111\u1ea7u ng\u00f3n tay massage nh\u1eb9 da \u0111\u1ea7u r\u1ed3i x\u1ea3 s\u1ea1ch b\u1eb1ng n\u01b0\u1edbc l\u1ea1nh. Sau c\u00f9ng, d\u00f9ng kh\u0103n l\u00f4ng d\u00e0y t\u1eeb t\u1eeb lau kh\u00f4 t\u00f3c.<\/p>\n<p style=\"text-align: start; white-space: pre-wrap; transition-timing-function: ease; transition-duration: 1.5s; transition-delay: 0.242105s;\" class=\"preFade\"><strong>Ki\u00eang c\u1eef:<\/strong> H\u1ea1n ch\u1ebf d\u00f9ng m\u00e1y s\u1ea5y t\u00f3c.<\/p>","protected":false},"excerpt":{"rendered":"<p>T\u00e1c d\u1ee5ng: Tr\u1eeb g\u00e0u \u0111\u1ea7u, ng\u1ee9a da \u0111\u1ea7u, t\u00f3c kh\u00f4, t\u00f3c g\u1ea3y, t\u00f3c r\u1ee5ng, t\u00f3c b\u1ea1c s\u1edbm. Gi\u00fap gia t\u0103ng tu\u1ea7n ho\u00e0n m\u00e1u, c\u00e2n b\u1eb1ng \u0111\u1ed9 ki\u1ec1m (pH) gi\u00fap nu\u00f4i d\u01b0\u1ee1ng t\u00f3c, k\u00edch th\u00edch t\u00f3c m\u1ecdc tr\u1edf l\u1ea1i, t\u1ea1o m\u00e0u t\u00f3c \u00f3ng \u00e1nh, \u0111enm\u01b0\u1ee3t, kh\u1ecfe m\u1ea1nh. Th\u00e0nh ph\u1ea7n: T\u1ea1o gi\u00e1p, Nh\u00e2n s\u00e2m, Tr\u1eafc b\u00e1ch di\u1ec7p,<\/p>","protected":false},"featured_media":1779,"comment_status":"closed","ping_status":"open","template":"","meta":[],"_links":{"self":[{"href":"https:\/\/the1011.com\/en\/wp-json\/wp\/v2\/product\/2003"}],"collection":[{"href":"https:\/\/the1011.com\/en\/wp-json\/wp\/v2\/product"}],"about":[{"href":"https:\/\/the1011.com\/en\/wp-json\/wp\/v2\/types\/product"}],"replies":[{"embeddable":true,"href":"https:\/\/the1011.com\/en\/wp-json\/wp\/v2\/comments?post=2003"}],"wp:featuredmedia":[{"embeddable":true,"href":"https:\/\/the1011.com\/en\/wp-json\/wp\/v2\/media\/1779"}],"wp:attachment":[{"href":"https:\/\/the1011.com\/en\/wp-json\/wp\/v2\/media?parent=2003"}],"curies":[{"name":"wp","href":"https:\/\/api.w.org\/{rel}","templated":true}]}}