{"id":2002,"date":"2024-08-05T16:28:36","date_gmt":"2024-08-05T09:28:36","guid":{"rendered":"https:\/\/the1011.com\/product\/ct-149-ban-tay-dep-fairy-hands\/"},"modified":"2024-08-05T16:28:39","modified_gmt":"2024-08-05T09:28:39","slug":"ct-149-ban-tay-dep-fairy-hands","status":"publish","type":"product","link":"https:\/\/the1011.com\/en\/product\/ct-149-ban-tay-dep-fairy-hands\/","title":{"rendered":"CT.149 \u2013 B\u00c0N TAY \u0110\u1eb8P (FAIRY HANDS)"},"content":{"rendered":"<p class=\"preFade\" style=\"white-space: pre-wrap; transition-timing-function: ease; transition-duration: 1.5s; transition-delay: 0.235294s;\"><strong>T\u00e1c d\u1ee5ng:<\/strong> C\u1ea3i thi\u1ec7n da b\u00e0n tay b\u1ecb kh\u00f4 nh\u00e1m, n\u1ee9t n\u1ebb, tr\u00f3c da, s\u1eebng h\u00f3a, n\u1ed5i m\u1ee5n n\u01b0\u1edbc, vi\u00eam l\u1edf, ng\u1ee9a g\u00e3i, \u0111au nh\u1ee9c\u2026Ph\u1ee5c h\u1ed3i s\u1eafc da b\u00e0n tay m\u1ec1m m\u1ea1i, t\u01b0\u01a1i m\u1ecbn, h\u1ed3ng h\u00e0o, xinh \u0111\u1eb9p.<\/p>\n<p style=\"text-align: start; white-space: pre-wrap; transition-timing-function: ease; transition-duration: 1.5s; transition-delay: 0.247059s;\" class=\"preFade\"><strong>Th\u00e0nh ph\u1ea7n:<\/strong> \u0110\u01b0\u01a1ng qui, Sinh \u0111\u1ecba, Ng\u01b0u t\u1ea5t, C\u00e2u k\u1ef7 t\u1eed, B\u1ea1ch ti\u00ean b\u00ec, B\u1ea1ch t\u1eadt l\u00ea, Ho\u00e0ng b\u00e1, Tri m\u1eabu, Th\u1ed5 Ph\u1ee5c linh\u2026<br \/><strong>C\u00e1ch d\u00f9ng:<\/strong> Ng\u00e0y u\u1ed1ng 3 l\u1ea7n, m\u1ed7i l\u1ea7n 3-4 vi\u00ean.<br \/><strong>Ki\u00eang c\u1eef:<\/strong> Tr\u00e1nh ng\u00e2m b\u00e0n tay qu\u00e1 l\u00e2u trong n\u01b0\u1edbc b\u1ea9n, d\u00f9ng x\u00e0 ph\u00f2ng ch\u1ee9a thu\u1ed1c t\u1ea9y m\u1ea1nh, ti\u1ebfp x\u00fac h\u00f3a ch\u1ea5t \u0111\u1ed9c h\u1ea1i. C\u1ea7n duy tr\u00ec ngu\u1ed3n rau xanh, qu\u1ea3, h\u1ea1t, ch\u1ea5t kho\u00e1ng h\u1eefu \u00edch trong b\u1eefa \u0103n.<\/p>","protected":false},"excerpt":{"rendered":"<p>T\u00e1c d\u1ee5ng: C\u1ea3i thi\u1ec7n da b\u00e0n tay b\u1ecb kh\u00f4 nh\u00e1m, n\u1ee9t n\u1ebb, tr\u00f3c da, s\u1eebng h\u00f3a, n\u1ed5i m\u1ee5n n\u01b0\u1edbc, vi\u00eam l\u1edf, ng\u1ee9a g\u00e3i, \u0111au nh\u1ee9c\u2026Ph\u1ee5c h\u1ed3i s\u1eafc da b\u00e0n tay m\u1ec1m m\u1ea1i, t\u01b0\u01a1i m\u1ecbn, h\u1ed3ng h\u00e0o, xinh \u0111\u1eb9p. Th\u00e0nh ph\u1ea7n: \u0110\u01b0\u01a1ng qui, Sinh \u0111\u1ecba, Ng\u01b0u t\u1ea5t, C\u00e2u k\u1ef7 t\u1eed, B\u1ea1ch ti\u00ean b\u00ec, B\u1ea1ch t\u1eadt l\u00ea,<\/p>","protected":false},"featured_media":1852,"comment_status":"closed","ping_status":"open","template":"","meta":[],"_links":{"self":[{"href":"https:\/\/the1011.com\/en\/wp-json\/wp\/v2\/product\/2002"}],"collection":[{"href":"https:\/\/the1011.com\/en\/wp-json\/wp\/v2\/product"}],"about":[{"href":"https:\/\/the1011.com\/en\/wp-json\/wp\/v2\/types\/product"}],"replies":[{"embeddable":true,"href":"https:\/\/the1011.com\/en\/wp-json\/wp\/v2\/comments?post=2002"}],"wp:featuredmedia":[{"embeddable":true,"href":"https:\/\/the1011.com\/en\/wp-json\/wp\/v2\/media\/1852"}],"wp:attachment":[{"href":"https:\/\/the1011.com\/en\/wp-json\/wp\/v2\/media?parent=2002"}],"curies":[{"name":"wp","href":"https:\/\/api.w.org\/{rel}","templated":true}]}}