{"id":2001,"date":"2024-08-05T16:28:36","date_gmt":"2024-08-05T09:28:36","guid":{"rendered":"https:\/\/the1011.com\/product\/ct-148-mong-tay-dep-nails-no-1\/"},"modified":"2024-08-05T16:28:38","modified_gmt":"2024-08-05T09:28:38","slug":"ct-148-mong-tay-dep-nails-no-1","status":"publish","type":"product","link":"https:\/\/the1011.com\/en\/product\/ct-148-mong-tay-dep-nails-no-1\/","title":{"rendered":"CT.148 &#8211; M\u00d3NG TAY \u0110\u1eb8P (NAILS NO. 1)"},"content":{"rendered":"<p class=\"preFade\" style=\"transition-timing-function: ease; transition-duration: 1.5s; transition-delay: 0.235294s;\"><strong>T\u00e1c d\u1ee5ng:<\/strong><span>&nbsp;<\/span>C\u1ea3i thi\u1ec7n m\u00e0u s\u1eafc v\u00e0 c\u1ea5u tr\u00fac m\u00f3ng tay ch\u00e2n b\u1ecb kh\u00f4, d\u00e0y, n\u1ed5i s\u1ecdc d\u01b0a, v\u00eanh n\u1ee9t, gi\u00f2n g\u1ea3y, x\u00e1m tro, nhi\u1ec5m n\u1ea5m, h\u00f3a m\u00f9n v\u00f4i do b\u1ec7nh v\u1ea3y n\u1ebfn.<\/p>\n<p class=\"preFade\" style=\"transition-timing-function: ease; transition-duration: 1.5s; transition-delay: 0.247059s;\"><strong>Th\u00e0nh ph\u1ea7n:<\/strong><span>&nbsp;<\/span>Ph\u00fac b\u1ed3n t\u1eed, X\u00edch th\u01b0\u1ee3c, \u0110an s\u00e2m, C\u00e2u k\u1ef7 t\u1eed, H\u00e0 th\u1ee7 \u00f4, Ho\u00e0ng tinh, H\u1ea1n li\u00ean th\u1ea3o, S\u01a1n th\u00f9, Xuy\u00ean khung, Sinh \u0111\u1ecba\u2026<br \/><strong>C\u00e1ch d\u00f9ng:<\/strong><span>&nbsp;<\/span>Ng\u00e0y u\u1ed1ng 3 l\u1ea7n, m\u1ed7i l\u1ea7n 3-4 vi\u00ean.<br \/><strong>Ki\u00eang c\u1eef:<\/strong><span>&nbsp;<\/span>Lu\u00f4n gi\u1eef m\u00f3ng kh\u00f4, s\u1ea1ch. Tr\u00e1nh ng\u00e2m tay ch\u00e2n qu\u00e1 l\u00e2u trong n\u01b0\u1edbc b\u1ea9n, d\u00f9ng x\u00e0 ph\u00f2ng ch\u1ee9a thu\u1ed1c t\u1ea9y m\u1ea1nh, ti\u1ebfp<br \/>x\u00fac h\u00f3a ch\u1ea5t \u0111\u1ed9c h\u1ea1i. C\u1ea7n duy tr\u00ec rau xanh, qu\u1ea3, h\u1ea1t, ch\u1ea5t kho\u00e1ng h\u1eefu \u00edch trong b\u1eefa \u0103n.<\/p>","protected":false},"excerpt":{"rendered":"<p>T\u00e1c d\u1ee5ng:&nbsp;C\u1ea3i thi\u1ec7n m\u00e0u s\u1eafc v\u00e0 c\u1ea5u tr\u00fac m\u00f3ng tay ch\u00e2n b\u1ecb kh\u00f4, d\u00e0y, n\u1ed5i s\u1ecdc d\u01b0a, v\u00eanh n\u1ee9t, gi\u00f2n g\u1ea3y, x\u00e1m tro, nhi\u1ec5m n\u1ea5m, h\u00f3a m\u00f9n v\u00f4i do b\u1ec7nh v\u1ea3y n\u1ebfn. Th\u00e0nh ph\u1ea7n:&nbsp;Ph\u00fac b\u1ed3n t\u1eed, X\u00edch th\u01b0\u1ee3c, \u0110an s\u00e2m, C\u00e2u k\u1ef7 t\u1eed, H\u00e0 th\u1ee7 \u00f4, Ho\u00e0ng tinh, H\u1ea1n li\u00ean th\u1ea3o, S\u01a1n th\u00f9, Xuy\u00ean khung,<\/p>","protected":false},"featured_media":1851,"comment_status":"closed","ping_status":"open","template":"","meta":[],"_links":{"self":[{"href":"https:\/\/the1011.com\/en\/wp-json\/wp\/v2\/product\/2001"}],"collection":[{"href":"https:\/\/the1011.com\/en\/wp-json\/wp\/v2\/product"}],"about":[{"href":"https:\/\/the1011.com\/en\/wp-json\/wp\/v2\/types\/product"}],"replies":[{"embeddable":true,"href":"https:\/\/the1011.com\/en\/wp-json\/wp\/v2\/comments?post=2001"}],"wp:featuredmedia":[{"embeddable":true,"href":"https:\/\/the1011.com\/en\/wp-json\/wp\/v2\/media\/1851"}],"wp:attachment":[{"href":"https:\/\/the1011.com\/en\/wp-json\/wp\/v2\/media?parent=2001"}],"curies":[{"name":"wp","href":"https:\/\/api.w.org\/{rel}","templated":true}]}}