{"id":2000,"date":"2024-08-05T16:28:36","date_gmt":"2024-08-05T09:28:36","guid":{"rendered":"https:\/\/the1011.com\/product\/ct-147-toc-bac-som-premature-hoary-hair\/"},"modified":"2024-08-05T16:28:38","modified_gmt":"2024-08-05T09:28:38","slug":"ct-147-toc-bac-som-premature-hoary-hair","status":"publish","type":"product","link":"https:\/\/the1011.com\/en\/product\/ct-147-toc-bac-som-premature-hoary-hair\/","title":{"rendered":"CT.147 &#8211; T\u00d3C B\u1ea0C S\u1edaM (PREMATURE HOARY HAIR)"},"content":{"rendered":"<p class=\"preFade\" style=\"transition-timing-function: ease; transition-duration: 1.5s; transition-delay: 0.242308s;\"><strong>T\u00e1c d\u1ee5ng:<\/strong><span>&nbsp;<\/span>B\u1ed5 Can Th\u1eadn, t\u0103ng kh\u00ed huy\u1ebft. Gi\u00fap c\u00e2n b\u1eb1ng r\u1ed1i lo\u1ea1n s\u1eafc t\u1ed1 melanin v\u00e0 albumin. Ch\u1eb7n \u0111\u1ee9ng hi\u1ec7n t\u01b0\u1ee3ng t\u00f3c b\u1ea1c s\u1edbm so v\u1edbi tu\u1ed5i \u0111\u1eddi. B\u1eaft \u0111\u1ea7u t\u1eeb ch\u00e2n t\u00f3c, m\u00e0u \u0111en nguy\u00ean th\u1ee7y s\u1ebd t\u00e1i xu\u1ea5t hi\u1ec7n, m\u1ecdc l\u00eannhanh ch\u00f3ng.<\/p>\n<p class=\"preFade\" style=\"transition-timing-function: ease; transition-duration: 1.5s; transition-delay: 0.253846s;\"><strong>Th\u00e0nh ph\u1ea7n:<\/strong><span>&nbsp;<\/span>Th\u1ee5c \u0111\u1ecba, Ho\u00e0i s\u01a1n, S\u01a1n th\u00f9 nh\u1ee5c, H\u1eafc chi ma, \u0110\u01b0\u01a1ng qui, Tang th\u1ea7m t\u1eed..<br \/><strong>C\u00e1ch d\u00f9ng:<\/strong><span>&nbsp;<\/span>Ng\u00e0y u\u1ed1ng 3 l\u1ea7n, m\u1ed7i l\u1ea7n 3-4 vi\u00ean, \u00edt l\u00e2u ch\u00e2n t\u00f3c m\u1ecdc \u0111en tr\u1edf l\u1ea1i.<br \/><strong>Ki\u00eang c\u1eef:<\/strong><span>&nbsp;<\/span>Tr\u00e1nh c\u0103ng th\u1eb3ng, th\u1ee9c khuya, l\u1ea1m d\u1ee5ng r\u01b0\u1ee3u, h\u00fat thu\u1ed1c l\u00e1, dinh d\u01b0\u1ee1ng k\u00e9m (\u0111\u1eb7c bi\u1ec7t vitamin B12 v\u00e0 E). Ch\u00fa \u00fd<br \/>c\u00e1c nh\u00e2n t\u1ed1: thu\u1ed1c nhu\u1ed9m t\u00f3c, m\u1ef9 ph\u1ea9m, \u0103n qu\u00e1 nhi\u1ec1u th\u1ecbt, \u0111\u01b0\u1eddng, thu\u1ed1c ch\u1ed1ng tr\u1ea7m c\u1ea3m, ch\u1ed1ng vi\u00eam kh\u1edbp\u2026<\/p>","protected":false},"excerpt":{"rendered":"<p>T\u00e1c d\u1ee5ng:&nbsp;B\u1ed5 Can Th\u1eadn, t\u0103ng kh\u00ed huy\u1ebft. Gi\u00fap c\u00e2n b\u1eb1ng r\u1ed1i lo\u1ea1n s\u1eafc t\u1ed1 melanin v\u00e0 albumin. Ch\u1eb7n \u0111\u1ee9ng hi\u1ec7n t\u01b0\u1ee3ng t\u00f3c b\u1ea1c s\u1edbm so v\u1edbi tu\u1ed5i \u0111\u1eddi. B\u1eaft \u0111\u1ea7u t\u1eeb ch\u00e2n t\u00f3c, m\u00e0u \u0111en nguy\u00ean th\u1ee7y s\u1ebd t\u00e1i xu\u1ea5t hi\u1ec7n, m\u1ecdc l\u00eannhanh ch\u00f3ng. Th\u00e0nh ph\u1ea7n:&nbsp;Th\u1ee5c \u0111\u1ecba, Ho\u00e0i s\u01a1n, S\u01a1n th\u00f9 nh\u1ee5c, H\u1eafc chi ma,<\/p>","protected":false},"featured_media":1850,"comment_status":"closed","ping_status":"open","template":"","meta":[],"_links":{"self":[{"href":"https:\/\/the1011.com\/en\/wp-json\/wp\/v2\/product\/2000"}],"collection":[{"href":"https:\/\/the1011.com\/en\/wp-json\/wp\/v2\/product"}],"about":[{"href":"https:\/\/the1011.com\/en\/wp-json\/wp\/v2\/types\/product"}],"replies":[{"embeddable":true,"href":"https:\/\/the1011.com\/en\/wp-json\/wp\/v2\/comments?post=2000"}],"wp:featuredmedia":[{"embeddable":true,"href":"https:\/\/the1011.com\/en\/wp-json\/wp\/v2\/media\/1850"}],"wp:attachment":[{"href":"https:\/\/the1011.com\/en\/wp-json\/wp\/v2\/media?parent=2000"}],"curies":[{"name":"wp","href":"https:\/\/api.w.org\/{rel}","templated":true}]}}