{"id":1999,"date":"2024-08-05T16:28:36","date_gmt":"2024-08-05T09:28:36","guid":{"rendered":"https:\/\/the1011.com\/product\/ct-146-toc-rung-tung-mang-hoi-dau-alopecia-areata-baldness\/"},"modified":"2024-08-05T16:28:38","modified_gmt":"2024-08-05T09:28:38","slug":"ct-146-toc-rung-tung-mang-hoi-dau-alopecia-areata-baldness","status":"publish","type":"product","link":"https:\/\/the1011.com\/en\/product\/ct-146-toc-rung-tung-mang-hoi-dau-alopecia-areata-baldness\/","title":{"rendered":"CT.146 \u2013 T\u00d3C R\u1ee4NG T\u1eeaNG M\u1ea2NG, H\u00d3I \u0110\u1ea6U (ALOPECIA AREATA, BALDNESS)"},"content":{"rendered":"<p class=\"preFade\" style=\"white-space: pre-wrap; transition-timing-function: ease; transition-duration: 1.5s; transition-delay: 0.1875s;\"><strong>T\u00e1c d\u1ee5ng:<\/strong> B\u1ed5 Can Th\u1eadn, t\u0103ng kh\u00ed huy\u1ebft. Ch\u1eadn \u0111\u1ee9ng ch\u1ee9ng r\u1ee5ng t\u00f3c t\u1eebng m\u1ea3ng do g\u1ea3y t\u00f3c, t\u1ed5n th\u01b0\u01a1ng ch\u00e2n t\u00f3c. K\u00edch th\u00edch, th\u00fac \u0111\u1ea9y t\u00f3c m\u1ecdc tr\u1edf l\u1ea1i th\u1eadt nhanh.<\/p>\n<p style=\"text-align: start; white-space: pre-wrap; transition-timing-function: ease; transition-duration: 1.5s; transition-delay: 0.196875s;\" class=\"preFade\"><strong>Th\u00e0nh ph\u1ea7n:<\/strong> Th\u1ee5c \u0111\u1ecba, H\u00e0 th\u1ee7 \u00f4, \u0110\u01b0\u01a1ng qui, C\u00e2u k\u1ef7 t\u1eed, Tr\u1eafc b\u00e1ch di\u1ec7p\u2026<\/p>\n<p style=\"text-align: start; white-space: pre-wrap; transition-timing-function: ease; transition-duration: 1.5s; transition-delay: 0.20625s;\" class=\"preFade\"><strong>C\u00e1ch d\u00f9ng:<\/strong> <\/p>\n<ul data-rte-list=\"default\">\n<li>\n<p class=\"preFade\" style=\"white-space: pre-wrap; transition-timing-function: ease; transition-duration: 1.5s; transition-delay: 0.215625s;\">Thu\u1ed1c vi\u00ean: Ng\u00e0y u\u1ed1ng 3 l\u1ea7n, m\u1ed7i l\u1ea7n 3-4 vi\u00ean, \u00edt l\u00e2u t\u00f3c s\u1ebd m\u1ecdc.<\/p>\n<\/li>\n<li>\n<p class=\"preFade\" style=\"white-space: pre-wrap; transition-timing-function: ease; transition-duration: 1.5s; transition-delay: 0.225s;\">Thu\u1ed1c n\u01b0\u1edbc: Ng\u00e0y 3 l\u1ea7n, m\u1ed7i l\u1ea7n 1 cup (2oz)<\/p>\n<\/li>\n<\/ul>\n<p style=\"text-align: start; white-space: pre-wrap; transition-timing-function: ease; transition-duration: 1.5s; transition-delay: 0.234375s;\" class=\"preFade\"><strong>Ki\u00eang c\u1eef:<\/strong> C\u0103ng th\u1eb3ng tinh th\u1ea7n, th\u1ee9c khuya. C\u1ea7n c\u1ea3i thi\u1ec7n c\u00e1c nh\u00e2n t\u1ed1: ch\u00e1n \u0103n, \u0103n ki\u00eang (sai ph\u01b0\u01a1ng ph\u00e1p) \u0111\u1ec3 gi\u1ea3m c\u00e2n, thi\u1ebfu m\u00e1u, suy dinh d\u01b0\u1ee1ng, nhi\u1ec5m n\u1ea5m da \u0111\u1ea7u, d\u1ea7u g\u1ed9i \u0111\u1ea7u kh\u00f4ng h\u1ee3p, h\u00f3a ch\u1ea5t nhu\u1ed9m t\u00f3c, m\u00e1y s\u1ea5y t\u00f3c nhi\u1ec7t \u0111\u1ed9 cao\u2026<\/p>","protected":false},"excerpt":{"rendered":"<p>T\u00e1c d\u1ee5ng: B\u1ed5 Can Th\u1eadn, t\u0103ng kh\u00ed huy\u1ebft. Ch\u1eadn \u0111\u1ee9ng ch\u1ee9ng r\u1ee5ng t\u00f3c t\u1eebng m\u1ea3ng do g\u1ea3y t\u00f3c, t\u1ed5n th\u01b0\u01a1ng ch\u00e2n t\u00f3c. K\u00edch th\u00edch, th\u00fac \u0111\u1ea9y t\u00f3c m\u1ecdc tr\u1edf l\u1ea1i th\u1eadt nhanh. Th\u00e0nh ph\u1ea7n: Th\u1ee5c \u0111\u1ecba, H\u00e0 th\u1ee7 \u00f4, \u0110\u01b0\u01a1ng qui, C\u00e2u k\u1ef7 t\u1eed, Tr\u1eafc b\u00e1ch di\u1ec7p\u2026 C\u00e1ch d\u00f9ng: Thu\u1ed1c vi\u00ean: Ng\u00e0y u\u1ed1ng 3 l\u1ea7n,<\/p>","protected":false},"featured_media":1849,"comment_status":"closed","ping_status":"open","template":"","meta":[],"_links":{"self":[{"href":"https:\/\/the1011.com\/en\/wp-json\/wp\/v2\/product\/1999"}],"collection":[{"href":"https:\/\/the1011.com\/en\/wp-json\/wp\/v2\/product"}],"about":[{"href":"https:\/\/the1011.com\/en\/wp-json\/wp\/v2\/types\/product"}],"replies":[{"embeddable":true,"href":"https:\/\/the1011.com\/en\/wp-json\/wp\/v2\/comments?post=1999"}],"wp:featuredmedia":[{"embeddable":true,"href":"https:\/\/the1011.com\/en\/wp-json\/wp\/v2\/media\/1849"}],"wp:attachment":[{"href":"https:\/\/the1011.com\/en\/wp-json\/wp\/v2\/media?parent=1999"}],"curies":[{"name":"wp","href":"https:\/\/api.w.org\/{rel}","templated":true}]}}