{"id":1997,"date":"2024-08-05T16:28:36","date_gmt":"2024-08-05T09:28:36","guid":{"rendered":"https:\/\/the1011.com\/product\/ct-121-suy-dinh-duong-gay-om-malnutrition-marasmus\/"},"modified":"2024-08-05T16:28:38","modified_gmt":"2024-08-05T09:28:38","slug":"ct-121-suy-dinh-duong-gay-om-malnutrition-marasmus","status":"publish","type":"product","link":"https:\/\/the1011.com\/en\/product\/ct-121-suy-dinh-duong-gay-om-malnutrition-marasmus\/","title":{"rendered":"CT.121 \u2013 SUY DINH D\u01af\u1ee0NG, G\u1ea6Y \u1ed0M (MALNUTRITION \u2013 MARASMUS)"},"content":{"rendered":"<p class=\"preFade\" style=\"white-space: pre-wrap; transition-timing-function: ease; transition-duration: 1.5s; transition-delay: 0.193846s;\"><strong>T\u00e1c d\u1ee5ng:<\/strong>&nbsp;B\u1ed5 sung th\u1ee9c \u0103n thi\u1ebfu ch\u1ea5t b\u1ed9t \u0111\u01b0\u1eddng, thi\u1ebfu \u0111\u1ea1m, thi\u1ebfu ngu\u1ed3n vitamin quan tr\u1ecdng, \u0111\u1eb7c bi\u1ec7t vitamin B12. C\u1ea3i thi\u1ec7n tri\u1ec7u ch\u1ee9ng ch\u00e1n \u0103n, ti\u00eau ch\u1ea3y trong ph\u00e2n c\u00f3 m\u1ee1, da th\u1ecbt teo g\u1ea7y. Gi\u00fap k\u00edch th\u00edch s\u1ef1 th\u00e8m \u0103n, ti\u00eau h\u00f3a t\u1ed1t, t\u0103ng c\u00e2n nhanh, kh\u1ecfe m\u1ea1nh.<\/p>\n<p class=\"preFade\" style=\"white-space: pre-wrap; transition-timing-function: ease; transition-duration: 1.5s; transition-delay: 0.203077s;\"><strong>Th\u00e0nh ph\u1ea7n:<\/strong>&nbsp;Th\u1ee5c \u0111\u1ecba, \u0110\u01b0\u01a1ng qui, B\u1ea1ch th\u01b0\u1ee3c, Nh\u00e2n s\u00e2m, B\u1ea1ch tru\u1eadt, Ph\u1ee5c linh, Cam th\u1ea3o\u2026<\/p>\n<p class=\"preFade\" style=\"white-space: pre-wrap; transition-timing-function: ease; transition-duration: 1.5s; transition-delay: 0.212308s;\"><strong>C\u00e1ch d\u00f9ng:<\/strong>&nbsp;<\/p>\n<ul data-rte-list=\"default\">\n<li>\n<p class=\"preFade\" style=\"white-space: pre-wrap; transition-timing-function: ease; transition-duration: 1.5s; transition-delay: 0.221538s;\">Thu\u1ed1c vi\u00ean: Ng\u00e0y u\u1ed1ng 3 l\u1ea7n, m\u1ed7i l\u1ea7n 3-4 vi\u00ean.<\/p>\n<\/li>\n<li>\n<p class=\"preFade\" style=\"white-space: pre-wrap; transition-timing-function: ease; transition-duration: 1.5s; transition-delay: 0.230769s;\">Thu\u1ed1c t\u1ec5: Ng\u00e0y 2 l\u1ea7n, m\u1ed7i l\u1ea7n nhai 2 ho\u00e0n v\u1edbi n\u01b0\u1edbc \u1ea5m.<\/p>\n<\/li>\n<\/ul>\n<p class=\"preFade\" style=\"white-space: pre-wrap; transition-timing-function: ease; transition-duration: 1.5s; transition-delay: 0.24s;\"><strong>Ki\u00eang c\u1eef:<\/strong>&nbsp;L\u1ea1m d\u1ee5ng r\u01b0\u1ee3u, l\u00e0m vi\u1ec7c qu\u00e1 s\u1ee9c, \u0103n u\u1ed1ng thi\u1ebfu ch\u1ea5t b\u1ed5 d\u01b0\u1ee1ng.<\/p>","protected":false},"excerpt":{"rendered":"<p>T\u00e1c d\u1ee5ng:&nbsp;B\u1ed5 sung th\u1ee9c \u0103n thi\u1ebfu ch\u1ea5t b\u1ed9t \u0111\u01b0\u1eddng, thi\u1ebfu \u0111\u1ea1m, thi\u1ebfu ngu\u1ed3n vitamin quan tr\u1ecdng, \u0111\u1eb7c bi\u1ec7t vitamin B12. C\u1ea3i thi\u1ec7n tri\u1ec7u ch\u1ee9ng ch\u00e1n \u0103n, ti\u00eau ch\u1ea3y trong ph\u00e2n c\u00f3 m\u1ee1, da th\u1ecbt teo g\u1ea7y. Gi\u00fap k\u00edch th\u00edch s\u1ef1 th\u00e8m \u0103n, ti\u00eau h\u00f3a t\u1ed1t, t\u0103ng c\u00e2n nhanh, kh\u1ecfe m\u1ea1nh. Th\u00e0nh ph\u1ea7n:&nbsp;Th\u1ee5c \u0111\u1ecba, \u0110\u01b0\u01a1ng qui,<\/p>","protected":false},"featured_media":1838,"comment_status":"closed","ping_status":"open","template":"","meta":[],"_links":{"self":[{"href":"https:\/\/the1011.com\/en\/wp-json\/wp\/v2\/product\/1997"}],"collection":[{"href":"https:\/\/the1011.com\/en\/wp-json\/wp\/v2\/product"}],"about":[{"href":"https:\/\/the1011.com\/en\/wp-json\/wp\/v2\/types\/product"}],"replies":[{"embeddable":true,"href":"https:\/\/the1011.com\/en\/wp-json\/wp\/v2\/comments?post=1997"}],"wp:featuredmedia":[{"embeddable":true,"href":"https:\/\/the1011.com\/en\/wp-json\/wp\/v2\/media\/1838"}],"wp:attachment":[{"href":"https:\/\/the1011.com\/en\/wp-json\/wp\/v2\/media?parent=1997"}],"curies":[{"name":"wp","href":"https:\/\/api.w.org\/{rel}","templated":true}]}}