{"id":1996,"date":"2024-08-05T16:28:36","date_gmt":"2024-08-05T09:28:36","guid":{"rendered":"https:\/\/the1011.com\/product\/ct-120-fucoidan-tinh-chat-chong-ung-thu-chong-u-buou\/"},"modified":"2024-08-05T16:28:38","modified_gmt":"2024-08-05T09:28:38","slug":"ct-120-fucoidan-tinh-chat-chong-ung-thu-chong-u-buou","status":"publish","type":"product","link":"https:\/\/the1011.com\/en\/product\/ct-120-fucoidan-tinh-chat-chong-ung-thu-chong-u-buou\/","title":{"rendered":"CT.120 &#8211; FUCOIDAN (TINH CH\u1ea4T) CH\u1ed0NG UNG TH\u01af, CH\u1ed0NG U B\u01af\u1edaU"},"content":{"rendered":"<p class=\"preFade\" style=\"transition-timing-function: ease; transition-duration: 1.5s; transition-delay: 0.210526s;\"><strong>T\u00e1c d\u1ee5ng:<\/strong>&nbsp;Ch\u1ed1ng ung th\u01b0, ch\u1ed1ng u b\u01b0\u1edbu (ng\u0103n ch\u1eb7n d\u01b0\u1ee1ng ch\u1ea5t nu\u00f4i t\u1ebf b\u00e0o ung th\u01b0 l\u00e0m kh\u1ed1i u \u201cch\u1ebft \u0111\u00f3i\u201d v\u00e0 t\u1ef1 h\u1ee7y), ch\u1ed1ng virus, ch\u1ed1ng vi\u00eam, ch\u1ed1ng \u0111\u00f4ng m\u00e1u\u2026<\/p>\n<p class=\"preFade\" style=\"transition-timing-function: ease; transition-duration: 1.5s; transition-delay: 0.221053s;\"><strong>Th\u00e0nh ph\u1ea7n:<\/strong>&nbsp;FUCOIDAN 98% tinh ch\u1ea5t, chi\u1ebft xu\u1ea5t t\u1eeb t\u1ea3o n\u00e2u Mozuku Nh\u1eadt B\u1ea3n, gi\u00e0u Polysaccharides, galactose acid, mannose, xylose, uronic v\u00e0 nhi\u1ec1u d\u01b0\u1ee1ng ch\u1ea5t kh\u00e1c.<\/p>\n<p class=\"preFade\" style=\"transition-timing-function: ease; transition-duration: 1.5s; transition-delay: 0.231579s;\"><strong>C\u00e1ch d\u00f9ng:<\/strong>&nbsp;Ung th\u01b0 th\u1eddi k\u1ef3 cu\u1ed1i, di c\u0103n, u\u1ed1ng ng\u00e0y 3 l\u1ea7n, m\u1ed7i l\u1ea7n 5-6 vi\u00ean. Ung th\u01b0 th\u1eddi k\u1ef3 \u0111\u1ea7u, ng\u00e0y 3 l\u1ea7n, m\u1ed7i l\u1ea7n 3-4 vi\u00ean. Ung th\u01b0 \u0111\u00e3 ph\u1eabu thu\u1eadt, ng\u1eeba t\u00e1i ph\u00e1t, ng\u00e0y 3 l\u1ea7n, m\u1ed7i l\u1ea7n 2-3 vi\u00ean. U\u1ed1ng sau b\u1eefa \u0103n 30-60 ph\u00fat c\u00f3 t\u00e1c d\u1ee5ng m\u1ea1nh h\u01a1n.<\/p>\n<p class=\"preFade\" style=\"transition-timing-function: ease; transition-duration: 1.5s; transition-delay: 0.242105s;\"><strong>Ki\u00eang c\u1eef:<\/strong>&nbsp;Th\u1ecbt \u0111\u1ecf (b\u00f2, c\u1eebu), \u0111\u01b0\u1eddng v\u00e0 c\u00e1c s\u1ea3n ph\u1ea9m c\u00f3 \u0111\u01b0\u1eddng, s\u1eefa b\u00f2 v\u00e0 c\u00e1c s\u1ea3n ph\u1ea9m c\u00f3 s\u1eefa b\u00f2.<\/p>","protected":false},"excerpt":{"rendered":"<p>T\u00e1c d\u1ee5ng:&nbsp;Ch\u1ed1ng ung th\u01b0, ch\u1ed1ng u b\u01b0\u1edbu (ng\u0103n ch\u1eb7n d\u01b0\u1ee1ng ch\u1ea5t nu\u00f4i t\u1ebf b\u00e0o ung th\u01b0 l\u00e0m kh\u1ed1i u \u201cch\u1ebft \u0111\u00f3i\u201d v\u00e0 t\u1ef1 h\u1ee7y), ch\u1ed1ng virus, ch\u1ed1ng vi\u00eam, ch\u1ed1ng \u0111\u00f4ng m\u00e1u\u2026 Th\u00e0nh ph\u1ea7n:&nbsp;FUCOIDAN 98% tinh ch\u1ea5t, chi\u1ebft xu\u1ea5t t\u1eeb t\u1ea3o n\u00e2u Mozuku Nh\u1eadt B\u1ea3n, gi\u00e0u Polysaccharides, galactose acid, mannose, xylose, uronic v\u00e0 nhi\u1ec1u d\u01b0\u1ee1ng ch\u1ea5t<\/p>","protected":false},"featured_media":1777,"comment_status":"closed","ping_status":"open","template":"","meta":[],"_links":{"self":[{"href":"https:\/\/the1011.com\/en\/wp-json\/wp\/v2\/product\/1996"}],"collection":[{"href":"https:\/\/the1011.com\/en\/wp-json\/wp\/v2\/product"}],"about":[{"href":"https:\/\/the1011.com\/en\/wp-json\/wp\/v2\/types\/product"}],"replies":[{"embeddable":true,"href":"https:\/\/the1011.com\/en\/wp-json\/wp\/v2\/comments?post=1996"}],"wp:featuredmedia":[{"embeddable":true,"href":"https:\/\/the1011.com\/en\/wp-json\/wp\/v2\/media\/1777"}],"wp:attachment":[{"href":"https:\/\/the1011.com\/en\/wp-json\/wp\/v2\/media?parent=1996"}],"curies":[{"name":"wp","href":"https:\/\/api.w.org\/{rel}","templated":true}]}}