{"id":1995,"date":"2024-08-05T16:28:36","date_gmt":"2024-08-05T09:28:36","guid":{"rendered":"https:\/\/the1011.com\/product\/ct-061-bo-am-mat-huyet-ying-tonic\/"},"modified":"2024-08-05T16:28:37","modified_gmt":"2024-08-05T09:28:37","slug":"ct-061-bo-am-mat-huyet-ying-tonic","status":"publish","type":"product","link":"https:\/\/the1011.com\/en\/product\/ct-061-bo-am-mat-huyet-ying-tonic\/","title":{"rendered":"CT.061 \u2013 B\u1ed4 \u00c2M \u2013 M\u00c1T HUY\u1ebeT (YING TONIC)"},"content":{"rendered":"<p class=\"preFade\" style=\"white-space: pre-wrap; transition-timing-function: ease; transition-duration: 1.5s; transition-delay: 0.185294s;\"><strong>T\u00e1c d\u1ee5ng:<\/strong>&nbsp;\u0110\u1ea1i b\u1ed5 Th\u1eadn \u00e2m, h\u1ea1 \u0111\u01b0\u1eddng trong m\u00e1u (b\u1ec7nh ti\u1ec3u \u0111\u01b0\u1eddng), h\u1ea1 huy\u1ebft \u00e1p, gi\u1ea3m n\u00f3ng b\u1eebng m\u1eb7t.&nbsp;Tr\u1eeb ch\u1ee9ng \u0111\u1ed5 m\u1ed3 h\u00f4i tr\u1ed9m, vi\u00eam lo\u00e9t mi\u1ec7ng, m\u1eaft \u0111\u1ecf, ho khan, n\u00f3ng h\u1ea7m trong x\u01b0\u01a1ng, ti\u1ec3u bu\u1ed1t, ti\u00eau&nbsp;ti\u1ec3u ra m\u00e1u, \u0111\u00e0n \u00f4ng di tinh, ph\u1ee5 n\u1eef huy\u1ebft tr\u1eafng..<\/p>\n<p class=\"preFade\" style=\"white-space: pre-wrap; transition-timing-function: ease; transition-duration: 1.5s; transition-delay: 0.194118s;\"><strong>Th\u00e0nh ph\u1ea7n:<\/strong>&nbsp;Sinh \u0111\u1ecba, S\u01a1n th\u00f9, B\u1ea1ch th\u01b0\u1ee3c, M\u1ea1ch m\u00f4n, \u0110\u1ecba c\u1ed1t b\u00ec, \u0110\u01b0\u01a1ng qui\u2026<\/p>\n<p class=\"preFade\" style=\"white-space: pre-wrap; transition-timing-function: ease; transition-duration: 1.5s; transition-delay: 0.202941s;\"><strong>C\u00e1ch d\u00f9ng:&nbsp;<\/strong><\/p>\n<ul data-rte-list=\"default\">\n<li>\n<p class=\"preFade\" style=\"white-space: pre-wrap; transition-timing-function: ease; transition-duration: 1.5s; transition-delay: 0.211765s;\">Thu\u1ed1c vi\u00ean:<strong> <\/strong>Ng\u00e0y u\u1ed1ng 3 l\u1ea7n, m\u1ed7i l\u1ea7n 3-4 vi\u00ean, li\u00ean ti\u1ebfp 10-12 tu\u1ea7n l\u1ec5.<\/p>\n<\/li>\n<li>\n<p class=\"preFade\" style=\"white-space: pre-wrap; transition-timing-function: ease; transition-duration: 1.5s; transition-delay: 0.220588s;\">Thu\u1ed1c n\u01b0\u1edbc: Ng\u00e0y u\u1ed1ng 3 l\u1ea7n, m\u1ed7i l\u1ea7n 1 cup (2oz)<\/p>\n<\/li>\n<li>\n<p class=\"preFade\" style=\"white-space: pre-wrap; transition-timing-function: ease; transition-duration: 1.5s; transition-delay: 0.229412s;\">Thu\u1ed1c t\u1ec5: Ng\u00e0y 2 l\u1ea7n, m\u1ed7i l\u1ea7n nhai 2 ho\u00e0n v\u1edbi n\u01b0\u1edbc \u1ea5m.<\/p>\n<\/li>\n<\/ul>\n<p class=\"preFade\" style=\"white-space: pre-wrap; transition-timing-function: ease; transition-duration: 1.5s; transition-delay: 0.238235s;\"><strong>Ki\u00eang c\u1eef:&nbsp;<\/strong>Gia v\u1ecb cay n\u00f3ng, th\u1ecbt c\u00e1 kh\u00f4 ho\u1eb7c n\u01b0\u1edbng chi\u00ean. C\u1ea7n u\u1ed1ng \u0111\u1ee7 n\u01b0\u1edbc, \u0103n th\u00eam rau qu\u1ea3 c\u00f3 m\u00e0u tr\u1eafng, xanh v\u00e0 t\u00edm. H\u1ea1n&nbsp;ch\u1ebf rau qu\u1ea3 c\u00f3 m\u00e0u v\u00e0ng v\u00e0 \u0111\u1ecf.<\/p>","protected":false},"excerpt":{"rendered":"<p>T\u00e1c d\u1ee5ng:&nbsp;\u0110\u1ea1i b\u1ed5 Th\u1eadn \u00e2m, h\u1ea1 \u0111\u01b0\u1eddng trong m\u00e1u (b\u1ec7nh ti\u1ec3u \u0111\u01b0\u1eddng), h\u1ea1 huy\u1ebft \u00e1p, gi\u1ea3m n\u00f3ng b\u1eebng m\u1eb7t.&nbsp;Tr\u1eeb ch\u1ee9ng \u0111\u1ed5 m\u1ed3 h\u00f4i tr\u1ed9m, vi\u00eam lo\u00e9t mi\u1ec7ng, m\u1eaft \u0111\u1ecf, ho khan, n\u00f3ng h\u1ea7m trong x\u01b0\u01a1ng, ti\u1ec3u bu\u1ed1t, ti\u00eau&nbsp;ti\u1ec3u ra m\u00e1u, \u0111\u00e0n \u00f4ng di tinh, ph\u1ee5 n\u1eef huy\u1ebft tr\u1eafng.. Th\u00e0nh ph\u1ea7n:&nbsp;Sinh \u0111\u1ecba, S\u01a1n th\u00f9, B\u1ea1ch th\u01b0\u1ee3c,<\/p>","protected":false},"featured_media":1809,"comment_status":"closed","ping_status":"open","template":"","meta":[],"_links":{"self":[{"href":"https:\/\/the1011.com\/en\/wp-json\/wp\/v2\/product\/1995"}],"collection":[{"href":"https:\/\/the1011.com\/en\/wp-json\/wp\/v2\/product"}],"about":[{"href":"https:\/\/the1011.com\/en\/wp-json\/wp\/v2\/types\/product"}],"replies":[{"embeddable":true,"href":"https:\/\/the1011.com\/en\/wp-json\/wp\/v2\/comments?post=1995"}],"wp:featuredmedia":[{"embeddable":true,"href":"https:\/\/the1011.com\/en\/wp-json\/wp\/v2\/media\/1809"}],"wp:attachment":[{"href":"https:\/\/the1011.com\/en\/wp-json\/wp\/v2\/media?parent=1995"}],"curies":[{"name":"wp","href":"https:\/\/api.w.org\/{rel}","templated":true}]}}