{"id":1993,"date":"2024-08-05T16:28:36","date_gmt":"2024-08-05T09:28:36","guid":{"rendered":"https:\/\/the1011.com\/product\/ct-140-phu-nu-an-thai-bao-san-hoan-gravida-protection\/"},"modified":"2024-08-05T16:28:37","modified_gmt":"2024-08-05T09:28:37","slug":"ct-140-phu-nu-an-thai-bao-san-hoan-gravida-protection","status":"publish","type":"product","link":"https:\/\/the1011.com\/en\/product\/ct-140-phu-nu-an-thai-bao-san-hoan-gravida-protection\/","title":{"rendered":"CT.140 \u2013 (PH\u1ee4 N\u1eee) AN THAI B\u1ea2O S\u1ea2N HO\u00c0N \u2013 GRAVIDA PROTECTION"},"content":{"rendered":"<p class=\"preFade\" style=\"white-space: pre-wrap; transition-timing-function: ease; transition-duration: 1.5s; transition-delay: 0.1875s;\"><strong>T\u00e1c d\u1ee5ng:<\/strong>&nbsp;B\u1ed5 tr\u1ee3 s\u1ee9c kh\u1ecfe ph\u1ee5 n\u1eef c\u00f3 thai, gi\u00fap b\u00e0o thai kh\u1ecfe m\u1ea1nh, ph\u00e1t tri\u1ec3n b\u00ecnh th\u01b0\u1eddng. C\u1ea3i thi\u1ec7n c\u00e1c ch\u1ee9ng t\u1ee9c ng\u1ef1c, n\u1eb7ng tim, kh\u00f4 mi\u1ec7ng, \u0111au b\u1ee5ng, \u0111au l\u01b0ng, ti\u1ec3u ti\u1ec7n ra huy\u1ebft, thai tr\u1eb1ng l\u00e0m g\u0103ng t\u1ee9c hai b\u00ean h\u00f4ng.<\/p>\n<p class=\"preFade\" style=\"white-space: pre-wrap; transition-timing-function: ease; transition-duration: 1.5s; transition-delay: 0.196875s;\"><strong>Th\u00e0nh ph\u1ea7n:<\/strong>&nbsp;Th\u1ee5c \u0111\u1ecba, S\u01a1n th\u00f9, M\u1ea1ch m\u00f4n, \u0110\u01b0\u01a1ng qui, B\u1ea1ch tru\u1eadt, \u00cdch m\u1eabu th\u1ea3o\u2026<\/p>\n<p class=\"preFade\" style=\"white-space: pre-wrap; transition-timing-function: ease; transition-duration: 1.5s; transition-delay: 0.20625s;\"><strong>C\u00e1ch d\u00f9ng:<\/strong>&nbsp;<\/p>\n<ul data-rte-list=\"default\">\n<li>\n<p class=\"preFade\" style=\"white-space: pre-wrap; transition-timing-function: ease; transition-duration: 1.5s; transition-delay: 0.215625s;\">Thu\u1ed1c vi\u00ean: Ng\u00e0y u\u1ed1ng 3 l\u1ea7n, m\u1ed7i l\u1ea7n 3-4 vi\u00ean v\u1edbi n\u01b0\u1edbc g\u1eebng nh\u1ea1t pha ch\u00fat m\u1eadt ong.<\/p>\n<\/li>\n<li>\n<p class=\"preFade\" style=\"white-space: pre-wrap; transition-timing-function: ease; transition-duration: 1.5s; transition-delay: 0.225s;\">Thu\u1ed1c t\u1ec5: Ng\u00e0y 2 l\u1ea7n, m\u1ed7i l\u1ea7n nhai 2 ho\u00e0n v\u1edbi n\u01b0\u1edbc \u1ea5m.<\/p>\n<\/li>\n<\/ul>\n<p class=\"preFade\" style=\"white-space: pre-wrap; transition-timing-function: ease; transition-duration: 1.5s; transition-delay: 0.234375s;\"><strong>Ki\u00eang c\u1eef:<\/strong>&nbsp;T\u1ee9c gi\u1eadn, l\u00e0m vi\u1ec7c n\u1eb7ng nh\u1ecdc, th\u1ee9c khuya, \u0111i gi\u00e0y cao g\u00f3t.<\/p>","protected":false},"excerpt":{"rendered":"<p>T\u00e1c d\u1ee5ng:&nbsp;B\u1ed5 tr\u1ee3 s\u1ee9c kh\u1ecfe ph\u1ee5 n\u1eef c\u00f3 thai, gi\u00fap b\u00e0o thai kh\u1ecfe m\u1ea1nh, ph\u00e1t tri\u1ec3n b\u00ecnh th\u01b0\u1eddng. C\u1ea3i thi\u1ec7n c\u00e1c ch\u1ee9ng t\u1ee9c ng\u1ef1c, n\u1eb7ng tim, kh\u00f4 mi\u1ec7ng, \u0111au b\u1ee5ng, \u0111au l\u01b0ng, ti\u1ec3u ti\u1ec7n ra huy\u1ebft, thai tr\u1eb1ng l\u00e0m g\u0103ng t\u1ee9c hai b\u00ean h\u00f4ng. Th\u00e0nh ph\u1ea7n:&nbsp;Th\u1ee5c \u0111\u1ecba, S\u01a1n th\u00f9, M\u1ea1ch m\u00f4n, \u0110\u01b0\u01a1ng qui, B\u1ea1ch tru\u1eadt,<\/p>","protected":false},"featured_media":1848,"comment_status":"closed","ping_status":"open","template":"","meta":[],"_links":{"self":[{"href":"https:\/\/the1011.com\/en\/wp-json\/wp\/v2\/product\/1993"}],"collection":[{"href":"https:\/\/the1011.com\/en\/wp-json\/wp\/v2\/product"}],"about":[{"href":"https:\/\/the1011.com\/en\/wp-json\/wp\/v2\/types\/product"}],"replies":[{"embeddable":true,"href":"https:\/\/the1011.com\/en\/wp-json\/wp\/v2\/comments?post=1993"}],"wp:featuredmedia":[{"embeddable":true,"href":"https:\/\/the1011.com\/en\/wp-json\/wp\/v2\/media\/1848"}],"wp:attachment":[{"href":"https:\/\/the1011.com\/en\/wp-json\/wp\/v2\/media?parent=1993"}],"curies":[{"name":"wp","href":"https:\/\/api.w.org\/{rel}","templated":true}]}}