{"id":1992,"date":"2024-08-05T16:28:36","date_gmt":"2024-08-05T09:28:36","guid":{"rendered":"https:\/\/the1011.com\/product\/ct-138-be-kinh-tac-kinh-phu-nu-amenorrhea\/"},"modified":"2024-08-05T16:28:37","modified_gmt":"2024-08-05T09:28:37","slug":"ct-138-be-kinh-tac-kinh-phu-nu-amenorrhea","status":"publish","type":"product","link":"https:\/\/the1011.com\/en\/product\/ct-138-be-kinh-tac-kinh-phu-nu-amenorrhea\/","title":{"rendered":"CT.138 &#8211; B\u1ebe KINH, T\u1eaeC KINH (PH\u1ee4 N\u1eee) &#8211; AMENORRHEA"},"content":{"rendered":"<p class=\"preFade\" style=\"white-space: pre-wrap; transition-timing-function: ease; transition-duration: 1.5s; transition-delay: 0.235294s;\">T\u00e1c d\u1ee5ng: \u0110i\u1ec1u ch\u1ec9nh c\u00e1c r\u1ed1i lo\u1ea1n, k\u00edch ho\u1ea1t v\u00e0 th\u00fac \u0111\u1ea9y s\u1ea3n xu\u1ea5t \u0111\u1ee7 n\u1ed9i ti\u1ebft t\u1ed1 estrogen v\u00e0 progesteron trong giai \u0111o\u1ea1n kh\u00f4ng mang thai, u\u1ed1ng thu\u1ed1c ng\u1eeba thai, kh\u1ed1i u bu\u1ed3ng tr\u1ee9ng hay bu\u1ed3ng tr\u1ee9ng \u0111a nang.<\/p>\n<p class=\"preFade\" style=\"white-space: pre-wrap; transition-timing-function: ease; transition-duration: 1.5s; transition-delay: 0.247059s;\">Indication: Adjustment disorders, activate and promote the production of estrogen and progesterone in enough stage is not pregnant, taking birth control pills, ovarian tumor or polycystic ovaries.<\/p>","protected":false},"excerpt":{"rendered":"<p>T\u00e1c d\u1ee5ng: \u0110i\u1ec1u ch\u1ec9nh c\u00e1c r\u1ed1i lo\u1ea1n, k\u00edch ho\u1ea1t v\u00e0 th\u00fac \u0111\u1ea9y s\u1ea3n xu\u1ea5t \u0111\u1ee7 n\u1ed9i ti\u1ebft t\u1ed1 estrogen v\u00e0 progesteron trong giai \u0111o\u1ea1n kh\u00f4ng mang thai, u\u1ed1ng thu\u1ed1c ng\u1eeba thai, kh\u1ed1i u bu\u1ed3ng tr\u1ee9ng hay bu\u1ed3ng tr\u1ee9ng \u0111a nang. Indication: Adjustment disorders, activate and promote the production of estrogen and progesterone in enough stage<\/p>","protected":false},"featured_media":1847,"comment_status":"closed","ping_status":"open","template":"","meta":[],"_links":{"self":[{"href":"https:\/\/the1011.com\/en\/wp-json\/wp\/v2\/product\/1992"}],"collection":[{"href":"https:\/\/the1011.com\/en\/wp-json\/wp\/v2\/product"}],"about":[{"href":"https:\/\/the1011.com\/en\/wp-json\/wp\/v2\/types\/product"}],"replies":[{"embeddable":true,"href":"https:\/\/the1011.com\/en\/wp-json\/wp\/v2\/comments?post=1992"}],"wp:featuredmedia":[{"embeddable":true,"href":"https:\/\/the1011.com\/en\/wp-json\/wp\/v2\/media\/1847"}],"wp:attachment":[{"href":"https:\/\/the1011.com\/en\/wp-json\/wp\/v2\/media?parent=1992"}],"curies":[{"name":"wp","href":"https:\/\/api.w.org\/{rel}","templated":true}]}}