{"id":1991,"date":"2024-08-05T16:28:36","date_gmt":"2024-08-05T09:28:36","guid":{"rendered":"https:\/\/the1011.com\/product\/ct-137-phu-nu-hiem-muon-the-dam-thap-beo-phi-women-infertility-fat-cool-body\/"},"modified":"2024-08-05T16:28:37","modified_gmt":"2024-08-05T09:28:37","slug":"ct-137-phu-nu-hiem-muon-the-dam-thap-beo-phi-women-infertility-fat-cool-body","status":"publish","type":"product","link":"https:\/\/the1011.com\/en\/product\/ct-137-phu-nu-hiem-muon-the-dam-thap-beo-phi-women-infertility-fat-cool-body\/","title":{"rendered":"CT.137 &#8211; PH\u1ee4 N\u1eee HI\u1ebeM MU\u1ed8N (TH\u1ec2 \u0110\u00c0M TH\u1ea4P\/B\u00c9O PH\u00cc) &#8211; WOMEN INFERTILITY (FAT &#038; COOL BODY)"},"content":{"rendered":"<p class=\"preFade\" style=\"white-space: pre-wrap; transition-timing-function: ease; transition-duration: 1.5s; transition-delay: 0.222222s;\">T\u00e1c d\u1ee5ng: \u0110\u1ea1i b\u1ed5 T\u1ef3 V\u1ecb, l\u1ee3i th\u1ee7y h\u00f3a \u0111\u00e0m, gi\u1ea3m tr\u1ecdng l\u01b0\u1ee3ng c\u01a1 th\u1ec3, tan \u0111\u00e0m, gi\u00fap t\u1eed cung khoan h\u00f2a d\u1ec5 th\u1ee5 thai.<\/p>\n<p class=\"preFade\" style=\"white-space: pre-wrap; transition-timing-function: ease; transition-duration: 1.5s; transition-delay: 0.233333s;\">Indication: Strongly supporting spleen and stomach, diuretic, melts off excess fat, reduces body weight, helps the uterus phlegm tolerant, easy to conceive\u2026<\/p>\n<p class=\"preFade\" data-rte-preserve-empty=\"true\" style=\"white-space: pre-wrap; transition-timing-function: ease; transition-duration: 1.5s; transition-delay: 0.244444s;\">","protected":false},"excerpt":{"rendered":"<p>T\u00e1c d\u1ee5ng: \u0110\u1ea1i b\u1ed5 T\u1ef3 V\u1ecb, l\u1ee3i th\u1ee7y h\u00f3a \u0111\u00e0m, gi\u1ea3m tr\u1ecdng l\u01b0\u1ee3ng c\u01a1 th\u1ec3, tan \u0111\u00e0m, gi\u00fap t\u1eed cung khoan h\u00f2a d\u1ec5 th\u1ee5 thai. Indication: Strongly supporting spleen and stomach, diuretic, melts off excess fat, reduces body weight, helps the uterus phlegm tolerant, easy to conceive\u2026<\/p>","protected":false},"featured_media":1846,"comment_status":"closed","ping_status":"open","template":"","meta":[],"_links":{"self":[{"href":"https:\/\/the1011.com\/en\/wp-json\/wp\/v2\/product\/1991"}],"collection":[{"href":"https:\/\/the1011.com\/en\/wp-json\/wp\/v2\/product"}],"about":[{"href":"https:\/\/the1011.com\/en\/wp-json\/wp\/v2\/types\/product"}],"replies":[{"embeddable":true,"href":"https:\/\/the1011.com\/en\/wp-json\/wp\/v2\/comments?post=1991"}],"wp:featuredmedia":[{"embeddable":true,"href":"https:\/\/the1011.com\/en\/wp-json\/wp\/v2\/media\/1846"}],"wp:attachment":[{"href":"https:\/\/the1011.com\/en\/wp-json\/wp\/v2\/media?parent=1991"}],"curies":[{"name":"wp","href":"https:\/\/api.w.org\/{rel}","templated":true}]}}