{"id":1990,"date":"2024-08-05T16:28:36","date_gmt":"2024-08-05T09:28:36","guid":{"rendered":"https:\/\/the1011.com\/product\/ct-136-phu-nu-hiem-muon-the-am-hu-noi-nhiet-gay-om-women-infertility-thin-hot-body\/"},"modified":"2024-08-05T16:28:37","modified_gmt":"2024-08-05T09:28:37","slug":"ct-136-phu-nu-hiem-muon-the-am-hu-noi-nhiet-gay-om-women-infertility-thin-hot-body","status":"publish","type":"product","link":"https:\/\/the1011.com\/en\/product\/ct-136-phu-nu-hiem-muon-the-am-hu-noi-nhiet-gay-om-women-infertility-thin-hot-body\/","title":{"rendered":"CT.136 &#8211; PH\u1ee4 N\u1eee HI\u1ebeM MU\u1ed8N (TH\u1ec2 \u00c2M H\u01af N\u1ed8I NHI\u1ec6T\/G\u1ea6Y \u1ed0M)-WOMEN INFERTILITY (THIN &#038; HOT BODY)"},"content":{"rendered":"<p class=\"preFade\" style=\"white-space: pre-wrap; transition-timing-function: ease; transition-duration: 1.5s; transition-delay: 0.235294s;\"><strong>T\u00e1c d\u1ee5ng:<\/strong>&nbsp;\u0110\u1ea1i b\u1ed5 Th\u1eadn th\u1ee7y, h\u00f3a u\u1ea5t Can m\u1ed9c. B\u1ed5 huy\u1ebft th\u00eam tinh, gi\u1ea3m n\u1ed9i nhi\u1ec7t, gi\u00fap c\u01a1 th\u1ec3 \u0111\u1ea7y \u0111\u1eb7n, t\u1eed cung khoan h\u00f2a, d\u1ec5 th\u1ee5 thai.<\/p>\n<p class=\"preFade\" style=\"white-space: pre-wrap; transition-timing-function: ease; transition-duration: 1.5s; transition-delay: 0.247059s;\"><strong>Th\u00e0nh ph\u1ea7n:<\/strong>&nbsp;Th\u1ee5c \u0111\u1ecba, S\u01a1n th\u00f9, \u0110\u01b0\u01a1ng qui, B\u1ea1ch th\u01b0\u1ee3c, Ho\u00e0ng c\u1ea7m\u2026<br \/><strong>C\u00e1ch d\u00f9ng:<\/strong>&nbsp;Ng\u00e0y u\u1ed1ng 3 l\u1ea7n, m\u1ed7i l\u1ea7n 3-4 vi\u00ean, li\u00ean t\u1ee5c 60-90 ng\u00e0y.<br \/><strong>Ki\u00eang c\u1eef:<\/strong>&nbsp;Gia v\u1ecb cay n\u00f3ng, th\u1ef1c ph\u1ea9m kh\u00f4, chi\u00ean n\u01b0\u1edbng. C\u1ea7n u\u1ed1ng \u0111\u1ee7 n\u01b0\u1edbc.<\/p>","protected":false},"excerpt":{"rendered":"<p>T\u00e1c d\u1ee5ng:&nbsp;\u0110\u1ea1i b\u1ed5 Th\u1eadn th\u1ee7y, h\u00f3a u\u1ea5t Can m\u1ed9c. B\u1ed5 huy\u1ebft th\u00eam tinh, gi\u1ea3m n\u1ed9i nhi\u1ec7t, gi\u00fap c\u01a1 th\u1ec3 \u0111\u1ea7y \u0111\u1eb7n, t\u1eed cung khoan h\u00f2a, d\u1ec5 th\u1ee5 thai. Th\u00e0nh ph\u1ea7n:&nbsp;Th\u1ee5c \u0111\u1ecba, S\u01a1n th\u00f9, \u0110\u01b0\u01a1ng qui, B\u1ea1ch th\u01b0\u1ee3c, Ho\u00e0ng c\u1ea7m\u2026C\u00e1ch d\u00f9ng:&nbsp;Ng\u00e0y u\u1ed1ng 3 l\u1ea7n, m\u1ed7i l\u1ea7n 3-4 vi\u00ean, li\u00ean t\u1ee5c 60-90 ng\u00e0y.Ki\u00eang c\u1eef:&nbsp;Gia v\u1ecb cay n\u00f3ng,<\/p>","protected":false},"featured_media":1845,"comment_status":"closed","ping_status":"open","template":"","meta":[],"_links":{"self":[{"href":"https:\/\/the1011.com\/en\/wp-json\/wp\/v2\/product\/1990"}],"collection":[{"href":"https:\/\/the1011.com\/en\/wp-json\/wp\/v2\/product"}],"about":[{"href":"https:\/\/the1011.com\/en\/wp-json\/wp\/v2\/types\/product"}],"replies":[{"embeddable":true,"href":"https:\/\/the1011.com\/en\/wp-json\/wp\/v2\/comments?post=1990"}],"wp:featuredmedia":[{"embeddable":true,"href":"https:\/\/the1011.com\/en\/wp-json\/wp\/v2\/media\/1845"}],"wp:attachment":[{"href":"https:\/\/the1011.com\/en\/wp-json\/wp\/v2\/media?parent=1990"}],"curies":[{"name":"wp","href":"https:\/\/api.w.org\/{rel}","templated":true}]}}