{"id":1989,"date":"2024-08-05T16:28:36","date_gmt":"2024-08-05T09:28:36","guid":{"rendered":"https:\/\/the1011.com\/product\/ct-135-kinh-nguyet-phu-nu-khong-deu-mentrual-disorders\/"},"modified":"2024-08-05T16:28:36","modified_gmt":"2024-08-05T09:28:36","slug":"ct-135-kinh-nguyet-phu-nu-khong-deu-mentrual-disorders","status":"publish","type":"product","link":"https:\/\/the1011.com\/en\/product\/ct-135-kinh-nguyet-phu-nu-khong-deu-mentrual-disorders\/","title":{"rendered":"CT.135 \u2013 KINH NGUY\u1ec6T (PH\u1ee4 N\u1eee) KH\u00d4NG \u0110\u1ec0U (MENTRUAL DISORDERS)"},"content":{"rendered":"<p class=\"preFade\" style=\"white-space: pre-wrap; transition-timing-function: ease; transition-duration: 1.5s; transition-delay: 0.1875s;\"><strong>T\u00e1c d\u1ee5ng:<\/strong>&nbsp;C\u1ea3i thi\u1ec7n c\u00e1c r\u1ed1i lo\u1ea1n, c\u00e2n b\u1eb1ng chu k\u1ef3 kinh nguy\u1ec7t ph\u1ee5 n\u1eef. \u0110i\u1ec1u ti\u1ebft ch\u1ee9ng v\u00f4 kinh, kinh huy\u1ebft ra qu\u00e1 \u00edt ho\u1eb7c qu\u00e1 nhi\u1ec1u, k\u1ef3 kinh k\u00e9o d\u00e0i (rong kinh), \u0111au b\u1ee5ng kinh.<\/p>\n<p class=\"preFade\" style=\"white-space: pre-wrap; transition-timing-function: ease; transition-duration: 1.5s; transition-delay: 0.196875s;\"><strong>Th\u00e0nh ph\u1ea7n:<\/strong>&nbsp;Ho\u00e0i s\u01a1n, B\u1ea1ch th\u01b0\u1ee3c, S\u00e0i h\u1ed3, \u0110\u01b0\u01a1ng qui, H\u01b0\u01a1ng ph\u1ee5\u2026<\/p>\n<p class=\"preFade\" style=\"white-space: pre-wrap; transition-timing-function: ease; transition-duration: 1.5s; transition-delay: 0.20625s;\"><strong>C\u00e1ch d\u00f9ng:<\/strong>&nbsp;<\/p>\n<p class=\"preFade\" style=\"white-space: pre-wrap; transition-timing-function: ease; transition-duration: 1.5s; transition-delay: 0.215625s;\">Thu\u1ed1c vi\u00ean: Ng\u00e0y u\u1ed1ng 3 l\u1ea7n, m\u1ed7i l\u1ea7n 3-4 vi\u00ean, li\u00ean ti\u1ebfp 2-3 k\u1ef3 kinh nguy\u1ec7t.<\/p>\n<p class=\"preFade\" style=\"white-space: pre-wrap; transition-timing-function: ease; transition-duration: 1.5s; transition-delay: 0.225s;\">Thu\u1ed1c n\u01b0\u1edbc: Ng\u00e0y 3 l\u1ea7n, m\u1ed7i l\u1ea7n 1 cup (2oz).<\/p>\n<p class=\"preFade\" style=\"white-space: pre-wrap; transition-timing-function: ease; transition-duration: 1.5s; transition-delay: 0.234375s;\"><strong>Ki\u00eang c\u1eef:<\/strong>&nbsp;L\u00e0m vi\u1ec7c qu\u00e1 s\u1ee9c, c\u0103ng th\u1eb3ng, b\u1ecf \u0103n, suy dinh d\u01b0\u1ee1ng. Ch\u00fa \u00fd c\u00e1c nh\u00e2n t\u1ed1: v\u00f2ng tr\u00e1nh thai, r\u1ed1i lo\u1ea1n n\u1ed9i ti\u1ebft t\u1ed1 estrogen v\u00e0 progesteron, u x\u01a1 t\u1eed cung, th\u1eddi k\u1ef3 ti\u1ec1n m\u00e3n kinh\u2026<\/p>","protected":false},"excerpt":{"rendered":"<p>T\u00e1c d\u1ee5ng:&nbsp;C\u1ea3i thi\u1ec7n c\u00e1c r\u1ed1i lo\u1ea1n, c\u00e2n b\u1eb1ng chu k\u1ef3 kinh nguy\u1ec7t ph\u1ee5 n\u1eef. \u0110i\u1ec1u ti\u1ebft ch\u1ee9ng v\u00f4 kinh, kinh huy\u1ebft ra qu\u00e1 \u00edt ho\u1eb7c qu\u00e1 nhi\u1ec1u, k\u1ef3 kinh k\u00e9o d\u00e0i (rong kinh), \u0111au b\u1ee5ng kinh. Th\u00e0nh ph\u1ea7n:&nbsp;Ho\u00e0i s\u01a1n, B\u1ea1ch th\u01b0\u1ee3c, S\u00e0i h\u1ed3, \u0110\u01b0\u01a1ng qui, H\u01b0\u01a1ng ph\u1ee5\u2026 C\u00e1ch d\u00f9ng:&nbsp; Thu\u1ed1c vi\u00ean: Ng\u00e0y u\u1ed1ng 3 l\u1ea7n,<\/p>","protected":false},"featured_media":1844,"comment_status":"closed","ping_status":"open","template":"","meta":[],"_links":{"self":[{"href":"https:\/\/the1011.com\/en\/wp-json\/wp\/v2\/product\/1989"}],"collection":[{"href":"https:\/\/the1011.com\/en\/wp-json\/wp\/v2\/product"}],"about":[{"href":"https:\/\/the1011.com\/en\/wp-json\/wp\/v2\/types\/product"}],"replies":[{"embeddable":true,"href":"https:\/\/the1011.com\/en\/wp-json\/wp\/v2\/comments?post=1989"}],"wp:featuredmedia":[{"embeddable":true,"href":"https:\/\/the1011.com\/en\/wp-json\/wp\/v2\/media\/1844"}],"wp:attachment":[{"href":"https:\/\/the1011.com\/en\/wp-json\/wp\/v2\/media?parent=1989"}],"curies":[{"name":"wp","href":"https:\/\/api.w.org\/{rel}","templated":true}]}}