{"id":1988,"date":"2024-08-05T16:28:36","date_gmt":"2024-08-05T09:28:36","guid":{"rendered":"https:\/\/the1011.com\/product\/ct-134-bach-doi-huyet-trang-phu-nu-vaginal-discharge\/"},"modified":"2024-08-05T16:28:36","modified_gmt":"2024-08-05T09:28:36","slug":"ct-134-bach-doi-huyet-trang-phu-nu-vaginal-discharge","status":"publish","type":"product","link":"https:\/\/the1011.com\/en\/product\/ct-134-bach-doi-huyet-trang-phu-nu-vaginal-discharge\/","title":{"rendered":"CT.134 &#8211; B\u1ea0CH \u0110\u1edaI &#8211; HUY\u1ebeT TR\u1eaeNG (PH\u1ee4 N\u1eee) (VAGINAL DISCHARGE)"},"content":{"rendered":"<p class=\"preFade\" style=\"white-space: pre-wrap; transition-timing-function: ease; transition-duration: 1.5s; transition-delay: 0.235294s;\"><strong>T\u00e1c d\u1ee5ng:<\/strong>&nbsp;C\u1ea3i thi\u1ec7n v\u00e0 l\u00e0m kh\u00f4 ch\u1ee9ng ti\u1ebft d\u1ecbch nh\u1ea7y b\u1ea5t th\u01b0\u1eddng \u00e2m \u0111\u1ea1o ho\u1eb7c c\u1ed5 t\u1eed cung do nhi\u1ec5m khu\u1ea9n hay nhi\u1ec5m n\u1ea5m. D\u1ecbch nh\u1ea7y x\u1ea5u c\u00f3 m\u00e0u tr\u1eafng \u0111\u1ee5c b\u1ea9n, v\u00e0ng \u00faa, xanh, \u0111\u1ecf, \u0111en, c\u00f3 m\u00f9i r\u1ea5t h\u00f4i v\u00e0 ng\u1ee9a \u00e2m \u0111\u1ea1o.<\/p>\n<p class=\"preFade\" style=\"white-space: pre-wrap; transition-timing-function: ease; transition-duration: 1.5s; transition-delay: 0.247059s;\"><strong>Th\u00e0nh ph\u1ea7n:<\/strong>&nbsp;B\u1ea1ch tru\u1eadt, Ho\u00e0i s\u01a1n, B\u1ea1ch th\u01b0\u1ee3c, Th\u01b0\u01a1ng tru\u1eadt, Ho\u00e0ng b\u00e1\u2026<br \/><strong>C\u00e1ch d\u00f9ng:<\/strong>&nbsp;Ng\u00e0y u\u1ed1ng 3 l\u1ea7n, m\u1ed7i l\u1ea7n 3-4 vi\u00ean.<br \/><strong>Ki\u00eang c\u1eef:<\/strong>&nbsp;Gia v\u1ecb cay n\u00f3ng, c\u1ee7 c\u1ea3i tr\u1eafng, m\u00f9 t\u1ea1c. Ch\u00fa \u00fd c\u00e1c nh\u00e2n t\u1ed1 d\u1ec5 g\u00e2y huy\u1ebft tr\u1eafng: m\u1eb7c qu\u1ea7n jean qu\u00e1 ch\u1eadt, kem di\u1ec7t tinh<br \/>tr\u00f9ng tr\u00e1nh thai, h\u00f3a ch\u1ea5t th\u1ee5t r\u1eeda \u00e2m \u0111\u1ea1o, x\u00e0 ph\u00f2ng, d\u1ea7u t\u1eafm\u2026<\/p>","protected":false},"excerpt":{"rendered":"<p>T\u00e1c d\u1ee5ng:&nbsp;C\u1ea3i thi\u1ec7n v\u00e0 l\u00e0m kh\u00f4 ch\u1ee9ng ti\u1ebft d\u1ecbch nh\u1ea7y b\u1ea5t th\u01b0\u1eddng \u00e2m \u0111\u1ea1o ho\u1eb7c c\u1ed5 t\u1eed cung do nhi\u1ec5m khu\u1ea9n hay nhi\u1ec5m n\u1ea5m. D\u1ecbch nh\u1ea7y x\u1ea5u c\u00f3 m\u00e0u tr\u1eafng \u0111\u1ee5c b\u1ea9n, v\u00e0ng \u00faa, xanh, \u0111\u1ecf, \u0111en, c\u00f3 m\u00f9i r\u1ea5t h\u00f4i v\u00e0 ng\u1ee9a \u00e2m \u0111\u1ea1o. Th\u00e0nh ph\u1ea7n:&nbsp;B\u1ea1ch tru\u1eadt, Ho\u00e0i s\u01a1n, B\u1ea1ch th\u01b0\u1ee3c, Th\u01b0\u01a1ng tru\u1eadt, Ho\u00e0ng<\/p>","protected":false},"featured_media":1843,"comment_status":"closed","ping_status":"open","template":"","meta":[],"_links":{"self":[{"href":"https:\/\/the1011.com\/en\/wp-json\/wp\/v2\/product\/1988"}],"collection":[{"href":"https:\/\/the1011.com\/en\/wp-json\/wp\/v2\/product"}],"about":[{"href":"https:\/\/the1011.com\/en\/wp-json\/wp\/v2\/types\/product"}],"replies":[{"embeddable":true,"href":"https:\/\/the1011.com\/en\/wp-json\/wp\/v2\/comments?post=1988"}],"wp:featuredmedia":[{"embeddable":true,"href":"https:\/\/the1011.com\/en\/wp-json\/wp\/v2\/media\/1843"}],"wp:attachment":[{"href":"https:\/\/the1011.com\/en\/wp-json\/wp\/v2\/media?parent=1988"}],"curies":[{"name":"wp","href":"https:\/\/api.w.org\/{rel}","templated":true}]}}