{"id":1987,"date":"2024-08-05T16:28:36","date_gmt":"2024-08-05T09:28:36","guid":{"rendered":"https:\/\/the1011.com\/product\/ct-133-sa-tu-cung-sa-day-chang-prolapsus-uteri\/"},"modified":"2024-08-05T16:28:36","modified_gmt":"2024-08-05T09:28:36","slug":"ct-133-sa-tu-cung-sa-day-chang-prolapsus-uteri","status":"publish","type":"product","link":"https:\/\/the1011.com\/en\/product\/ct-133-sa-tu-cung-sa-day-chang-prolapsus-uteri\/","title":{"rendered":"CT.133 \u2013 SA T\u1eec CUNG, SA D\u00c2Y CH\u1eb0NG (PROLAPSUS UTERI)"},"content":{"rendered":"<p class=\"preFade\" style=\"white-space: pre-wrap; transition-timing-function: ease; transition-duration: 1.5s; transition-delay: 0.185294s;\"><strong>T\u00e1c d\u1ee5ng:<\/strong>&nbsp;B\u1ed5 kh\u00ed, t\u0103ng l\u1ef1c. Gi\u00fap s\u1ee9c cho t\u1eed cung sa xu\u1ed1ng \u00e2m \u0111\u1ea1o ho\u1eb7c tr\u1ed3i ra ngo\u00e0i \u00e2m \u0111\u1ea1o th\u0103ng l\u00ean v\u1ecb tr\u00ed c\u0169. C\u1ea3i thi\u1ec7n ch\u1ee9ng \u0111au l\u01b0ng, tr\u00ec n\u1eb7ng b\u1ee5ng d\u01b0\u1edbi, r\u1ec9 n\u01b0\u1edbc ti\u1ec3u.<\/p>\n<p class=\"preFade\" style=\"white-space: pre-wrap; transition-timing-function: ease; transition-duration: 1.5s; transition-delay: 0.194118s;\"><strong>Th\u00e0nh ph\u1ea7n:<\/strong>&nbsp;Nh\u00e2n s\u00e2m, Ho\u00e0ng k\u1ef3, B\u1ea1ch tru\u1eadt, \u0110\u01b0\u01a1ng qui, Ph\u1ee5c linh, Cam th\u1ea3o\u2026<\/p>\n<p class=\"preFade\" style=\"white-space: pre-wrap; transition-timing-function: ease; transition-duration: 1.5s; transition-delay: 0.202941s;\"><strong>C\u00e1ch d\u00f9ng:<\/strong>&nbsp;<\/p>\n<ul data-rte-list=\"default\">\n<li>\n<p class=\"preFade\" style=\"white-space: pre-wrap; transition-timing-function: ease; transition-duration: 1.5s; transition-delay: 0.211765s;\">Thu\u1ed1c vi\u00ean: Ng\u00e0y u\u1ed1ng 3 l\u1ea7n, m\u1ed7i l\u1ea7n 3-4 vi\u00ean cho \u0111\u1ebfn khi t\u1eed cung th\u0103ng l\u00ean v\u1ecb tr\u00ed c\u0169.<\/p>\n<\/li>\n<li>\n<p class=\"preFade\" style=\"white-space: pre-wrap; transition-timing-function: ease; transition-duration: 1.5s; transition-delay: 0.220588s;\">Thu\u1ed1c n\u01b0\u1edbc: Ng\u00e0y u\u1ed1ng 3 l\u1ea7n, m\u1ed7i l\u1ea7n 1 cup (2oz).<\/p>\n<\/li>\n<li>\n<p class=\"preFade\" style=\"white-space: pre-wrap; transition-timing-function: ease; transition-duration: 1.5s; transition-delay: 0.229412s;\">Thu\u1ed1c t\u1ec5: Ng\u00e0y 2 l\u1ea7n, m\u1ed7i l\u1ea7n nhai 2 ho\u00e0n v\u1edbi n\u01b0\u1edbc \u1ea5m.<\/p>\n<\/li>\n<\/ul>\n<p class=\"preFade\" style=\"white-space: pre-wrap; transition-timing-function: ease; transition-duration: 1.5s; transition-delay: 0.238235s;\"><strong>Ki\u00eang c\u1eef:<\/strong>&nbsp;Lao \u0111\u1ed9ng n\u1eb7ng, x\u00e1ch n\u1eb7ng, ng\u1ed3i x\u1ed5m, \u0111\u1ee9ng l\u00e2u, ph\u1ee5 n\u1eef mang gi\u00e0y cao g\u00f3t.<\/p>","protected":false},"excerpt":{"rendered":"<p>T\u00e1c d\u1ee5ng:&nbsp;B\u1ed5 kh\u00ed, t\u0103ng l\u1ef1c. Gi\u00fap s\u1ee9c cho t\u1eed cung sa xu\u1ed1ng \u00e2m \u0111\u1ea1o ho\u1eb7c tr\u1ed3i ra ngo\u00e0i \u00e2m \u0111\u1ea1o th\u0103ng l\u00ean v\u1ecb tr\u00ed c\u0169. C\u1ea3i thi\u1ec7n ch\u1ee9ng \u0111au l\u01b0ng, tr\u00ec n\u1eb7ng b\u1ee5ng d\u01b0\u1edbi, r\u1ec9 n\u01b0\u1edbc ti\u1ec3u. Th\u00e0nh ph\u1ea7n:&nbsp;Nh\u00e2n s\u00e2m, Ho\u00e0ng k\u1ef3, B\u1ea1ch tru\u1eadt, \u0110\u01b0\u01a1ng qui, Ph\u1ee5c linh, Cam th\u1ea3o\u2026 C\u00e1ch d\u00f9ng:&nbsp; Thu\u1ed1c vi\u00ean: Ng\u00e0y<\/p>","protected":false},"featured_media":1842,"comment_status":"closed","ping_status":"open","template":"","meta":[],"_links":{"self":[{"href":"https:\/\/the1011.com\/en\/wp-json\/wp\/v2\/product\/1987"}],"collection":[{"href":"https:\/\/the1011.com\/en\/wp-json\/wp\/v2\/product"}],"about":[{"href":"https:\/\/the1011.com\/en\/wp-json\/wp\/v2\/types\/product"}],"replies":[{"embeddable":true,"href":"https:\/\/the1011.com\/en\/wp-json\/wp\/v2\/comments?post=1987"}],"wp:featuredmedia":[{"embeddable":true,"href":"https:\/\/the1011.com\/en\/wp-json\/wp\/v2\/media\/1842"}],"wp:attachment":[{"href":"https:\/\/the1011.com\/en\/wp-json\/wp\/v2\/media?parent=1987"}],"curies":[{"name":"wp","href":"https:\/\/api.w.org\/{rel}","templated":true}]}}