{"id":1986,"date":"2024-08-05T16:28:33","date_gmt":"2024-08-05T09:28:33","guid":{"rendered":"https:\/\/the1011.com\/product\/ct-132-u-xo-tu-cung-u-nang-buong-trung-fibroid-ovarian-cyst\/"},"modified":"2024-08-05T16:28:35","modified_gmt":"2024-08-05T09:28:35","slug":"ct-132-u-xo-tu-cung-u-nang-buong-trung-fibroid-ovarian-cyst","status":"publish","type":"product","link":"https:\/\/the1011.com\/en\/product\/ct-132-u-xo-tu-cung-u-nang-buong-trung-fibroid-ovarian-cyst\/","title":{"rendered":"CT.132 &#8211; U X\u01a0 T\u1eec CUNG, U NANG BU\u1ed2NG TR\u1ee8NG (FIBROID, OVARIAN CYST)"},"content":{"rendered":"<p class=\"preFade\" style=\"transition-timing-function: ease; transition-duration: 1.5s; transition-delay: 0.235294s;\"><strong>T\u00e1c d\u1ee5ng:<\/strong><span>&nbsp;<\/span>Gi\u00fap gi\u1ea3m \u0111au v\u00f9ng b\u1ee5ng d\u01b0\u1edbi, \u0111i\u1ec1u ch\u1ec9nh h\u00e0nh kinh k\u00e9o d\u00e0i (rong kinh), ch\u1ea3y m\u00e1u nhi\u1ec1u g\u00e2y thi\u1ebfu m\u00e1u, ti\u1ec3u g\u1eaft ho\u1eb7c kh\u00f3 ti\u1ec3u, \u0111au l\u01b0ng, t\u00e1o b\u00f3n. C\u1ea3i thi\u1ec7n, l\u00e0m teo nh\u1ecf kh\u1ed1i u l\u00e0nh t\u00ednh trong th\u00e0nh t\u1eed cung, u nang bu\u1ed3ng tr\u1ee9ng, \u0111i\u1ec1u h\u00f2a kinh nguy\u1ec7t, n\u00e2ng cao s\u1ee9c kh\u1ecfe.<\/p>\n<p class=\"preFade\" style=\"transition-timing-function: ease; transition-duration: 1.5s; transition-delay: 0.247059s;\"><strong>Th\u00e0nh ph\u1ea7n:<\/strong><span>&nbsp;<\/span>M\u1ed9c h\u01b0\u01a1ng, Qu\u1ea5t h\u1ea1ch, H\u1ea3i t\u1ea3o, H\u1ea1 kh\u00f4 th\u1ea3o, Nga tru\u1eadt, Trinh n\u1eef ho\u00e0ng cung\u2026<br \/><strong>C\u00e1ch d\u00f9ng:<\/strong><span>&nbsp;<\/span>Ng\u00e0y u\u1ed1ng 3 l\u1ea7n, m\u1ed7i l\u1ea7n 3-4 vi\u00ean.<br \/><strong>Ki\u00eang c\u1eef:<\/strong><span>&nbsp;<\/span>Th\u1ecbt b\u00f2, t\u00f4m t\u00e9p, x\u00f4i g\u1ea1o n\u1ebfp nh\u1eb1m h\u1ea1n ch\u1ebf u x\u01a1, u nang ph\u00e1t tri\u1ec3n. C\u1ea9n th\u1eadn c\u00e1c thu\u1ed1c ng\u1eeba thai ch\u1ee9a n\u1ed9i ti\u1ebft t\u1ed1<\/p>","protected":false},"excerpt":{"rendered":"<p>T\u00e1c d\u1ee5ng:&nbsp;Gi\u00fap gi\u1ea3m \u0111au v\u00f9ng b\u1ee5ng d\u01b0\u1edbi, \u0111i\u1ec1u ch\u1ec9nh h\u00e0nh kinh k\u00e9o d\u00e0i (rong kinh), ch\u1ea3y m\u00e1u nhi\u1ec1u g\u00e2y thi\u1ebfu m\u00e1u, ti\u1ec3u g\u1eaft ho\u1eb7c kh\u00f3 ti\u1ec3u, \u0111au l\u01b0ng, t\u00e1o b\u00f3n. C\u1ea3i thi\u1ec7n, l\u00e0m teo nh\u1ecf kh\u1ed1i u l\u00e0nh t\u00ednh trong th\u00e0nh t\u1eed cung, u nang bu\u1ed3ng tr\u1ee9ng, \u0111i\u1ec1u h\u00f2a kinh nguy\u1ec7t, n\u00e2ng cao s\u1ee9c kh\u1ecfe.<\/p>","protected":false},"featured_media":1841,"comment_status":"closed","ping_status":"open","template":"","meta":[],"_links":{"self":[{"href":"https:\/\/the1011.com\/en\/wp-json\/wp\/v2\/product\/1986"}],"collection":[{"href":"https:\/\/the1011.com\/en\/wp-json\/wp\/v2\/product"}],"about":[{"href":"https:\/\/the1011.com\/en\/wp-json\/wp\/v2\/types\/product"}],"replies":[{"embeddable":true,"href":"https:\/\/the1011.com\/en\/wp-json\/wp\/v2\/comments?post=1986"}],"wp:featuredmedia":[{"embeddable":true,"href":"https:\/\/the1011.com\/en\/wp-json\/wp\/v2\/media\/1841"}],"wp:attachment":[{"href":"https:\/\/the1011.com\/en\/wp-json\/wp\/v2\/media?parent=1986"}],"curies":[{"name":"wp","href":"https:\/\/api.w.org\/{rel}","templated":true}]}}