{"id":1985,"date":"2024-08-05T16:28:33","date_gmt":"2024-08-05T09:28:33","guid":{"rendered":"https:\/\/the1011.com\/product\/ct-131-hoi-chung-phu-nu-man-kinh-menopause-syndrome\/"},"modified":"2024-08-05T16:28:35","modified_gmt":"2024-08-05T09:28:35","slug":"ct-131-hoi-chung-phu-nu-man-kinh-menopause-syndrome","status":"publish","type":"product","link":"https:\/\/the1011.com\/en\/product\/ct-131-hoi-chung-phu-nu-man-kinh-menopause-syndrome\/","title":{"rendered":"CT.131 &#8211; H\u1ed8I CH\u1ee8NG (PH\u1ee4 N\u1eee) M\u00c3N KINH (MENOPAUSE SYNDROME)"},"content":{"rendered":"<p class=\"preFade\" style=\"transition-timing-function: ease; transition-duration: 1.5s; transition-delay: 0.210526s;\"><strong>T\u00e1c d\u1ee5ng:<\/strong><span>&nbsp;<\/span>Gi\u00fap c\u00e2n b\u1eb1ng sinh l\u00fd v\u00e0 t\u00e2m l\u00fd b\u1ecb r\u1ed1i lo\u1ea1n do gi\u1ea3m s\u1ea3n sinh n\u1ed9i ti\u1ebft t\u1ed1 estrogen (estrogen hormone) th\u1eddi k\u1ef3 m\u00e3n kinh (t\u1eeb 45-55 tu\u1ed5i ho\u1eb7c mu\u1ed9n h\u01a1n). Gi\u00fap c\u1ea3i thi\u1ec7n ch\u1ee9ng n\u00f3ng b\u1eebng m\u1eb7t, v\u00e3 m\u1ed3 h\u00f4i v\u00e0o ban \u0111\u00eam, kh\u00f4 v\u00e0 th\u01b0\u1eddng b\u1ecb vi\u00eam \u00e2m \u0111\u1ea1o, teo c\u1ed5 b\u00e0ng quang v\u00e0 ni\u1ec7u \u0111\u1ea1o khi\u1ebfn th\u00fac b\u00e1ch \u0111i ti\u1ec3u li\u00ean h\u1ed3i.<\/p>\n<p class=\"preFade\" style=\"transition-timing-function: ease; transition-duration: 1.5s; transition-delay: 0.221053s;\"><strong>Th\u00e0nh ph\u1ea7n:<\/strong><span>&nbsp;<\/span>Tri m\u1eabu, Ho\u00e0ng b\u00e1, S\u01a1n th\u00f9 nh\u1ee5c, Th\u1ee5c \u0111\u1ecba, Ti\u1ec3u m\u1ea1ch, T\u1eed th\u1ea3o\u2026.<\/p>\n<p class=\"preFade\" style=\"transition-timing-function: ease; transition-duration: 1.5s; transition-delay: 0.231579s;\"><strong>C\u00e1ch d\u00f9ng:<\/strong><span>&nbsp;<\/span>Ng\u00e0y u\u1ed1ng 3 l\u1ea7n, m\u1ed7i l\u1ea7n 3-4 vi\u00ean.<\/p>\n<p class=\"preFade\" style=\"transition-timing-function: ease; transition-duration: 1.5s; transition-delay: 0.242105s;\"><strong>Ki\u00eang c\u1eef:<\/strong><span>&nbsp;<\/span>Gia v\u1ecb cay n\u00f3ng. T\u1eadp s\u1ed1ng l\u1ea1c quan, t\u0129nh t\u00e2m, thi\u1ec1n \u0111\u1ecbnh, th\u01b0 gi\u00e3n tinh th\u1ea7n.<\/p>","protected":false},"excerpt":{"rendered":"<p>T\u00e1c d\u1ee5ng:&nbsp;Gi\u00fap c\u00e2n b\u1eb1ng sinh l\u00fd v\u00e0 t\u00e2m l\u00fd b\u1ecb r\u1ed1i lo\u1ea1n do gi\u1ea3m s\u1ea3n sinh n\u1ed9i ti\u1ebft t\u1ed1 estrogen (estrogen hormone) th\u1eddi k\u1ef3 m\u00e3n kinh (t\u1eeb 45-55 tu\u1ed5i ho\u1eb7c mu\u1ed9n h\u01a1n). Gi\u00fap c\u1ea3i thi\u1ec7n ch\u1ee9ng n\u00f3ng b\u1eebng m\u1eb7t, v\u00e3 m\u1ed3 h\u00f4i v\u00e0o ban \u0111\u00eam, kh\u00f4 v\u00e0 th\u01b0\u1eddng b\u1ecb vi\u00eam \u00e2m \u0111\u1ea1o, teo c\u1ed5 b\u00e0ng<\/p>","protected":false},"featured_media":1840,"comment_status":"closed","ping_status":"open","template":"","meta":[],"_links":{"self":[{"href":"https:\/\/the1011.com\/en\/wp-json\/wp\/v2\/product\/1985"}],"collection":[{"href":"https:\/\/the1011.com\/en\/wp-json\/wp\/v2\/product"}],"about":[{"href":"https:\/\/the1011.com\/en\/wp-json\/wp\/v2\/types\/product"}],"replies":[{"embeddable":true,"href":"https:\/\/the1011.com\/en\/wp-json\/wp\/v2\/comments?post=1985"}],"wp:featuredmedia":[{"embeddable":true,"href":"https:\/\/the1011.com\/en\/wp-json\/wp\/v2\/media\/1840"}],"wp:attachment":[{"href":"https:\/\/the1011.com\/en\/wp-json\/wp\/v2\/media?parent=1985"}],"curies":[{"name":"wp","href":"https:\/\/api.w.org\/{rel}","templated":true}]}}