{"id":1984,"date":"2024-08-05T16:28:33","date_gmt":"2024-08-05T09:28:33","guid":{"rendered":"https:\/\/the1011.com\/product\/ct-163-cuong-trung-bo-than-hoan-sexual-erection\/"},"modified":"2024-08-05T16:28:35","modified_gmt":"2024-08-05T09:28:35","slug":"ct-163-cuong-trung-bo-than-hoan-sexual-erection","status":"publish","type":"product","link":"https:\/\/the1011.com\/en\/product\/ct-163-cuong-trung-bo-than-hoan-sexual-erection\/","title":{"rendered":"CT.163 \u2013 C\u01af\u1edcNG TRUNG B\u1ed4 TH\u1eacN HO\u00c0N (SEXUAL ERECTION)"},"content":{"rendered":"<p data-mce-fragment=\"1\" class=\"preFade\" style=\"transition-timing-function: ease; transition-duration: 1.5s; transition-delay: 0.206897s;\"><strong data-mce-fragment=\"1\">T\u00e1c d\u1ee5ng<\/strong>: B\u1ed5 Th\u1eadn tr\u00e1ng d\u01b0\u01a1ng. Gi\u00fap \u0111\u00e0n \u00f4ng c\u01b0\u1eddng d\u01b0\u01a1ng theo nhu c\u1ea7u sinh l\u00fd.<\/p>\n<p data-mce-fragment=\"1\" class=\"preFade\" style=\"transition-timing-function: ease; transition-duration: 1.5s; transition-delay: 0.217241s;\"><strong data-mce-fragment=\"1\">Th\u00e0nh ph\u1ea7n:&nbsp;<\/strong>H\u1ed3 \u0111\u00e0o nh\u00e2n, C\u1eedu th\u00e1i t\u1eed, Ng\u0169 v\u1ecb t\u1eed, Ti\u00ean linh t\u1ef3, T\u1ecfa d\u01b0\u01a1ng, Nh\u1ee5c thung dung\u2026<\/p>\n<p data-mce-fragment=\"1\" class=\"preFade\" style=\"transition-timing-function: ease; transition-duration: 1.5s; transition-delay: 0.227586s;\"><strong data-mce-fragment=\"1\">C\u00e1ch d\u00f9ng:&nbsp;<\/strong>M\u1ed7i l\u1ea7n u\u1ed1ng 1 vi\u00ean tr\u01b0\u1edbc gi\u1edd h\u00e0nh l\u1ea1c \u0111\u1ed9 60-90 ph\u00fat.<\/p>\n<p data-mce-fragment=\"1\" class=\"preFade\" style=\"transition-timing-function: ease; transition-duration: 1.5s; transition-delay: 0.237931s;\"><strong data-mce-fragment=\"1\">Ki\u00eang c\u1eef:&nbsp;<\/strong>Cao huy\u1ebft \u00e1p, c\u00e1c b\u1ec7nh tim m\u1ea1ch, g\u1eafn m\u00e1y tr\u1ee3 tim kh\u00f4ng n\u00ean d\u00f9ng.<\/p>","protected":false},"excerpt":{"rendered":"<p>T\u00e1c d\u1ee5ng: B\u1ed5 Th\u1eadn tr\u00e1ng d\u01b0\u01a1ng. Gi\u00fap \u0111\u00e0n \u00f4ng c\u01b0\u1eddng d\u01b0\u01a1ng theo nhu c\u1ea7u sinh l\u00fd. Th\u00e0nh ph\u1ea7n:&nbsp;H\u1ed3 \u0111\u00e0o nh\u00e2n, C\u1eedu th\u00e1i t\u1eed, Ng\u0169 v\u1ecb t\u1eed, Ti\u00ean linh t\u1ef3, T\u1ecfa d\u01b0\u01a1ng, Nh\u1ee5c thung dung\u2026 C\u00e1ch d\u00f9ng:&nbsp;M\u1ed7i l\u1ea7n u\u1ed1ng 1 vi\u00ean tr\u01b0\u1edbc gi\u1edd h\u00e0nh l\u1ea1c \u0111\u1ed9 60-90 ph\u00fat. Ki\u00eang c\u1eef:&nbsp;Cao huy\u1ebft \u00e1p, c\u00e1c b\u1ec7nh tim m\u1ea1ch,<\/p>","protected":false},"featured_media":1859,"comment_status":"closed","ping_status":"open","template":"","meta":[],"_links":{"self":[{"href":"https:\/\/the1011.com\/en\/wp-json\/wp\/v2\/product\/1984"}],"collection":[{"href":"https:\/\/the1011.com\/en\/wp-json\/wp\/v2\/product"}],"about":[{"href":"https:\/\/the1011.com\/en\/wp-json\/wp\/v2\/types\/product"}],"replies":[{"embeddable":true,"href":"https:\/\/the1011.com\/en\/wp-json\/wp\/v2\/comments?post=1984"}],"wp:featuredmedia":[{"embeddable":true,"href":"https:\/\/the1011.com\/en\/wp-json\/wp\/v2\/media\/1859"}],"wp:attachment":[{"href":"https:\/\/the1011.com\/en\/wp-json\/wp\/v2\/media?parent=1984"}],"curies":[{"name":"wp","href":"https:\/\/api.w.org\/{rel}","templated":true}]}}