{"id":1983,"date":"2024-08-05T16:28:33","date_gmt":"2024-08-05T09:28:33","guid":{"rendered":"https:\/\/the1011.com\/product\/ct-069-viem-sung-phi-dai-tuyen-tien-liet\/"},"modified":"2024-08-05T16:28:35","modified_gmt":"2024-08-05T09:28:35","slug":"ct-069-viem-sung-phi-dai-tuyen-tien-liet","status":"publish","type":"product","link":"https:\/\/the1011.com\/en\/product\/ct-069-viem-sung-phi-dai-tuyen-tien-liet\/","title":{"rendered":"CT.069 &#8211; VI\u00caM S\u01afNG (PH\u00cc \u0110\u1ea0I) TUY\u1ebeN TI\u1ec0N LI\u1ec6T"},"content":{"rendered":"<p>T\u00e1c d\u1ee5ng: Gi\u1ea3m s\u01b0ng (ph\u00ec \u0111\u1ea1i) tuy\u1ebfn ti\u1ec1n li\u1ec7t th\u1ec3 l\u00e0nh t\u00ednh, gi\u1ea3m c\u0103ng t\u1ee9c b\u1ee5ng d\u01b0\u1edbi, ti\u1ec3u l\u1eaft nh\u1eaft, ti\u1ec3u s\u00f3n. C\u1ea3i thi\u1ec7n ch\u1ee9c n\u0103ng tuy\u1ebfn ti\u1ec1n li\u1ec7t, khai th\u00f4ng \u0111\u01b0\u1eddng ti\u1ec3u, t\u1eebng b\u01b0\u1edbc l\u00e0m co nh\u1ecf l\u1ea1i nh\u01b0 th\u1eddi k\u1ef3 kh\u1ecfe m\u1ea1nh.<\/p>\n<p>Th\u00e0nh ph\u1ea7n: Ho\u00e0ng k\u1ef3, \u0110\u00e0o nh\u00e2n, H\u1ed3ng hoa, Tam l\u0103ng, Nga tru\u1eadt\u2026<\/p>\n<p>C\u00e1ch d\u00f9ng: Ng\u00e0y u\u1ed1ng 3 l\u1ea7n, m\u1ed7i l\u1ea7n 3-4 vi\u00ean.<\/p>\n<p>Ki\u00eang c\u1eef: Th\u1ecbt b\u00f2, t\u00f4m t\u00e9p, x\u00f4i g\u1ea1o n\u1ebfp nh\u1eb1m ng\u0103n ch\u1eb7n tuy\u1ebfn ti\u1ec1n li\u1ec7t ph\u00ec \u0111\u1ea1i (s\u01b0ng).<\/p>","protected":false},"excerpt":{"rendered":"<p>T\u00e1c d\u1ee5ng: Gi\u1ea3m s\u01b0ng (ph\u00ec \u0111\u1ea1i) tuy\u1ebfn ti\u1ec1n li\u1ec7t th\u1ec3 l\u00e0nh t\u00ednh, gi\u1ea3m c\u0103ng t\u1ee9c b\u1ee5ng d\u01b0\u1edbi, ti\u1ec3u l\u1eaft nh\u1eaft, ti\u1ec3u s\u00f3n. C\u1ea3i thi\u1ec7n ch\u1ee9c n\u0103ng tuy\u1ebfn ti\u1ec1n li\u1ec7t, khai th\u00f4ng \u0111\u01b0\u1eddng ti\u1ec3u, t\u1eebng b\u01b0\u1edbc l\u00e0m co nh\u1ecf l\u1ea1i nh\u01b0 th\u1eddi k\u1ef3 kh\u1ecfe m\u1ea1nh. Th\u00e0nh ph\u1ea7n: Ho\u00e0ng k\u1ef3, \u0110\u00e0o nh\u00e2n, H\u1ed3ng hoa, Tam l\u0103ng, Nga<\/p>","protected":false},"featured_media":1816,"comment_status":"closed","ping_status":"open","template":"","meta":[],"_links":{"self":[{"href":"https:\/\/the1011.com\/en\/wp-json\/wp\/v2\/product\/1983"}],"collection":[{"href":"https:\/\/the1011.com\/en\/wp-json\/wp\/v2\/product"}],"about":[{"href":"https:\/\/the1011.com\/en\/wp-json\/wp\/v2\/types\/product"}],"replies":[{"embeddable":true,"href":"https:\/\/the1011.com\/en\/wp-json\/wp\/v2\/comments?post=1983"}],"wp:featuredmedia":[{"embeddable":true,"href":"https:\/\/the1011.com\/en\/wp-json\/wp\/v2\/media\/1816"}],"wp:attachment":[{"href":"https:\/\/the1011.com\/en\/wp-json\/wp\/v2\/media?parent=1983"}],"curies":[{"name":"wp","href":"https:\/\/api.w.org\/{rel}","templated":true}]}}