{"id":1982,"date":"2024-08-05T16:28:33","date_gmt":"2024-08-05T09:28:33","guid":{"rendered":"https:\/\/the1011.com\/product\/ct-068-yeu-sinh-ly-liet-duong-sexual-weakness-impotence\/"},"modified":"2024-08-05T16:28:35","modified_gmt":"2024-08-05T09:28:35","slug":"ct-068-yeu-sinh-ly-liet-duong-sexual-weakness-impotence","status":"publish","type":"product","link":"https:\/\/the1011.com\/en\/product\/ct-068-yeu-sinh-ly-liet-duong-sexual-weakness-impotence\/","title":{"rendered":"CT.068 \u2013 Y\u1ebeU SINH L\u00dd, LI\u1ec6T D\u01af\u01a0NG (SEXUAL WEAKNESS, IMPOTENCE)"},"content":{"rendered":"<p class=\"preFade\" style=\"white-space: pre-wrap; transition-timing-function: ease; transition-duration: 1.5s; transition-delay: 0.185294s;\"><strong><em>T\u00e1c d\u1ee5ng<\/em><\/strong>: B\u1ed5 Th\u1eadn, \u00edch tinh, ch\u1ed1ng nh\u01b0\u1ee3c c\u01b0\u01a1ng. C\u1ea3i thi\u1ec7n tr\u1ea1ng th\u00e1i d\u01b0\u01a1ng c\u1ee5 (d\u01b0\u01a1ng v\u1eadt) \u1edf nam gi\u1edbi m\u1ea5t kh\u1ea3 n\u0103ng c\u01b0\u01a1ng c\u1ee9ng ho\u1eb7c c\u01b0\u01a1ng kh\u00f4ng b\u1ec1n b\u0129.<\/p>\n<p class=\"preFade\" style=\"white-space: pre-wrap; transition-timing-function: ease; transition-duration: 1.5s; transition-delay: 0.194118s;\"><strong>Th\u00e0nh ph\u1ea7n:&nbsp;<\/strong>Ch\u00e1nh \u0110\u00f4ng tr\u00f9ng h\u1ea1 th\u1ea3o, B\u1ed5 c\u1ed1t ch\u1ec9, Ti\u00ean linh t\u1ef3, Ng\u0169 v\u1ecb t\u1eed, C\u1eedu th\u00e1i t\u1eed, Nh\u1ee5c qu\u1ebf\u2026<\/p>\n<p class=\"preFade\" style=\"white-space: pre-wrap; transition-timing-function: ease; transition-duration: 1.5s; transition-delay: 0.202941s;\"><strong>C\u00e1ch d\u00f9ng:&nbsp;<\/strong><\/p>\n<ul data-rte-list=\"default\">\n<li>\n<p class=\"preFade\" style=\"white-space: pre-wrap; transition-timing-function: ease; transition-duration: 1.5s; transition-delay: 0.211765s;\">Thu\u1ed1c vi\u00ean: Ng\u00e0y u\u1ed1ng 3 l\u1ea7n, m\u1ed7i l\u1ea7n 3-4 vi\u00ean.<\/p>\n<\/li>\n<li>\n<p class=\"preFade\" style=\"white-space: pre-wrap; transition-timing-function: ease; transition-duration: 1.5s; transition-delay: 0.220588s;\">Thu\u1ed1c n\u01b0\u1edbc: Ng\u00e0y 3 l\u1ea7n, m\u1ed7i l\u1ea7n 1 cup (2oz).<\/p>\n<\/li>\n<li>\n<p class=\"preFade\" style=\"white-space: pre-wrap; transition-timing-function: ease; transition-duration: 1.5s; transition-delay: 0.229412s;\">Thu\u1ed1c t\u1ec5: Ng\u00e0y 2 l\u1ea7n, m\u1ed7i l\u1ea7n nhai 2 ho\u00e0n v\u1edbi n\u01b0\u1edbc \u1ea5m.<\/p>\n<\/li>\n<\/ul>\n<p class=\"preFade\" style=\"white-space: pre-wrap; transition-timing-function: ease; transition-duration: 1.5s; transition-delay: 0.238235s;\"><strong>Ki\u00eang c\u1eef:&nbsp;<\/strong>R\u01b0\u1ee3u, thu\u1ed1c l\u00e1, ma t\u00fay, tr\u00e1nh c\u0103ng th\u1eb3ng tinh th\u1ea7n, tr\u1ea7m c\u1ea3m. C\u1ea9n tr\u1ecdng c\u00e1c thu\u1ed1c ch\u1ed1ng tr\u1ea7m c\u1ea3m, ch\u1ed1ng lo\u1ea1n t\u00e2m&nbsp;th\u1ea7n, thu\u1ed1c h\u1ea1 huy\u1ebft \u00e1p, thu\u1ed1c l\u1ee3i ti\u1ec3u\u2026<\/p>","protected":false},"excerpt":{"rendered":"<p>T\u00e1c d\u1ee5ng: B\u1ed5 Th\u1eadn, \u00edch tinh, ch\u1ed1ng nh\u01b0\u1ee3c c\u01b0\u01a1ng. C\u1ea3i thi\u1ec7n tr\u1ea1ng th\u00e1i d\u01b0\u01a1ng c\u1ee5 (d\u01b0\u01a1ng v\u1eadt) \u1edf nam gi\u1edbi m\u1ea5t kh\u1ea3 n\u0103ng c\u01b0\u01a1ng c\u1ee9ng ho\u1eb7c c\u01b0\u01a1ng kh\u00f4ng b\u1ec1n b\u0129. Th\u00e0nh ph\u1ea7n:&nbsp;Ch\u00e1nh \u0110\u00f4ng tr\u00f9ng h\u1ea1 th\u1ea3o, B\u1ed5 c\u1ed1t ch\u1ec9, Ti\u00ean linh t\u1ef3, Ng\u0169 v\u1ecb t\u1eed, C\u1eedu th\u00e1i t\u1eed, Nh\u1ee5c qu\u1ebf\u2026 C\u00e1ch d\u00f9ng:&nbsp; Thu\u1ed1c vi\u00ean: Ng\u00e0y<\/p>","protected":false},"featured_media":1815,"comment_status":"closed","ping_status":"open","template":"","meta":[],"_links":{"self":[{"href":"https:\/\/the1011.com\/en\/wp-json\/wp\/v2\/product\/1982"}],"collection":[{"href":"https:\/\/the1011.com\/en\/wp-json\/wp\/v2\/product"}],"about":[{"href":"https:\/\/the1011.com\/en\/wp-json\/wp\/v2\/types\/product"}],"replies":[{"embeddable":true,"href":"https:\/\/the1011.com\/en\/wp-json\/wp\/v2\/comments?post=1982"}],"wp:featuredmedia":[{"embeddable":true,"href":"https:\/\/the1011.com\/en\/wp-json\/wp\/v2\/media\/1815"}],"wp:attachment":[{"href":"https:\/\/the1011.com\/en\/wp-json\/wp\/v2\/media?parent=1982"}],"curies":[{"name":"wp","href":"https:\/\/api.w.org\/{rel}","templated":true}]}}