{"id":1981,"date":"2024-08-05T16:28:33","date_gmt":"2024-08-05T09:28:33","guid":{"rendered":"https:\/\/the1011.com\/product\/ct-066-trang-duong-cuong-than-tuu\/"},"modified":"2024-08-05T16:28:34","modified_gmt":"2024-08-05T09:28:34","slug":"ct-066-trang-duong-cuong-than-tuu","status":"publish","type":"product","link":"https:\/\/the1011.com\/en\/product\/ct-066-trang-duong-cuong-than-tuu\/","title":{"rendered":"CT.066 \u2013 TR\u00c1NG D\u01af\u01a0NG C\u01af\u1edcNG TH\u1eacN T\u1eecU"},"content":{"rendered":"<p data-mce-fragment=\"1\" class=\"preFade\" style=\"transition-timing-function: ease; transition-duration: 1.5s; transition-delay: 0.206897s;\"><strong data-mce-fragment=\"1\">T\u00e1c d\u1ee5ng:<\/strong><span data-mce-fragment=\"1\">&nbsp;<\/span>\u0110\u1ea1i b\u1ed5 Th\u1eadn d\u01b0\u01a1ng. Gi\u00fap t\u0103ng c\u01b0\u1eddng ch\u1ee9c n\u0103ng sinh l\u00fd nam gi\u1edbi, c\u1ea3i thi\u1ec7n c\u00e1c ch\u1ee9ng li\u1ec7t d\u01b0\u01a1ng, d\u01b0\u01a1ng c\u01b0\u01a1ng kh\u00f4ng b\u1ec1n b\u0129, xu\u1ea5t tinh s\u1edbm, \u0111au l\u01b0ng, y\u1ebfu g\u1ed1i, \u00f9 tai, ti\u1ec3u \u0111\u00eam, ti\u1ec3u kh\u00f4ng t\u1ef1 ch\u1ee7, y\u1ebfu s\u1ee9c, m\u1ec7t nh\u1ecdc.<\/p>\n<p data-mce-fragment=\"1\" class=\"preFade\" style=\"transition-timing-function: ease; transition-duration: 1.5s; transition-delay: 0.217241s;\"><strong data-mce-fragment=\"1\">Th\u00e0nh ph\u1ea7n:<\/strong><span data-mce-fragment=\"1\">&nbsp;<\/span>Ch\u00e1nh \u0110\u00f4ng tr\u00f9ng h\u1ea1 th\u1ea3o, L\u1ed9c nhung, Th\u1ee5c \u0111\u1ecba, S\u01a1n th\u00f9, B\u1ea1ch th\u01b0\u1ee3c, Nh\u00e2n s\u00e2m, Kim anh t\u1eed, Ng\u0169 v\u1ecb t\u1eed, Ho\u00e0ng k\u1ef3, Ba k\u00edch, D\u00e2m d\u01b0\u01a1ng ho\u1eafc, \u0110\u1ed7 tr\u1ecdng, T\u1ee5c \u0111o\u1ea1n, Ng\u01b0u t\u1ea5t, C\u00e2u k\u1ef7 t\u1eed, Ph\u00fac b\u1ed3n t\u1eed, C\u1eedu th\u00e1i t\u1eed, X\u00e0 s\u00e0ng t\u1eed\u2026<\/p>\n<p data-mce-fragment=\"1\" class=\"preFade\" style=\"transition-timing-function: ease; transition-duration: 1.5s; transition-delay: 0.227586s;\"><strong data-mce-fragment=\"1\">C\u00e1ch d\u00f9ng:<\/strong><span data-mce-fragment=\"1\">&nbsp;<\/span>Ng\u00e0y u\u1ed1ng 2-3 l\u1ea7n, m\u1ed7i l\u1ea7n 1 ly nh\u1ecf (2 tablespoons) tr\u01b0\u1edbc b\u1eefa \u0103n.<\/p>\n<p data-mce-fragment=\"1\" class=\"preFade\" style=\"transition-timing-function: ease; transition-duration: 1.5s; transition-delay: 0.237931s;\"><strong data-mce-fragment=\"1\">Ki\u00eang c\u1eef:<\/strong><span data-mce-fragment=\"1\">&nbsp;<\/span>L\u1ea1m d\u1ee5ng t\u00ecnh d\u1ee5c, th\u1ee7 d\u00e2m, r\u01b0\u1ee3u, thu\u1ed1c l\u00e1, ma t\u00fay, c\u00e1c thu\u1ed1c k\u00edch d\u1ee5c kh\u00f4ng do B\u00e1c s\u0129 k\u00ea toa.<\/p>","protected":false},"excerpt":{"rendered":"<p>T\u00e1c d\u1ee5ng:&nbsp;\u0110\u1ea1i b\u1ed5 Th\u1eadn d\u01b0\u01a1ng. Gi\u00fap t\u0103ng c\u01b0\u1eddng ch\u1ee9c n\u0103ng sinh l\u00fd nam gi\u1edbi, c\u1ea3i thi\u1ec7n c\u00e1c ch\u1ee9ng li\u1ec7t d\u01b0\u01a1ng, d\u01b0\u01a1ng c\u01b0\u01a1ng kh\u00f4ng b\u1ec1n b\u0129, xu\u1ea5t tinh s\u1edbm, \u0111au l\u01b0ng, y\u1ebfu g\u1ed1i, \u00f9 tai, ti\u1ec3u \u0111\u00eam, ti\u1ec3u kh\u00f4ng t\u1ef1 ch\u1ee7, y\u1ebfu s\u1ee9c, m\u1ec7t nh\u1ecdc. Th\u00e0nh ph\u1ea7n:&nbsp;Ch\u00e1nh \u0110\u00f4ng tr\u00f9ng h\u1ea1 th\u1ea3o, L\u1ed9c nhung, Th\u1ee5c \u0111\u1ecba, S\u01a1n<\/p>","protected":false},"featured_media":1875,"comment_status":"closed","ping_status":"open","template":"","meta":[],"_links":{"self":[{"href":"https:\/\/the1011.com\/en\/wp-json\/wp\/v2\/product\/1981"}],"collection":[{"href":"https:\/\/the1011.com\/en\/wp-json\/wp\/v2\/product"}],"about":[{"href":"https:\/\/the1011.com\/en\/wp-json\/wp\/v2\/types\/product"}],"replies":[{"embeddable":true,"href":"https:\/\/the1011.com\/en\/wp-json\/wp\/v2\/comments?post=1981"}],"wp:featuredmedia":[{"embeddable":true,"href":"https:\/\/the1011.com\/en\/wp-json\/wp\/v2\/media\/1875"}],"wp:attachment":[{"href":"https:\/\/the1011.com\/en\/wp-json\/wp\/v2\/media?parent=1981"}],"curies":[{"name":"wp","href":"https:\/\/api.w.org\/{rel}","templated":true}]}}