{"id":1980,"date":"2024-08-05T16:28:33","date_gmt":"2024-08-05T09:28:33","guid":{"rendered":"https:\/\/the1011.com\/product\/ct-065-thieu-tinh-trung-azoospermia\/"},"modified":"2024-08-05T16:28:34","modified_gmt":"2024-08-05T09:28:34","slug":"ct-065-thieu-tinh-trung-azoospermia","status":"publish","type":"product","link":"https:\/\/the1011.com\/en\/product\/ct-065-thieu-tinh-trung-azoospermia\/","title":{"rendered":"CT.065 \u2013 THI\u1ebeU TINH TR\u00d9NG (AZOOSPERMIA)"},"content":{"rendered":"<p class=\"preFade\" style=\"white-space: pre-wrap; transition-timing-function: ease; transition-duration: 1.5s; transition-delay: 0.1875s;\"><strong>T\u00e1c d\u1ee5ng<\/strong>: B\u1ed5 T\u1ef3 Th\u1eadn, b\u00ecnh Can, th\u00fac \u0111\u1ea9y s\u1ea3n sinh th\u00eam tinh tr\u00f9ng, ph\u1ea9m ch\u1ea5t t\u1ed1t.<\/p>\n<p class=\"preFade\" style=\"white-space: pre-wrap; transition-timing-function: ease; transition-duration: 1.5s; transition-delay: 0.196875s;\"><strong>Th\u00e0nh ph\u1ea7n:&nbsp;<\/strong>Th\u1ee5c \u0111\u1ecba, Ho\u00e0i s\u01a1n, \u0110\u01b0\u01a1ng qui, C\u00e2u k\u1ef7 t\u1eed, Li\u00ean nh\u1ee5c, H\u1ed3ng s\u00e2m\u2026<\/p>\n<p class=\"preFade\" style=\"white-space: pre-wrap; transition-timing-function: ease; transition-duration: 1.5s; transition-delay: 0.20625s;\"><strong>C\u00e1ch d\u00f9ng:&nbsp;<\/strong><\/p>\n<ul data-rte-list=\"default\">\n<li>\n<p class=\"preFade\" style=\"white-space: pre-wrap; transition-timing-function: ease; transition-duration: 1.5s; transition-delay: 0.215625s;\">Ng\u00e0y u\u1ed1ng 3 l\u1ea7n, m\u1ed7i l\u1ea7n 3-4 vi\u00ean. <\/p>\n<\/li>\n<li>\n<p class=\"preFade\" style=\"white-space: pre-wrap; transition-timing-function: ease; transition-duration: 1.5s; transition-delay: 0.225s;\">Thu\u1ed1c t\u1ec5: nhai nu\u1ed1t ng\u00e0y 3 l\u1ea7n, m\u1ed7i l\u1ea7n 2 ho\u00e0n v\u1edbi n\u01b0\u1edbc c\u01a1m.<\/p>\n<\/li>\n<\/ul>\n<p class=\"preFade\" style=\"white-space: pre-wrap; transition-timing-function: ease; transition-duration: 1.5s; transition-delay: 0.234375s;\"><strong>Ki\u00eang c\u1eef:&nbsp;<\/strong>Tr\u00e1c t\u00e1ng v\u00f4 \u0111\u1ed9, th\u1ee7 d\u00e2m, l\u1ea1m d\u1ee5ng r\u01b0\u1ee3u, h\u00fat thu\u1ed1c l\u00e1, ma t\u00fay.<\/p>","protected":false},"excerpt":{"rendered":"<p>T\u00e1c d\u1ee5ng: B\u1ed5 T\u1ef3 Th\u1eadn, b\u00ecnh Can, th\u00fac \u0111\u1ea9y s\u1ea3n sinh th\u00eam tinh tr\u00f9ng, ph\u1ea9m ch\u1ea5t t\u1ed1t. Th\u00e0nh ph\u1ea7n:&nbsp;Th\u1ee5c \u0111\u1ecba, Ho\u00e0i s\u01a1n, \u0110\u01b0\u01a1ng qui, C\u00e2u k\u1ef7 t\u1eed, Li\u00ean nh\u1ee5c, H\u1ed3ng s\u00e2m\u2026 C\u00e1ch d\u00f9ng:&nbsp; Ng\u00e0y u\u1ed1ng 3 l\u1ea7n, m\u1ed7i l\u1ea7n 3-4 vi\u00ean. Thu\u1ed1c t\u1ec5: nhai nu\u1ed1t ng\u00e0y 3 l\u1ea7n, m\u1ed7i l\u1ea7n 2 ho\u00e0n v\u1edbi n\u01b0\u1edbc c\u01a1m.<\/p>","protected":false},"featured_media":1813,"comment_status":"closed","ping_status":"open","template":"","meta":[],"_links":{"self":[{"href":"https:\/\/the1011.com\/en\/wp-json\/wp\/v2\/product\/1980"}],"collection":[{"href":"https:\/\/the1011.com\/en\/wp-json\/wp\/v2\/product"}],"about":[{"href":"https:\/\/the1011.com\/en\/wp-json\/wp\/v2\/types\/product"}],"replies":[{"embeddable":true,"href":"https:\/\/the1011.com\/en\/wp-json\/wp\/v2\/comments?post=1980"}],"wp:featuredmedia":[{"embeddable":true,"href":"https:\/\/the1011.com\/en\/wp-json\/wp\/v2\/media\/1813"}],"wp:attachment":[{"href":"https:\/\/the1011.com\/en\/wp-json\/wp\/v2\/media?parent=1980"}],"curies":[{"name":"wp","href":"https:\/\/api.w.org\/{rel}","templated":true}]}}