{"id":1979,"date":"2024-08-05T16:28:33","date_gmt":"2024-08-05T09:28:33","guid":{"rendered":"https:\/\/the1011.com\/product\/ct-062-than-suy-di-mong-hoat-tinh-dropsical-nephritis\/"},"modified":"2024-08-05T16:28:34","modified_gmt":"2024-08-05T09:28:34","slug":"ct-062-than-suy-di-mong-hoat-tinh-dropsical-nephritis","status":"publish","type":"product","link":"https:\/\/the1011.com\/en\/product\/ct-062-than-suy-di-mong-hoat-tinh-dropsical-nephritis\/","title":{"rendered":"CT.062 &#8211; TH\u1eacN SUY &#8211; DI M\u1ed8NG, HO\u1ea0T TINH (DROPSICAL NEPHRITIS)"},"content":{"rendered":"<p class=\"preFade\" style=\"transition-timing-function: ease; transition-duration: 1.5s; transition-delay: 0.225s;\"><strong>T\u00e1c d\u1ee5ng<\/strong>: B\u1ed5 tr\u1ee3 ch\u1ee9c n\u0103ng th\u1eadn, gi\u00fap c\u1ea3i thi\u1ec7n v\u00e0 \u0111\u00ecnh ch\u1ec9 t\u00ecnh tr\u1ea1ng \u0111\u00e0n \u00f4ng xu\u1ea5t tinh trong c\u01a1n m\u01a1 ng\u1ee7 ho\u1eb7c tinh d\u1ecbch t\u1ef1 ti\u1ebft xu\u1ea5t kh\u00f4ng ch\u1ee7 \u0111\u1ed9ng.<\/p>\n<p class=\"preFade\" style=\"transition-timing-function: ease; transition-duration: 1.5s; transition-delay: 0.235714s;\">&nbsp;<\/p>\n<p class=\"preFade\" style=\"transition-timing-function: ease; transition-duration: 1.5s; transition-delay: 0.246429s;\"><strong><em>Indication: <\/em><\/strong><em>Supporting kidney function, improve and stop thenocturnal emission or non-stop flow of semen\/sperma<\/em><\/p>","protected":false},"excerpt":{"rendered":"<p>T\u00e1c d\u1ee5ng: B\u1ed5 tr\u1ee3 ch\u1ee9c n\u0103ng th\u1eadn, gi\u00fap c\u1ea3i thi\u1ec7n v\u00e0 \u0111\u00ecnh ch\u1ec9 t\u00ecnh tr\u1ea1ng \u0111\u00e0n \u00f4ng xu\u1ea5t tinh trong c\u01a1n m\u01a1 ng\u1ee7 ho\u1eb7c tinh d\u1ecbch t\u1ef1 ti\u1ebft xu\u1ea5t kh\u00f4ng ch\u1ee7 \u0111\u1ed9ng. &nbsp; Indication: Supporting kidney function, improve and stop thenocturnal emission or non-stop flow of semen\/sperma<\/p>","protected":false},"featured_media":1810,"comment_status":"closed","ping_status":"open","template":"","meta":[],"_links":{"self":[{"href":"https:\/\/the1011.com\/en\/wp-json\/wp\/v2\/product\/1979"}],"collection":[{"href":"https:\/\/the1011.com\/en\/wp-json\/wp\/v2\/product"}],"about":[{"href":"https:\/\/the1011.com\/en\/wp-json\/wp\/v2\/types\/product"}],"replies":[{"embeddable":true,"href":"https:\/\/the1011.com\/en\/wp-json\/wp\/v2\/comments?post=1979"}],"wp:featuredmedia":[{"embeddable":true,"href":"https:\/\/the1011.com\/en\/wp-json\/wp\/v2\/media\/1810"}],"wp:attachment":[{"href":"https:\/\/the1011.com\/en\/wp-json\/wp\/v2\/media?parent=1979"}],"curies":[{"name":"wp","href":"https:\/\/api.w.org\/{rel}","templated":true}]}}