{"id":1978,"date":"2024-08-05T16:28:33","date_gmt":"2024-08-05T09:28:33","guid":{"rendered":"https:\/\/the1011.com\/product\/ct-159-kem-da-vaneda-skin-cream\/"},"modified":"2024-08-05T16:28:34","modified_gmt":"2024-08-05T09:28:34","slug":"ct-159-kem-da-vaneda-skin-cream","status":"publish","type":"product","link":"https:\/\/the1011.com\/en\/product\/ct-159-kem-da-vaneda-skin-cream\/","title":{"rendered":"CT.159 \u2013 KEM (DA) VANEDA (SKIN) CREAM"},"content":{"rendered":"<p data-mce-fragment=\"1\" class=\"preFade\" style=\"transition-timing-function: ease; transition-duration: 1.5s; transition-delay: 0.213559s;\"><strong data-mce-fragment=\"1\">T\u00e1c d\u1ee5ng:<\/strong><span data-mce-fragment=\"1\">&nbsp;<\/span>Ch\u1ed1ng ng\u1ee9a, vi\u00eam da, da kh\u00f4, bong v\u1ea3y. C\u1ea3i thi\u1ec7n c\u00e1c b\u1ec7nh ngo\u00e0i da: m\u1ec1 \u0111ay, ch\u00e0m, v\u1ea3y n\u1ebfn, b\u1ecfng da. Thay c\u0169 \u0111\u1ed5i m\u1edbi, l\u00e0nh v\u1ebft th\u01b0\u01a1ng, da d\u1ebb m\u1ecbn \u0111\u1eb9p.<\/p>\n<p data-mce-fragment=\"1\" class=\"preFade\" style=\"transition-timing-function: ease; transition-duration: 1.5s; transition-delay: 0.223729s;\"><strong data-mce-fragment=\"1\">Th\u00e0nh ph\u1ea7n:<\/strong><span data-mce-fragment=\"1\">&nbsp;<\/span>D\u1ea7u d\u1eeba \u0111\u1eb7c ch\u1ebf, Aloe vera gel, vitamin E\u2026<\/p>\n<p data-mce-fragment=\"1\" class=\"preFade\" style=\"transition-timing-function: ease; transition-duration: 1.5s; transition-delay: 0.233898s;\"><strong data-mce-fragment=\"1\">C\u00e1ch d\u00f9ng:<\/strong><span data-mce-fragment=\"1\">&nbsp;<\/span>B\u00f4i \u0111\u1ec1u m\u1ed9t l\u1edbp m\u1ecfng l\u00ean ch\u1ed7 c\u00f3 b\u1ec7nh sau khi \u0111\u01b0\u1ee3c lau r\u1eeda s\u1ea1ch s\u1ebd. Ng\u00e0y b\u00f4i 1-2 l\u1ea7n. Ch\u1ec9 d\u00f9ng ngo\u00e0i da (m\u1eb7c d\u00f9 kh\u00f4ng ch\u1ee9a h\u00f3a ch\u1ea5t \u0111\u1ed9c h\u1ea1i s\u1ee9c kh\u1ecfe).<\/p>\n<p data-mce-fragment=\"1\" class=\"preFade\" style=\"transition-timing-function: ease; transition-duration: 1.5s; transition-delay: 0.244068s;\"><strong data-mce-fragment=\"1\">Ki\u00eang c\u1eef:<\/strong><span data-mce-fragment=\"1\">&nbsp;<\/span>Th\u1ecbt b\u00f2, th\u1ecbt v\u1ecbt, chim c\u00fat, c\u00e1 ng\u1eeb, c\u00e1 \u0111u\u1ed1i, r\u00f4 phi, h\u1ea3i s\u1ea3n, u\u1ed1ng r\u01b0\u1ee3u.<\/p>","protected":false},"excerpt":{"rendered":"<p>T\u00e1c d\u1ee5ng:&nbsp;Ch\u1ed1ng ng\u1ee9a, vi\u00eam da, da kh\u00f4, bong v\u1ea3y. C\u1ea3i thi\u1ec7n c\u00e1c b\u1ec7nh ngo\u00e0i da: m\u1ec1 \u0111ay, ch\u00e0m, v\u1ea3y n\u1ebfn, b\u1ecfng da. Thay c\u0169 \u0111\u1ed5i m\u1edbi, l\u00e0nh v\u1ebft th\u01b0\u01a1ng, da d\u1ebb m\u1ecbn \u0111\u1eb9p. Th\u00e0nh ph\u1ea7n:&nbsp;D\u1ea7u d\u1eeba \u0111\u1eb7c ch\u1ebf, Aloe vera gel, vitamin E\u2026 C\u00e1ch d\u00f9ng:&nbsp;B\u00f4i \u0111\u1ec1u m\u1ed9t l\u1edbp m\u1ecfng l\u00ean ch\u1ed7 c\u00f3 b\u1ec7nh sau khi<\/p>","protected":false},"featured_media":1781,"comment_status":"closed","ping_status":"open","template":"","meta":[],"_links":{"self":[{"href":"https:\/\/the1011.com\/en\/wp-json\/wp\/v2\/product\/1978"}],"collection":[{"href":"https:\/\/the1011.com\/en\/wp-json\/wp\/v2\/product"}],"about":[{"href":"https:\/\/the1011.com\/en\/wp-json\/wp\/v2\/types\/product"}],"replies":[{"embeddable":true,"href":"https:\/\/the1011.com\/en\/wp-json\/wp\/v2\/comments?post=1978"}],"wp:featuredmedia":[{"embeddable":true,"href":"https:\/\/the1011.com\/en\/wp-json\/wp\/v2\/media\/1781"}],"wp:attachment":[{"href":"https:\/\/the1011.com\/en\/wp-json\/wp\/v2\/media?parent=1978"}],"curies":[{"name":"wp","href":"https:\/\/api.w.org\/{rel}","templated":true}]}}