{"id":1977,"date":"2024-08-05T16:28:33","date_gmt":"2024-08-05T09:28:33","guid":{"rendered":"https:\/\/the1011.com\/product\/ct-040-bach-bien-bach-tang\/"},"modified":"2024-08-05T16:28:34","modified_gmt":"2024-08-05T09:28:34","slug":"ct-040-bach-bien-bach-tang","status":"publish","type":"product","link":"https:\/\/the1011.com\/en\/product\/ct-040-bach-bien-bach-tang\/","title":{"rendered":"CT.040 \u2013 B\u1ea0CH BI\u1ebeN -B\u1ea0CH T\u1ea0NG"},"content":{"rendered":"<p data-mce-fragment=\"1\" class=\"preFade\" style=\"transition-timing-function: ease; transition-duration: 1.5s; transition-delay: 0.218182s;\"><strong data-mce-fragment=\"1\">T\u00e1c d\u1ee5ng:<\/strong><span data-mce-fragment=\"1\">&nbsp;<\/span>Kh\u00e1ng vi\u00eam, ch\u1ed1ng n\u1ea5m, c\u1ea3i thi\u1ec7n v\u00e0 ph\u1ee5c h\u1ed3i s\u1eafc da.<\/p>\n<p data-mce-fragment=\"1\" class=\"preFade\" style=\"transition-timing-function: ease; transition-duration: 1.5s; transition-delay: 0.229091s;\"><strong data-mce-fragment=\"1\">Th\u00e0nh ph\u1ea7n:<\/strong><span data-mce-fragment=\"1\">&nbsp;<\/span>T\u1eed th\u1ea3o, \u0110am s\u00e2m, Th\u1ea3o h\u00e0 sa, Xuy\u00ean khung, L\u01b0u k\u00fd n\u00f4, H\u1ea1n li\u00ean th\u1ea3o, B\u1ea1ch ch\u1ec9, Th\u00edch t\u1eadt l\u00ea, Kh\u1ed5 s\u00e2m, H\u00e0 th\u1ee7 \u00f4.<\/p>\n<p data-mce-fragment=\"1\" class=\"preFade\" style=\"transition-timing-function: ease; transition-duration: 1.5s; transition-delay: 0.24s;\"><strong data-mce-fragment=\"1\">C\u00e1ch d\u00f9ng:<\/strong><span data-mce-fragment=\"1\">&nbsp;<\/span>Ng\u00e0y u\u1ed1ng 3 l\u1ea7n, m\u1ed7i l\u1ea7n 3-4 vi\u00ean v\u1edbi n\u01b0\u1edbc l\u1ecdc. D\u1ea1ng c\u1ed3n: B\u00f4i l\u00ean ch\u1ed7 b\u1ea1ch bi\u1ebfn, b\u1ea1ch t\u1ea1ng ng\u00e0y 2-3 l\u1ea7n cho \u0111\u1ebfn khi kh\u1ecfi h\u1eb3n (C\u1ed3n B\u1ea1ch bi\u1ebfn, B\u1ea1ch t\u1ea1ng ch\u1ec9 d\u00f9ng b\u00f4i ngo\u00e0i da. Kh\u00f4ng u\u1ed1ng \u0111\u01b0\u1ee3c).<br data-mce-fragment=\"1\">Ki\u00eang c\u1eef: Th\u1ecbt b\u00f2, t\u00f4m cua, m\u1ef1c, \u1ed1c, c\u00e1 ng\u1eeb, u\u1ed1ng bia r\u01b0\u1ee3u.<\/p>","protected":false},"excerpt":{"rendered":"<p>T\u00e1c d\u1ee5ng:&nbsp;Kh\u00e1ng vi\u00eam, ch\u1ed1ng n\u1ea5m, c\u1ea3i thi\u1ec7n v\u00e0 ph\u1ee5c h\u1ed3i s\u1eafc da. Th\u00e0nh ph\u1ea7n:&nbsp;T\u1eed th\u1ea3o, \u0110am s\u00e2m, Th\u1ea3o h\u00e0 sa, Xuy\u00ean khung, L\u01b0u k\u00fd n\u00f4, H\u1ea1n li\u00ean th\u1ea3o, B\u1ea1ch ch\u1ec9, Th\u00edch t\u1eadt l\u00ea, Kh\u1ed5 s\u00e2m, H\u00e0 th\u1ee7 \u00f4. C\u00e1ch d\u00f9ng:&nbsp;Ng\u00e0y u\u1ed1ng 3 l\u1ea7n, m\u1ed7i l\u1ea7n 3-4 vi\u00ean v\u1edbi n\u01b0\u1edbc l\u1ecdc. D\u1ea1ng c\u1ed3n: B\u00f4i l\u00ean ch\u1ed7<\/p>","protected":false},"featured_media":1795,"comment_status":"closed","ping_status":"open","template":"","meta":[],"_links":{"self":[{"href":"https:\/\/the1011.com\/en\/wp-json\/wp\/v2\/product\/1977"}],"collection":[{"href":"https:\/\/the1011.com\/en\/wp-json\/wp\/v2\/product"}],"about":[{"href":"https:\/\/the1011.com\/en\/wp-json\/wp\/v2\/types\/product"}],"replies":[{"embeddable":true,"href":"https:\/\/the1011.com\/en\/wp-json\/wp\/v2\/comments?post=1977"}],"wp:featuredmedia":[{"embeddable":true,"href":"https:\/\/the1011.com\/en\/wp-json\/wp\/v2\/media\/1795"}],"wp:attachment":[{"href":"https:\/\/the1011.com\/en\/wp-json\/wp\/v2\/media?parent=1977"}],"curies":[{"name":"wp","href":"https:\/\/api.w.org\/{rel}","templated":true}]}}