{"id":1976,"date":"2024-08-05T16:28:33","date_gmt":"2024-08-05T09:28:33","guid":{"rendered":"https:\/\/the1011.com\/product\/ct-015-gioi-leo-shingles-zona\/"},"modified":"2024-08-05T16:28:33","modified_gmt":"2024-08-05T09:28:33","slug":"ct-015-gioi-leo-shingles-zona","status":"publish","type":"product","link":"https:\/\/the1011.com\/en\/product\/ct-015-gioi-leo-shingles-zona\/","title":{"rendered":"CT.015 &#8211; GI\u1edcI LEO (SHINGLES \/ ZONA)"},"content":{"rendered":"<p class=\"preFade\" style=\"transition-timing-function: ease; transition-duration: 1.5s; transition-delay: 0.235294s;\"><strong>T\u00e1c d\u1ee5ng:<\/strong>&nbsp;Ti\u00eau vi\u00eam, n\u00e2ng cao h\u1ec7 mi\u1ec5n d\u1ecbch, th\u01b0 gi\u00e3n th\u1ea7n kinh. Gi\u00fap c\u1ea3i thi\u1ec7n ch\u1ee9ng vi\u00eam da, l\u00e0m&nbsp;m\u1ee7, ng\u1ee9a r\u00e1t. Gi\u1ea3m hi\u1ec7n t\u01b0\u1ee3ng \u0111au r\u00e1t d\u00e2y th\u1ea7n kinh sau th\u1eddi k\u1ef3 g\u00e2y vi\u00eam da.<\/p>\n<p class=\"preFade\" style=\"transition-timing-function: ease; transition-duration: 1.5s; transition-delay: 0.247059s;\"><strong>Th\u00e0nh ph\u1ea7n:&nbsp;<\/strong>Th\u1ee7y ng\u01b0u gi\u00e1c, Sinh \u0111\u1ecba, D\u00e3 c\u00fac hoa, Kim ng\u00e2n hoa, B\u00e1n chi li\u00ean, Li\u00ean ki\u1ec1u, Ho\u00e0ng li\u00ean, T\u1eed th\u1ea3o, Ty qua l\u1ea1c,&nbsp;Xuy\u00ean luy\u1ec7n t\u1eed, Di\u00ean h\u1ed3 s\u00e1ch\u2026<br \/><strong>C\u00e1ch d\u00f9ng:<\/strong>&nbsp;Ng\u00e0y u\u1ed1ng 3-4 l\u1ea7n, m\u1ed7i l\u1ea7n 3-4 vi\u00ean t\u00f9y b\u1ec7nh tr\u1ea1ng n\u1eb7ng nh\u1eb9 \u0111\u1ec3 ch\u1ecdn li\u1ec1u l\u01b0\u1ee3ng th\u00edch h\u1ee3p.<br \/><strong>Ki\u00eang c\u1eef:<\/strong>&nbsp;Th\u1ecbt b\u00f2, t\u00f4m t\u00e9p, x\u00f4i n\u1ebfp, th\u1ecbt v\u1ecbt, chim c\u00fat, c\u00e1 ng\u1eeb, c\u00e1 \u0111u\u1ed1i, c\u00e1 r\u00f4 phi, c\u00e0 t\u00edm, m\u0103ng t\u00e2y, bia r\u01b0\u1ee3u, c\u00e1c lo\u1ea1i m\u1eafm.<\/p>","protected":false},"excerpt":{"rendered":"<p>T\u00e1c d\u1ee5ng:&nbsp;Ti\u00eau vi\u00eam, n\u00e2ng cao h\u1ec7 mi\u1ec5n d\u1ecbch, th\u01b0 gi\u00e3n th\u1ea7n kinh. Gi\u00fap c\u1ea3i thi\u1ec7n ch\u1ee9ng vi\u00eam da, l\u00e0m&nbsp;m\u1ee7, ng\u1ee9a r\u00e1t. Gi\u1ea3m hi\u1ec7n t\u01b0\u1ee3ng \u0111au r\u00e1t d\u00e2y th\u1ea7n kinh sau th\u1eddi k\u1ef3 g\u00e2y vi\u00eam da. Th\u00e0nh ph\u1ea7n:&nbsp;Th\u1ee7y ng\u01b0u gi\u00e1c, Sinh \u0111\u1ecba, D\u00e3 c\u00fac hoa, Kim ng\u00e2n hoa, B\u00e1n chi li\u00ean, Li\u00ean ki\u1ec1u, Ho\u00e0ng li\u00ean, T\u1eed<\/p>","protected":false},"featured_media":1751,"comment_status":"closed","ping_status":"open","template":"","meta":[],"_links":{"self":[{"href":"https:\/\/the1011.com\/en\/wp-json\/wp\/v2\/product\/1976"}],"collection":[{"href":"https:\/\/the1011.com\/en\/wp-json\/wp\/v2\/product"}],"about":[{"href":"https:\/\/the1011.com\/en\/wp-json\/wp\/v2\/types\/product"}],"replies":[{"embeddable":true,"href":"https:\/\/the1011.com\/en\/wp-json\/wp\/v2\/comments?post=1976"}],"wp:featuredmedia":[{"embeddable":true,"href":"https:\/\/the1011.com\/en\/wp-json\/wp\/v2\/media\/1751"}],"wp:attachment":[{"href":"https:\/\/the1011.com\/en\/wp-json\/wp\/v2\/media?parent=1976"}],"curies":[{"name":"wp","href":"https:\/\/api.w.org\/{rel}","templated":true}]}}