{"id":1975,"date":"2024-08-05T16:28:33","date_gmt":"2024-08-05T09:28:33","guid":{"rendered":"https:\/\/the1011.com\/product\/ct-004-my-dien-phan-beautiful-face-powder\/"},"modified":"2024-08-05T16:28:33","modified_gmt":"2024-08-05T09:28:33","slug":"ct-004-my-dien-phan-beautiful-face-powder","status":"publish","type":"product","link":"https:\/\/the1011.com\/en\/product\/ct-004-my-dien-phan-beautiful-face-powder\/","title":{"rendered":"CT.004 &#8211; M\u1ef8 DI\u1ec6N PH\u1ea4N (BEAUTIFUL FACE POWDER)"},"content":{"rendered":"<p class=\"preFade\" style=\"white-space: pre-wrap; transition-timing-function: ease; transition-duration: 1.5s; transition-delay: 0.222222s;\"><strong>T\u00e1c d\u1ee5ng:<\/strong>&nbsp;C\u1ea3i thi\u1ec7n t\u1ebf b\u00e0o da, thay c\u0169 \u0111\u1ed5i m\u1edbi, l\u00e0m tan bi\u1ebfn c\u00e1c v\u1ebft n\u00e1m tr\u00ean da m\u1eb7t, da nh\u0103n, dakh\u00f4, bong v\u1ea3y. T\u00e1i t\u1ea1o l\u00e0n da m\u1ecbn m\u00e0ng, h\u1ed3ng nhu\u1eadn. An to\u00e0n, kh\u00f4ng g\u00e2y ph\u1ea3n \u1ee9ng ph\u1ee5, kh\u00f4ng phatr\u1ed9n h\u00f3a ch\u1ea5t hay h\u00f3a m\u1ef9 ph\u1ea9m. <\/p>\n<p class=\"preFade\" style=\"white-space: pre-wrap; transition-timing-function: ease; transition-duration: 1.5s; transition-delay: 0.233333s;\"><strong>Th\u00e0nh ph\u1ea7n:<\/strong>&nbsp;Ch\u00e1nh Tr\u00e2n ch\u00e2u ph\u1ea5n, B\u1ea1ch Ph\u1ee5clinh, Thi\u00ean hoa ph\u1ea5n, V\u00e2n nh\u0169 th\u1ea1ch&#8230;<\/p>\n<p class=\"preFade\" style=\"white-space: pre-wrap; transition-timing-function: ease; transition-duration: 1.5s; transition-delay: 0.244444s;\"><strong>C\u00e1ch d\u00f9ng:<\/strong>&nbsp;M\u1ed7i l\u1ea7n m\u00fac 1 mu\u1ed7ng c\u00e0 ph\u00ea b\u1ed9t \u0111\u1ea7y,cho v\u00e0o ch\u00e9n s\u1ea1ch, th\u00eam m\u1ed9t l\u01b0\u1ee3ng nh\u1ecf n\u01b0\u1edbc c\u1ed1td\u01b0a leo hay n\u01b0\u1edbc c\u1ed1t aloe vera, l\u00f2ng tr\u1eafng h\u1ed9t g\u00e0,n\u01b0\u1edbc vo g\u1ea1o \u0111\u1eadm \u0111\u1eb7c, avocado hay \u0111u \u0111\u1ee7 ch\u00edn, tr\u1ed9n\u0111\u1ec1u th\u00e0nh d\u1ecbch l\u1ecfng nh\u01b0 kem (m\u1eb7t n\u1ea1), b\u00f4i \u0111\u1ec1u dam\u1eb7t v\u00e0 n\u01a1i c\u00f3 v\u1ebft n\u00e1m, gi\u1eef y\u00ean 15 ph\u00fat r\u1ed3i r\u1eeda m\u1eb7tv\u1edbi n\u01b0\u1edbc l\u1ecdc. Ng\u00e0y th\u1ef1c hi\u1ec7n 1-2 l\u1ea7n.<\/p>","protected":false},"excerpt":{"rendered":"<p>T\u00e1c d\u1ee5ng:&nbsp;C\u1ea3i thi\u1ec7n t\u1ebf b\u00e0o da, thay c\u0169 \u0111\u1ed5i m\u1edbi, l\u00e0m tan bi\u1ebfn c\u00e1c v\u1ebft n\u00e1m tr\u00ean da m\u1eb7t, da nh\u0103n, dakh\u00f4, bong v\u1ea3y. T\u00e1i t\u1ea1o l\u00e0n da m\u1ecbn m\u00e0ng, h\u1ed3ng nhu\u1eadn. An to\u00e0n, kh\u00f4ng g\u00e2y ph\u1ea3n \u1ee9ng ph\u1ee5, kh\u00f4ng phatr\u1ed9n h\u00f3a ch\u1ea5t hay h\u00f3a m\u1ef9 ph\u1ea9m. Th\u00e0nh ph\u1ea7n:&nbsp;Ch\u00e1nh Tr\u00e2n ch\u00e2u ph\u1ea5n, B\u1ea1ch Ph\u1ee5clinh, Thi\u00ean<\/p>","protected":false},"featured_media":1739,"comment_status":"closed","ping_status":"open","template":"","meta":[],"_links":{"self":[{"href":"https:\/\/the1011.com\/en\/wp-json\/wp\/v2\/product\/1975"}],"collection":[{"href":"https:\/\/the1011.com\/en\/wp-json\/wp\/v2\/product"}],"about":[{"href":"https:\/\/the1011.com\/en\/wp-json\/wp\/v2\/types\/product"}],"replies":[{"embeddable":true,"href":"https:\/\/the1011.com\/en\/wp-json\/wp\/v2\/comments?post=1975"}],"wp:featuredmedia":[{"embeddable":true,"href":"https:\/\/the1011.com\/en\/wp-json\/wp\/v2\/media\/1739"}],"wp:attachment":[{"href":"https:\/\/the1011.com\/en\/wp-json\/wp\/v2\/media?parent=1975"}],"curies":[{"name":"wp","href":"https:\/\/api.w.org\/{rel}","templated":true}]}}