{"id":1974,"date":"2024-08-05T16:28:33","date_gmt":"2024-08-05T09:28:33","guid":{"rendered":"https:\/\/the1011.com\/product\/ct-003-nam-da-mat-tan-nhang-melasma-freckles\/"},"modified":"2024-08-05T16:28:33","modified_gmt":"2024-08-05T09:28:33","slug":"ct-003-nam-da-mat-tan-nhang-melasma-freckles","status":"publish","type":"product","link":"https:\/\/the1011.com\/en\/product\/ct-003-nam-da-mat-tan-nhang-melasma-freckles\/","title":{"rendered":"CT.003 &#8211; N\u00c1M DA M\u1eb6T, T\u00c0N NHANG (MELASMA, FRECKLES)"},"content":{"rendered":"<p class=\"preFade\" style=\"transition-timing-function: ease; transition-duration: 1.5s; transition-delay: 0.210526s;\"><strong>T\u00e1c d\u1ee5ng:<\/strong>&nbsp;C\u1ea3i thi\u1ec7n da m\u1eb7t c\u1eb1n c\u1ed7i, n\u00e1m, n\u1ed5i \u0111\u1ed1m \u0111en do t\u00edch \u0111\u1ecdng h\u1eafc s\u1eafc t\u1ed1&nbsp;melanin.<\/p>\n<p class=\"preFade\" style=\"transition-timing-function: ease; transition-duration: 1.5s; transition-delay: 0.221053s;\"><strong>Th\u00e0nh ph\u1ea7n:<\/strong>&nbsp;Sinh \u0111\u1ecba, \u0110\u01b0\u01a1ng qui, Xuy\u00ean khung, B\u1ea1ch th\u01b0\u1ee3c, B\u1ea1ch ch\u1ec9, \u00cdch m\u1eabu th\u1ea3o&#8230;<\/p>\n<p class=\"preFade\" style=\"transition-timing-function: ease; transition-duration: 1.5s; transition-delay: 0.231579s;\"><strong>C\u00e1ch d\u00f9ng:<\/strong>&nbsp;Ng\u00e0y u\u1ed1ng 3 l\u1ea7n, m\u1ed7i l\u1ea7n 3-4 vi\u00ean.&nbsp;<\/p>\n<p class=\"preFade\" style=\"transition-timing-function: ease; transition-duration: 1.5s; transition-delay: 0.242105s;\"><strong>Ki\u00eang c\u1eef:<\/strong>&nbsp;Th\u1ee9c \u0103n kh\u00f4, chi\u00ean, n\u01b0\u1edbng, n\u1ea5u \u0111i n\u1ea5u l\u1ea1i nhi\u1ec1u l\u1ea7n, ra n\u1eafng \u0111\u1ea7u tr\u1ea7n, th\u1ee9c \u0111\u00eam, m\u1ea5t ng\u1ee7, d\u00f9ng m\u1ef9 ph\u1ea9m kh\u00f4ng&nbsp;th\u00edch h\u1ee3p.<\/p>","protected":false},"excerpt":{"rendered":"<p>T\u00e1c d\u1ee5ng:&nbsp;C\u1ea3i thi\u1ec7n da m\u1eb7t c\u1eb1n c\u1ed7i, n\u00e1m, n\u1ed5i \u0111\u1ed1m \u0111en do t\u00edch \u0111\u1ecdng h\u1eafc s\u1eafc t\u1ed1&nbsp;melanin. Th\u00e0nh ph\u1ea7n:&nbsp;Sinh \u0111\u1ecba, \u0110\u01b0\u01a1ng qui, Xuy\u00ean khung, B\u1ea1ch th\u01b0\u1ee3c, B\u1ea1ch ch\u1ec9, \u00cdch m\u1eabu th\u1ea3o&#8230; C\u00e1ch d\u00f9ng:&nbsp;Ng\u00e0y u\u1ed1ng 3 l\u1ea7n, m\u1ed7i l\u1ea7n 3-4 vi\u00ean.&nbsp; Ki\u00eang c\u1eef:&nbsp;Th\u1ee9c \u0103n kh\u00f4, chi\u00ean, n\u01b0\u1edbng, n\u1ea5u \u0111i n\u1ea5u l\u1ea1i nhi\u1ec1u l\u1ea7n, ra n\u1eafng \u0111\u1ea7u<\/p>","protected":false},"featured_media":1740,"comment_status":"closed","ping_status":"open","template":"","meta":[],"_links":{"self":[{"href":"https:\/\/the1011.com\/en\/wp-json\/wp\/v2\/product\/1974"}],"collection":[{"href":"https:\/\/the1011.com\/en\/wp-json\/wp\/v2\/product"}],"about":[{"href":"https:\/\/the1011.com\/en\/wp-json\/wp\/v2\/types\/product"}],"replies":[{"embeddable":true,"href":"https:\/\/the1011.com\/en\/wp-json\/wp\/v2\/comments?post=1974"}],"wp:featuredmedia":[{"embeddable":true,"href":"https:\/\/the1011.com\/en\/wp-json\/wp\/v2\/media\/1740"}],"wp:attachment":[{"href":"https:\/\/the1011.com\/en\/wp-json\/wp\/v2\/media?parent=1974"}],"curies":[{"name":"wp","href":"https:\/\/api.w.org\/{rel}","templated":true}]}}