{"id":1973,"date":"2024-08-05T16:28:33","date_gmt":"2024-08-05T09:28:33","guid":{"rendered":"https:\/\/the1011.com\/product\/ct-002-mun-mat-viem-nang-long-acnea-pustule-folliculitis\/"},"modified":"2024-08-05T16:28:33","modified_gmt":"2024-08-05T09:28:33","slug":"ct-002-mun-mat-viem-nang-long-acnea-pustule-folliculitis","status":"publish","type":"product","link":"https:\/\/the1011.com\/en\/product\/ct-002-mun-mat-viem-nang-long-acnea-pustule-folliculitis\/","title":{"rendered":"CT.002 &#8211; M\u1ee4N M\u1eb6T, VI\u00caM NANG L\u00d4NG (ACNEA, PUSTULE, FOLLICULITIS)"},"content":{"rendered":"<p class=\"preFade\" style=\"transition-timing-function: ease; transition-duration: 1.5s; transition-delay: 0.210526s;\"><strong>T\u00e1c d\u1ee5ng:<\/strong> Thanh can, ti\u00eau \u0111\u1ed9c, c\u1ea3i thi\u1ec7n da m\u1eb7t n\u1ed5i m\u1ee5n, vi\u00eam nang l\u00f4ng.<\/p>\n<p class=\"preFade\" style=\"transition-timing-function: ease; transition-duration: 1.5s; transition-delay: 0.221053s;\"><strong>Th\u00e0nh ph\u1ea7n:<\/strong> Kim ng\u00e2n hoa, Ho\u00e0ng k\u1ef3, \u0110\u01b0\u01a1ng qui, Li\u00ean ki\u1ec1u, Nga tru\u1eadt&#8230;<\/p>\n<p class=\"preFade\" style=\"transition-timing-function: ease; transition-duration: 1.5s; transition-delay: 0.231579s;\"><strong>C\u00e1ch d\u00f9ng:<\/strong> Ng\u00e0y u\u1ed1ng 3 l\u1ea7n, m\u1ed7i l\u1ea7n 3-4 vi\u00ean.<\/p>\n<p class=\"preFade\" style=\"transition-timing-function: ease; transition-duration: 1.5s; transition-delay: 0.242105s;\"><strong>Ki\u00eang c\u1eef:<\/strong> Th\u1ecbt b\u00f2, t\u00f4m, t\u00e9p, x\u00f4i, th\u1ee9c \u0103n chi\u00ean, n\u01b0\u1edbng, gia v\u1ecb cay n\u00f3ng.<\/p>","protected":false},"excerpt":{"rendered":"<p>T\u00e1c d\u1ee5ng: Thanh can, ti\u00eau \u0111\u1ed9c, c\u1ea3i thi\u1ec7n da m\u1eb7t n\u1ed5i m\u1ee5n, vi\u00eam nang l\u00f4ng. Th\u00e0nh ph\u1ea7n: Kim ng\u00e2n hoa, Ho\u00e0ng k\u1ef3, \u0110\u01b0\u01a1ng qui, Li\u00ean ki\u1ec1u, Nga tru\u1eadt&#8230; C\u00e1ch d\u00f9ng: Ng\u00e0y u\u1ed1ng 3 l\u1ea7n, m\u1ed7i l\u1ea7n 3-4 vi\u00ean. Ki\u00eang c\u1eef: Th\u1ecbt b\u00f2, t\u00f4m, t\u00e9p, x\u00f4i, th\u1ee9c \u0103n chi\u00ean, n\u01b0\u1edbng, gia v\u1ecb cay n\u00f3ng.<\/p>","protected":false},"featured_media":1738,"comment_status":"closed","ping_status":"open","template":"","meta":[],"_links":{"self":[{"href":"https:\/\/the1011.com\/en\/wp-json\/wp\/v2\/product\/1973"}],"collection":[{"href":"https:\/\/the1011.com\/en\/wp-json\/wp\/v2\/product"}],"about":[{"href":"https:\/\/the1011.com\/en\/wp-json\/wp\/v2\/types\/product"}],"replies":[{"embeddable":true,"href":"https:\/\/the1011.com\/en\/wp-json\/wp\/v2\/comments?post=1973"}],"wp:featuredmedia":[{"embeddable":true,"href":"https:\/\/the1011.com\/en\/wp-json\/wp\/v2\/media\/1738"}],"wp:attachment":[{"href":"https:\/\/the1011.com\/en\/wp-json\/wp\/v2\/media?parent=1973"}],"curies":[{"name":"wp","href":"https:\/\/api.w.org\/{rel}","templated":true}]}}